{"id":6308,"date":"2026-04-04T17:57:08","date_gmt":"2026-04-04T15:57:08","guid":{"rendered":"https:\/\/clonsuizo.com\/?post_type=product&#038;p=6308"},"modified":"2026-04-19T07:15:27","modified_gmt":"2026-04-19T05:15:27","slug":"rolex-yacht-master-m226627-0001-titanium-size-42mm","status":"publish","type":"product","link":"https:\/\/clonsuizo.com\/?product=rolex-yacht-master-m226627-0001-titanium-size-42mm","title":{"rendered":"Rolex Yacht Master M226627-0001 Titanium Size 42mm"},"content":{"rendered":"<p class=\"font-claude-response-body break-words whitespace-normal leading-[1.7]\"><strong>Rolex Yacht-Master 42 RLX Titanium Black Dial \u2013 Ref. 226627<\/strong> <em>R\u00e9plica Suiza 1:1 en titanio con pulsera Oyster integrada<\/em><\/p>\n<p class=\"font-claude-response-body break-words whitespace-normal leading-[1.7]\">El Yacht-Master 42 en titanio RLX es uno de los modelos m\u00e1s exclusivos y ligeros de la colecci\u00f3n Rolex. Primer Yacht-Master fabricado \u00edntegramente en titanio de grado 5, combina resistencia extrema con una ligereza sorprendente. Su est\u00e9tica oscura, sobria y deportiva lo convierte en un reloj de alto impacto para quien busca algo fuera de lo com\u00fan.<\/p>\n<p class=\"font-claude-response-body break-words whitespace-normal leading-[1.7]\"><strong>Caracter\u00edsticas:<\/strong><\/p>\n<ul class=\"[li_&amp;]:mb-0 [li_&amp;]:mt-1 [li_&amp;]:gap-1 [&amp;:not(:last-child)_ul]:pb-1 [&amp;:not(:last-child)_ol]:pb-1 list-disc flex flex-col gap-1 pl-8 mb-3\">\n<li class=\"whitespace-normal break-words pl-2\"><strong>Caja:<\/strong> 42 mm, titanio RLX (grado 5), acabado satinado con superficies pulidas y cepilladas<\/li>\n<li class=\"whitespace-normal break-words pl-2\"><strong>Cristal:<\/strong> Zafiro con lente Cyclops<\/li>\n<li class=\"whitespace-normal break-words pl-2\"><strong>Grabado l\u00e1ser<\/strong> en el cristal a la altura del \u00edndice de las 6 (corona Rolex)<\/li>\n<li class=\"whitespace-normal break-words pl-2\"><strong>Movimiento:<\/strong> Autom\u00e1tico clonado Cal. 3235<\/li>\n<li class=\"whitespace-normal break-words pl-2\"><strong>Reserva de marcha:<\/strong> 70 horas<\/li>\n<li class=\"whitespace-normal break-words pl-2\"><strong>Funciones:<\/strong> Hora, minutos, segundero y fecha instant\u00e1nea con ajuste r\u00e1pido<\/li>\n<li class=\"whitespace-normal break-words pl-2\"><strong>Dial:<\/strong> Negro intenso (lacado) con \u00edndices y agujas luminiscentes Chromalight (brillo azulado)<\/li>\n<li class=\"whitespace-normal break-words pl-2\"><strong>Bisel:<\/strong> Cer\u00e1mica negra mate bidireccional graduada 60 minutos, numerales en relieve pulido<\/li>\n<li class=\"whitespace-normal break-words pl-2\"><strong>Pulsera:<\/strong> Oyster en titanio, tres eslabones s\u00f3lidos<\/li>\n<li class=\"whitespace-normal break-words pl-2\"><strong>Cierre:<\/strong> Oysterlock con extensi\u00f3n Easylink (+5 mm de ajuste)<\/li>\n<li class=\"whitespace-normal break-words pl-2\"><strong>Hermeticidad:<\/strong> 100 metros<\/li>\n<\/ul>\n<hr class=\"border-border-200 border-t-0.5 my-3 mx-1.5\" \/>\n<p class=\"font-claude-response-body break-words whitespace-normal leading-[1.7]\"><strong>Calidades Disponibles:<\/strong><\/p>\n<p class=\"font-claude-response-body break-words whitespace-normal leading-[1.7]\"><strong>AAA+:<\/strong> Titanio\/acero aleaci\u00f3n baja, cristal de zafiro, 21,600 alternancias, movimiento b\u00e1sico (no recomendable, sin reparaci\u00f3n).<\/p>\n<p class=\"font-claude-response-body break-words whitespace-normal leading-[1.7]\"><strong>CLON:<\/strong> Titanio\/acero aleaci\u00f3n media, cristal de zafiro, Miyota super (Japon\u00e9s, gama alta), 21,600 alternancias, funcionamiento fiable (reparable).<\/p>\n<p class=\"font-claude-response-body break-words whitespace-normal leading-[1.7]\"><strong>SUPERCLON:<\/strong> Titanio grado 5 alta calidad, cristal de zafiro, maquinaria suiza completamente replicada del original (Cal. 3235), 28,800 alternancias, funcionamiento id\u00e9ntico al original (reparable).<\/p>\n<hr class=\"border-border-200 border-t-0.5 my-3 mx-1.5\" \/>\n<p class=\"font-claude-response-body break-words whitespace-normal leading-[1.7]\"><strong>\u00bfPor qu\u00e9 elegir este modelo?<\/strong> \u26ab El \u00fanico Yacht-Master \u00edntegramente en titanio \ud83e\udeb6 Ultraligero \u2014 se siente diferente en la mu\u00f1eca desde el primer momento \ud83d\udd25 Bisel negro cer\u00e1mico + dial oscuro = combinaci\u00f3n brutal \ud83d\udc8e Modelo exclusivo y muy codiciado por coleccionistas<\/p>\n<hr class=\"border-border-200 border-t-0.5 my-3 mx-1.5\" \/>\n<p class=\"font-claude-response-body break-words whitespace-normal leading-[1.7]\">\ud83d\ude80 <strong>Env\u00edo Seguro + Garant\u00eda Incluida<\/strong><\/p>\n<ul class=\"[li_&amp;]:mb-0 [li_&amp;]:mt-1 [li_&amp;]:gap-1 [&amp;:not(:last-child)_ul]:pb-1 [&amp;:not(:last-child)_ol]:pb-1 list-disc flex flex-col gap-1 pl-8 mb-3\">\n<li class=\"whitespace-normal break-words pl-2\">Env\u00edo internacional con seguimiento<\/li>\n<li class=\"whitespace-normal break-words pl-2\">Garant\u00eda de 30 d\u00edas por defectos de f\u00e1brica<\/li>\n<li class=\"whitespace-normal break-words pl-2\">Soporte 24\/7 v\u00eda WhatsApp<\/li>\n<li class=\"whitespace-normal break-words pl-2\">Pagos seguros con cifrado SSL<\/li>\n<\/ul>\n<p class=\"font-claude-response-body break-words whitespace-normal leading-[1.7]\">\ud83d\udc8e <em>El Yacht-Master m\u00e1s t\u00e9cnico y ligero que Rolex ha creado \u2014 ahora en r\u00e9plica 1:1.<\/em><\/p>\n","protected":false},"excerpt":{"rendered":"<p>Rolex Yacht-Master 42 RLX Titanium Black Dial \u2013 Ref. 226627 R\u00e9plica Suiza 1:1 en titanio con pulsera Oyster integrada El Yacht-Master 42 en titanio RLX es uno de los modelos m\u00e1s exclusivos y ligeros de la colecci\u00f3n Rolex. Primer Yacht-Master fabricado \u00edntegramente en titanio de grado 5, combina resistencia extrema con una ligereza sorprendente. Su [&hellip;]<\/p>\n","protected":false},"featured_media":6316,"template":"","meta":{"_acf_changed":false,"om_disable_all_campaigns":false,"_uag_custom_page_level_css":"","_monsterinsights_skip_tracking":false,"_monsterinsights_sitenote_active":false,"_monsterinsights_sitenote_note":"","_monsterinsights_sitenote_category":0,"site-sidebar-layout":"default","site-content-layout":"","ast-site-content-layout":"default","site-content-style":"default","site-sidebar-style":"default","ast-global-header-display":"","ast-banner-title-visibility":"","ast-main-header-display":"","ast-hfb-above-header-display":"","ast-hfb-below-header-display":"","ast-hfb-mobile-header-display":"","site-post-title":"","ast-breadcrumbs-content":"","ast-featured-img":"","footer-sml-layout":"","ast-disable-related-posts":"","theme-transparent-header-meta":"default","adv-header-id-meta":"","stick-header-meta":"","header-above-stick-meta":"","header-main-stick-meta":"","header-below-stick-meta":"","astra-migrate-meta-layouts":"set","ast-page-background-enabled":"default","ast-page-background-meta":{"desktop":{"background-color":"var(--ast-global-color-4)","background-image":"","background-repeat":"repeat","background-position":"center center","background-size":"auto","background-attachment":"scroll","background-type":"","background-media":"","overlay-type":"","overlay-color":"","overlay-opacity":"","overlay-gradient":""},"tablet":{"background-color":"","background-image":"","background-repeat":"repeat","background-position":"center center","background-size":"auto","background-attachment":"scroll","background-type":"","background-media":"","overlay-type":"","overlay-color":"","overlay-opacity":"","overlay-gradient":""},"mobile":{"background-color":"","background-image":"","background-repeat":"repeat","background-position":"center center","background-size":"auto","background-attachment":"scroll","background-type":"","background-media":"","overlay-type":"","overlay-color":"","overlay-opacity":"","overlay-gradient":""}},"ast-content-background-meta":{"desktop":{"background-color":"var(--ast-global-color-5)","background-image":"","background-repeat":"repeat","background-position":"center center","background-size":"auto","background-attachment":"scroll","background-type":"","background-media":"","overlay-type":"","overlay-color":"","overlay-opacity":"","overlay-gradient":""},"tablet":{"background-color":"var(--ast-global-color-5)","background-image":"","background-repeat":"repeat","background-position":"center center","background-size":"auto","background-attachment":"scroll","background-type":"","background-media":"","overlay-type":"","overlay-color":"","overlay-opacity":"","overlay-gradient":""},"mobile":{"background-color":"var(--ast-global-color-5)","background-image":"","background-repeat":"repeat","background-position":"center center","background-size":"auto","background-attachment":"scroll","background-type":"","background-media":"","overlay-type":"","overlay-color":"","overlay-opacity":"","overlay-gradient":""}}},"product_brand":[],"product_cat":[27],"product_tag":[],"class_list":{"0":"post-6308","1":"product","2":"type-product","3":"status-publish","4":"has-post-thumbnail","6":"product_cat-rolex","7":"desktop-align-left","8":"tablet-align-left","9":"mobile-align-left","11":"first","12":"instock","13":"shipping-taxable","14":"purchasable","15":"product-type-variable"},"acf":[],"uagb_featured_image_src":{"full":["https:\/\/clonsuizo.com\/wp-content\/uploads\/2026\/04\/AR-Factory-Rolex-Milgauss-M116400GV-0001-Black-Dial-2026-04-04T105316.607.png",4096,4096,false],"thumbnail":["https:\/\/clonsuizo.com\/wp-content\/uploads\/2026\/04\/AR-Factory-Rolex-Milgauss-M116400GV-0001-Black-Dial-2026-04-04T105316.607-150x150.png",150,150,true],"medium":["https:\/\/clonsuizo.com\/wp-content\/uploads\/2026\/04\/AR-Factory-Rolex-Milgauss-M116400GV-0001-Black-Dial-2026-04-04T105316.607-300x300.png",300,300,true],"medium_large":["https:\/\/clonsuizo.com\/wp-content\/uploads\/2026\/04\/AR-Factory-Rolex-Milgauss-M116400GV-0001-Black-Dial-2026-04-04T105316.607-768x768.png",768,768,true],"large":["https:\/\/clonsuizo.com\/wp-content\/uploads\/2026\/04\/AR-Factory-Rolex-Milgauss-M116400GV-0001-Black-Dial-2026-04-04T105316.607-1024x1024.png",1024,1024,true],"1536x1536":["https:\/\/clonsuizo.com\/wp-content\/uploads\/2026\/04\/AR-Factory-Rolex-Milgauss-M116400GV-0001-Black-Dial-2026-04-04T105316.607-1536x1536.png",1536,1536,true],"2048x2048":["https:\/\/clonsuizo.com\/wp-content\/uploads\/2026\/04\/AR-Factory-Rolex-Milgauss-M116400GV-0001-Black-Dial-2026-04-04T105316.607-2048x2048.png",2048,2048,true],"mailpoet_newsletter_max":["https:\/\/clonsuizo.com\/wp-content\/uploads\/2026\/04\/AR-Factory-Rolex-Milgauss-M116400GV-0001-Black-Dial-2026-04-04T105316.607-1320x1320.png",1320,1320,true],"woocommerce_thumbnail":["https:\/\/clonsuizo.com\/wp-content\/uploads\/2026\/04\/AR-Factory-Rolex-Milgauss-M116400GV-0001-Black-Dial-2026-04-04T105316.607-420x420.png",420,420,true],"woocommerce_single":["https:\/\/clonsuizo.com\/wp-content\/uploads\/2026\/04\/AR-Factory-Rolex-Milgauss-M116400GV-0001-Black-Dial-2026-04-04T105316.607-380x380.png",380,380,true],"woocommerce_gallery_thumbnail":["https:\/\/clonsuizo.com\/wp-content\/uploads\/2026\/04\/AR-Factory-Rolex-Milgauss-M116400GV-0001-Black-Dial-2026-04-04T105316.607-100x100.png",100,100,true],"variation_swatches_image_size":["https:\/\/clonsuizo.com\/wp-content\/uploads\/2026\/04\/AR-Factory-Rolex-Milgauss-M116400GV-0001-Black-Dial-2026-04-04T105316.607-50x50.png",50,50,true],"variation_swatches_tooltip_size":["https:\/\/clonsuizo.com\/wp-content\/uploads\/2026\/04\/AR-Factory-Rolex-Milgauss-M116400GV-0001-Black-Dial-2026-04-04T105316.607-100x100.png",100,100,true]},"uagb_author_info":{"display_name":"clonsuizo.com","author_link":"https:\/\/clonsuizo.com\/?author=0"},"uagb_comment_info":0,"uagb_excerpt":"Rolex Yacht-Master 42 RLX Titanium Black Dial \u2013 Ref. 226627 R\u00e9plica Suiza 1:1 en titanio con pulsera Oyster integrada El Yacht-Master 42 en titanio RLX es uno de los modelos m\u00e1s exclusivos y ligeros de la colecci\u00f3n Rolex. Primer Yacht-Master fabricado \u00edntegramente en titanio de grado 5, combina resistencia extrema con una ligereza sorprendente. Su&hellip;","_links":{"self":[{"href":"https:\/\/clonsuizo.com\/index.php?rest_route=\/wp\/v2\/product\/6308","targetHints":{"allow":["GET"]}}],"collection":[{"href":"https:\/\/clonsuizo.com\/index.php?rest_route=\/wp\/v2\/product"}],"about":[{"href":"https:\/\/clonsuizo.com\/index.php?rest_route=\/wp\/v2\/types\/product"}],"version-history":[{"count":2,"href":"https:\/\/clonsuizo.com\/index.php?rest_route=\/wp\/v2\/product\/6308\/revisions"}],"predecessor-version":[{"id":6570,"href":"https:\/\/clonsuizo.com\/index.php?rest_route=\/wp\/v2\/product\/6308\/revisions\/6570"}],"wp:featuredmedia":[{"embeddable":true,"href":"https:\/\/clonsuizo.com\/index.php?rest_route=\/wp\/v2\/media\/6316"}],"wp:attachment":[{"href":"https:\/\/clonsuizo.com\/index.php?rest_route=%2Fwp%2Fv2%2Fmedia&parent=6308"}],"wp:term":[{"taxonomy":"product_brand","embeddable":true,"href":"https:\/\/clonsuizo.com\/index.php?rest_route=%2Fwp%2Fv2%2Fproduct_brand&post=6308"},{"taxonomy":"product_cat","embeddable":true,"href":"https:\/\/clonsuizo.com\/index.php?rest_route=%2Fwp%2Fv2%2Fproduct_cat&post=6308"},{"taxonomy":"product_tag","embeddable":true,"href":"https:\/\/clonsuizo.com\/index.php?rest_route=%2Fwp%2Fv2%2Fproduct_tag&post=6308"}],"curies":[{"name":"wp","href":"https:\/\/api.w.org\/{rel}","templated":true}]}}