{"id":6130,"date":"2026-03-31T02:40:39","date_gmt":"2026-03-31T00:40:39","guid":{"rendered":"https:\/\/clonsuizo.com\/?post_type=product&#038;p=6130"},"modified":"2026-04-19T07:24:12","modified_gmt":"2026-04-19T05:24:12","slug":"rolex-milgauss-m116400gv-0002-blue-dial","status":"publish","type":"product","link":"https:\/\/clonsuizo.com\/?product=rolex-milgauss-m116400gv-0002-blue-dial","title":{"rendered":"Rolex Milgauss M116400gv-0002 Blue Dial"},"content":{"rendered":"<div class=\"flex flex-col gap-1.5 max-w-[85%]\" data-lov-id=\"src\/components\/InlineChatMessage.tsx:288:12\" data-lov-name=\"div\" data-component-path=\"src\/components\/InlineChatMessage.tsx\" data-component-line=\"288\" data-component-file=\"InlineChatMessage.tsx\" data-component-name=\"div\" data-component-content=\"%7B%22className%22%3A%22flex%20flex-col%20gap-1.5%20max-w-%5B85%25%5D%22%7D\">\n<div class=\"text-foreground\" data-lov-id=\"src\/components\/InlineChatMessage.tsx:289:14\" data-lov-name=\"div\" data-component-path=\"src\/components\/InlineChatMessage.tsx\" data-component-line=\"289\" data-component-file=\"InlineChatMessage.tsx\" data-component-name=\"div\" data-component-content=\"%7B%22className%22%3A%22text-foreground%22%7D\">\n<div class=\"flex flex-col gap-1\" data-lov-id=\"src\/components\/InlineChatMessage.tsx:313:18\" data-lov-name=\"div\" data-component-path=\"src\/components\/InlineChatMessage.tsx\" data-component-line=\"313\" data-component-file=\"InlineChatMessage.tsx\" data-component-name=\"div\" data-component-content=\"%7B%22className%22%3A%22flex%20flex-col%20gap-1%22%7D\">\n<div class=\"prose prose-base prose-invert max-w-none text-base leading-relaxed [&amp;_p]:mb-2 [&amp;_p:last-child]:mb-0\" data-lov-id=\"src\/components\/InlineChatMessage.tsx:322:20\" data-lov-name=\"div\" data-component-path=\"src\/components\/InlineChatMessage.tsx\" data-component-line=\"322\" data-component-file=\"InlineChatMessage.tsx\" data-component-name=\"div\" data-component-content=\"%7B%7D\">\n<h1>Rolex Milgauss Blue Dial Green Sapphire \u2013 Ref. 116400GV<\/h1>\n<p class=\"mb-2 last:mb-0\" data-lov-id=\"src\/components\/InlineChatMessage.tsx:327:51\" data-lov-name=\"p\" data-component-path=\"src\/components\/InlineChatMessage.tsx\" data-component-line=\"327\" data-component-file=\"InlineChatMessage.tsx\" data-component-name=\"p\" data-component-content=\"%7B%22className%22%3A%22mb-2%20last%3Amb-0%22%7D\"><strong class=\"font-bold\" data-lov-id=\"src\/components\/InlineChatMessage.tsx:328:56\" data-lov-name=\"strong\" data-component-path=\"src\/components\/InlineChatMessage.tsx\" data-component-line=\"328\" data-component-file=\"InlineChatMessage.tsx\" data-component-name=\"strong\" data-component-content=\"%7B%22className%22%3A%22font-bold%22%7D\">R\u00e9plica Suiza 1:1 en acero 904L con cristal de zafiro verde exclusivo<\/strong><\/p>\n<hr \/>\n<p class=\"mb-2 last:mb-0\" data-lov-id=\"src\/components\/InlineChatMessage.tsx:327:51\" data-lov-name=\"p\" data-component-path=\"src\/components\/InlineChatMessage.tsx\" data-component-line=\"327\" data-component-file=\"InlineChatMessage.tsx\" data-component-name=\"p\" data-component-content=\"%7B%22className%22%3A%22mb-2%20last%3Amb-0%22%7D\">El Milgauss es uno de los modelos m\u00e1s singulares y reconocibles de Rolex. Dise\u00f1ado originalmente para cient\u00edficos e ingenieros expuestos a campos magn\u00e9ticos, destaca por su cristal de zafiro verde \u2014 \u00fanico en toda la colecci\u00f3n Rolex \u2014, su ic\u00f3nica aguja de segundos en forma de rayo naranja y su esfera azul el\u00e9ctrico con un acabado vibrante e inconfundible.<\/p>\n<p class=\"mb-2 last:mb-0\" data-lov-id=\"src\/components\/InlineChatMessage.tsx:327:51\" data-lov-name=\"p\" data-component-path=\"src\/components\/InlineChatMessage.tsx\" data-component-line=\"327\" data-component-file=\"InlineChatMessage.tsx\" data-component-name=\"p\" data-component-content=\"%7B%22className%22%3A%22mb-2%20last%3Amb-0%22%7D\">Un reloj con personalidad propia que rompe con la est\u00e9tica cl\u00e1sica de Rolex y se ha convertido en una pieza de culto entre coleccionistas y amantes de la relojer\u00eda.<\/p>\n<hr \/>\n<h2>Caracter\u00edsticas:<\/h2>\n<ul>\n<li><strong class=\"font-bold\" data-lov-id=\"src\/components\/InlineChatMessage.tsx:328:56\" data-lov-name=\"strong\" data-component-path=\"src\/components\/InlineChatMessage.tsx\" data-component-line=\"328\" data-component-file=\"InlineChatMessage.tsx\" data-component-name=\"strong\" data-component-content=\"%7B%22className%22%3A%22font-bold%22%7D\">Caja:<\/strong>\u00a040 mm, acero 904L con acabado pulido\/cepillado<\/li>\n<li><strong class=\"font-bold\" data-lov-id=\"src\/components\/InlineChatMessage.tsx:328:56\" data-lov-name=\"strong\" data-component-path=\"src\/components\/InlineChatMessage.tsx\" data-component-line=\"328\" data-component-file=\"InlineChatMessage.tsx\" data-component-name=\"strong\" data-component-content=\"%7B%22className%22%3A%22font-bold%22%7D\">Cristal:<\/strong>\u00a0Zafiro verde (Green Sapphire), exclusivo del Milgauss<\/li>\n<li><strong class=\"font-bold\" data-lov-id=\"src\/components\/InlineChatMessage.tsx:328:56\" data-lov-name=\"strong\" data-component-path=\"src\/components\/InlineChatMessage.tsx\" data-component-line=\"328\" data-component-file=\"InlineChatMessage.tsx\" data-component-name=\"strong\" data-component-content=\"%7B%22className%22%3A%22font-bold%22%7D\">Grabado l\u00e1ser en el cristal<\/strong>\u00a0a la altura del \u00edndice de las 6 (corona Rolex)<\/li>\n<li><strong class=\"font-bold\" data-lov-id=\"src\/components\/InlineChatMessage.tsx:328:56\" data-lov-name=\"strong\" data-component-path=\"src\/components\/InlineChatMessage.tsx\" data-component-line=\"328\" data-component-file=\"InlineChatMessage.tsx\" data-component-name=\"strong\" data-component-content=\"%7B%22className%22%3A%22font-bold%22%7D\">Movimiento:<\/strong>\u00a0Autom\u00e1tico clonado<\/li>\n<li><strong class=\"font-bold\" data-lov-id=\"src\/components\/InlineChatMessage.tsx:328:56\" data-lov-name=\"strong\" data-component-path=\"src\/components\/InlineChatMessage.tsx\" data-component-line=\"328\" data-component-file=\"InlineChatMessage.tsx\" data-component-name=\"strong\" data-component-content=\"%7B%22className%22%3A%22font-bold%22%7D\">Funciones:<\/strong>\u00a0Hora, minutos y segundero<\/li>\n<li><strong class=\"font-bold\" data-lov-id=\"src\/components\/InlineChatMessage.tsx:328:56\" data-lov-name=\"strong\" data-component-path=\"src\/components\/InlineChatMessage.tsx\" data-component-line=\"328\" data-component-file=\"InlineChatMessage.tsx\" data-component-name=\"strong\" data-component-content=\"%7B%22className%22%3A%22font-bold%22%7D\">Dial:<\/strong>\u00a0Azul el\u00e9ctrico (Z-Blue) con acabado sunburst<\/li>\n<li><strong class=\"font-bold\" data-lov-id=\"src\/components\/InlineChatMessage.tsx:328:56\" data-lov-name=\"strong\" data-component-path=\"src\/components\/InlineChatMessage.tsx\" data-component-line=\"328\" data-component-file=\"InlineChatMessage.tsx\" data-component-name=\"strong\" data-component-content=\"%7B%22className%22%3A%22font-bold%22%7D\">Bisel:<\/strong>\u00a0Liso en acero 904L pulido<\/li>\n<li><strong class=\"font-bold\" data-lov-id=\"src\/components\/InlineChatMessage.tsx:328:56\" data-lov-name=\"strong\" data-component-path=\"src\/components\/InlineChatMessage.tsx\" data-component-line=\"328\" data-component-file=\"InlineChatMessage.tsx\" data-component-name=\"strong\" data-component-content=\"%7B%22className%22%3A%22font-bold%22%7D\">Agujas:<\/strong>\u00a0Tipo baton con lumen + aguja de segundos en forma de rayo naranja \u26a1<\/li>\n<li><strong class=\"font-bold\" data-lov-id=\"src\/components\/InlineChatMessage.tsx:328:56\" data-lov-name=\"strong\" data-component-path=\"src\/components\/InlineChatMessage.tsx\" data-component-line=\"328\" data-component-file=\"InlineChatMessage.tsx\" data-component-name=\"strong\" data-component-content=\"%7B%22className%22%3A%22font-bold%22%7D\">\u00cdndices:<\/strong>\u00a0Luminiscentes en tono naranja\/verde<\/li>\n<li><strong class=\"font-bold\" data-lov-id=\"src\/components\/InlineChatMessage.tsx:328:56\" data-lov-name=\"strong\" data-component-path=\"src\/components\/InlineChatMessage.tsx\" data-component-line=\"328\" data-component-file=\"InlineChatMessage.tsx\" data-component-name=\"strong\" data-component-content=\"%7B%22className%22%3A%22font-bold%22%7D\">Pulsera:<\/strong>\u00a0Oyster con cierre Oysterlock<\/li>\n<li><strong class=\"font-bold\" data-lov-id=\"src\/components\/InlineChatMessage.tsx:328:56\" data-lov-name=\"strong\" data-component-path=\"src\/components\/InlineChatMessage.tsx\" data-component-line=\"328\" data-component-file=\"InlineChatMessage.tsx\" data-component-name=\"strong\" data-component-content=\"%7B%22className%22%3A%22font-bold%22%7D\">Hermeticidad:<\/strong>\u00a0100 metros<\/li>\n<li><strong class=\"font-bold\" data-lov-id=\"src\/components\/InlineChatMessage.tsx:328:56\" data-lov-name=\"strong\" data-component-path=\"src\/components\/InlineChatMessage.tsx\" data-component-line=\"328\" data-component-file=\"InlineChatMessage.tsx\" data-component-name=\"strong\" data-component-content=\"%7B%22className%22%3A%22font-bold%22%7D\">Sin fecha<\/strong>\u00a0(fiel al original)<\/li>\n<\/ul>\n<hr \/>\n<h2>Calidades Disponibles:<\/h2>\n<p class=\"mb-2 last:mb-0\" data-lov-id=\"src\/components\/InlineChatMessage.tsx:327:51\" data-lov-name=\"p\" data-component-path=\"src\/components\/InlineChatMessage.tsx\" data-component-line=\"327\" data-component-file=\"InlineChatMessage.tsx\" data-component-name=\"p\" data-component-content=\"%7B%22className%22%3A%22mb-2%20last%3Amb-0%22%7D\"><strong class=\"font-bold\" data-lov-id=\"src\/components\/InlineChatMessage.tsx:328:56\" data-lov-name=\"strong\" data-component-path=\"src\/components\/InlineChatMessage.tsx\" data-component-line=\"328\" data-component-file=\"InlineChatMessage.tsx\" data-component-name=\"strong\" data-component-content=\"%7B%22className%22%3A%22font-bold%22%7D\">AAA+:<\/strong>\u00a0Acero 904L (aleaci\u00f3n baja), cristal de zafiro verde, 21,600 alternancias, movimiento b\u00e1sico con adaptadores (no recomendable, sin reparaci\u00f3n).<\/p>\n<p class=\"mb-2 last:mb-0\" data-lov-id=\"src\/components\/InlineChatMessage.tsx:327:51\" data-lov-name=\"p\" data-component-path=\"src\/components\/InlineChatMessage.tsx\" data-component-line=\"327\" data-component-file=\"InlineChatMessage.tsx\" data-component-name=\"p\" data-component-content=\"%7B%22className%22%3A%22mb-2%20last%3Amb-0%22%7D\"><strong class=\"font-bold\" data-lov-id=\"src\/components\/InlineChatMessage.tsx:328:56\" data-lov-name=\"strong\" data-component-path=\"src\/components\/InlineChatMessage.tsx\" data-component-line=\"328\" data-component-file=\"InlineChatMessage.tsx\" data-component-name=\"strong\" data-component-content=\"%7B%22className%22%3A%22font-bold%22%7D\">CLON:<\/strong>\u00a0Acero 904L (aleaci\u00f3n media), cristal de zafiro verde, Miyota super (Japon\u00e9s, gama alta de Miyota), 21,600 alternancias, funcionamiento fiable (reparable).<\/p>\n<p class=\"mb-2 last:mb-0\" data-lov-id=\"src\/components\/InlineChatMessage.tsx:327:51\" data-lov-name=\"p\" data-component-path=\"src\/components\/InlineChatMessage.tsx\" data-component-line=\"327\" data-component-file=\"InlineChatMessage.tsx\" data-component-name=\"p\" data-component-content=\"%7B%22className%22%3A%22mb-2%20last%3Amb-0%22%7D\"><strong class=\"font-bold\" data-lov-id=\"src\/components\/InlineChatMessage.tsx:328:56\" data-lov-name=\"strong\" data-component-path=\"src\/components\/InlineChatMessage.tsx\" data-component-line=\"328\" data-component-file=\"InlineChatMessage.tsx\" data-component-name=\"strong\" data-component-content=\"%7B%22className%22%3A%22font-bold%22%7D\">SUPERCLON:<\/strong>\u00a0Acero 904L (aleaci\u00f3n alta), cristal de zafiro verde, maquinaria suiza completamente replicada del original (Cal. 3131), 28,800 alternancias, funcionamiento id\u00e9ntico al original (reparable).<\/p>\n<hr \/>\n<h2>\u00bfPor qu\u00e9 elegir este modelo?<\/h2>\n<p class=\"mb-2 last:mb-0\" data-lov-id=\"src\/components\/InlineChatMessage.tsx:327:51\" data-lov-name=\"p\" data-component-path=\"src\/components\/InlineChatMessage.tsx\" data-component-line=\"327\" data-component-file=\"InlineChatMessage.tsx\" data-component-name=\"p\" data-component-content=\"%7B%22className%22%3A%22mb-2%20last%3Amb-0%22%7D\">\u26a1 Aguja de rayo naranja \u2014 icono absoluto del Milgauss \ud83d\udc9a Cristal verde exclusivo, \u00fanico en toda la gama Rolex \ud83d\udd35 Esfera azul el\u00e9ctrico vibrante y llamativa \ud83e\uddf2 Dise\u00f1o con historia y ADN cient\u00edfico \ud83d\udd25 Pieza de culto entre coleccionistas<\/p>\n<hr \/>\n<h2>\ud83d\ude80 Env\u00edo Seguro + Garant\u00eda Incluida<\/h2>\n<ul>\n<li>Env\u00edo internacional con seguimiento<\/li>\n<li>Garant\u00eda de 30 d\u00edas por defectos de f\u00e1brica<\/li>\n<li>Soporte 24\/7 v\u00eda WhatsApp<\/li>\n<li>Pagos seguros con cifrado SSL<\/li>\n<\/ul>\n<hr \/>\n<p class=\"mb-2 last:mb-0\" data-lov-id=\"src\/components\/InlineChatMessage.tsx:327:51\" data-lov-name=\"p\" data-component-path=\"src\/components\/InlineChatMessage.tsx\" data-component-line=\"327\" data-component-file=\"InlineChatMessage.tsx\" data-component-name=\"p\" data-component-content=\"%7B%22className%22%3A%22mb-2%20last%3Amb-0%22%7D\">\ud83d\udc9a\u26a1\u00a0<strong class=\"font-bold\" data-lov-id=\"src\/components\/InlineChatMessage.tsx:328:56\" data-lov-name=\"strong\" data-component-path=\"src\/components\/InlineChatMessage.tsx\" data-component-line=\"328\" data-component-file=\"InlineChatMessage.tsx\" data-component-name=\"strong\" data-component-content=\"%7B%22className%22%3A%22font-bold%22%7D\">El Rolex que desaf\u00eda las reglas \u2014 \u00fanico, atrevido y con car\u00e1cter propio.<\/strong><\/p>\n<\/div>\n<\/div>\n<\/div>\n<\/div>\n","protected":false},"excerpt":{"rendered":"<p>Rolex Milgauss Blue Dial Green Sapphire \u2013 Ref. 116400GV R\u00e9plica Suiza 1:1 en acero 904L con cristal de zafiro verde exclusivo El Milgauss es uno de los modelos m\u00e1s singulares y reconocibles de Rolex. Dise\u00f1ado originalmente para cient\u00edficos e ingenieros expuestos a campos magn\u00e9ticos, destaca por su cristal de zafiro verde \u2014 \u00fanico en toda [&hellip;]<\/p>\n","protected":false},"featured_media":6131,"template":"","meta":{"_acf_changed":false,"om_disable_all_campaigns":false,"_uag_custom_page_level_css":"","_monsterinsights_skip_tracking":false,"_monsterinsights_sitenote_active":false,"_monsterinsights_sitenote_note":"","_monsterinsights_sitenote_category":0,"site-sidebar-layout":"default","site-content-layout":"","ast-site-content-layout":"default","site-content-style":"default","site-sidebar-style":"default","ast-global-header-display":"","ast-banner-title-visibility":"","ast-main-header-display":"","ast-hfb-above-header-display":"","ast-hfb-below-header-display":"","ast-hfb-mobile-header-display":"","site-post-title":"","ast-breadcrumbs-content":"","ast-featured-img":"","footer-sml-layout":"","ast-disable-related-posts":"","theme-transparent-header-meta":"default","adv-header-id-meta":"","stick-header-meta":"","header-above-stick-meta":"","header-main-stick-meta":"","header-below-stick-meta":"","astra-migrate-meta-layouts":"set","ast-page-background-enabled":"default","ast-page-background-meta":{"desktop":{"background-color":"var(--ast-global-color-4)","background-image":"","background-repeat":"repeat","background-position":"center center","background-size":"auto","background-attachment":"scroll","background-type":"","background-media":"","overlay-type":"","overlay-color":"","overlay-opacity":"","overlay-gradient":""},"tablet":{"background-color":"","background-image":"","background-repeat":"repeat","background-position":"center center","background-size":"auto","background-attachment":"scroll","background-type":"","background-media":"","overlay-type":"","overlay-color":"","overlay-opacity":"","overlay-gradient":""},"mobile":{"background-color":"","background-image":"","background-repeat":"repeat","background-position":"center center","background-size":"auto","background-attachment":"scroll","background-type":"","background-media":"","overlay-type":"","overlay-color":"","overlay-opacity":"","overlay-gradient":""}},"ast-content-background-meta":{"desktop":{"background-color":"var(--ast-global-color-5)","background-image":"","background-repeat":"repeat","background-position":"center center","background-size":"auto","background-attachment":"scroll","background-type":"","background-media":"","overlay-type":"","overlay-color":"","overlay-opacity":"","overlay-gradient":""},"tablet":{"background-color":"var(--ast-global-color-5)","background-image":"","background-repeat":"repeat","background-position":"center center","background-size":"auto","background-attachment":"scroll","background-type":"","background-media":"","overlay-type":"","overlay-color":"","overlay-opacity":"","overlay-gradient":""},"mobile":{"background-color":"var(--ast-global-color-5)","background-image":"","background-repeat":"repeat","background-position":"center center","background-size":"auto","background-attachment":"scroll","background-type":"","background-media":"","overlay-type":"","overlay-color":"","overlay-opacity":"","overlay-gradient":""}}},"product_brand":[],"product_cat":[27],"product_tag":[],"class_list":{"0":"post-6130","1":"product","2":"type-product","3":"status-publish","4":"has-post-thumbnail","6":"product_cat-rolex","7":"desktop-align-left","8":"tablet-align-left","9":"mobile-align-left","11":"first","12":"instock","13":"shipping-taxable","14":"purchasable","15":"product-type-variable"},"acf":[],"uagb_featured_image_src":{"full":["https:\/\/clonsuizo.com\/wp-content\/uploads\/2026\/03\/AR-Factory-Rolex-Milgauss-M116400GV-0001-Black-Dial-7.png",4096,4096,false],"thumbnail":["https:\/\/clonsuizo.com\/wp-content\/uploads\/2026\/03\/AR-Factory-Rolex-Milgauss-M116400GV-0001-Black-Dial-7-150x150.png",150,150,true],"medium":["https:\/\/clonsuizo.com\/wp-content\/uploads\/2026\/03\/AR-Factory-Rolex-Milgauss-M116400GV-0001-Black-Dial-7-300x300.png",300,300,true],"medium_large":["https:\/\/clonsuizo.com\/wp-content\/uploads\/2026\/03\/AR-Factory-Rolex-Milgauss-M116400GV-0001-Black-Dial-7-768x768.png",768,768,true],"large":["https:\/\/clonsuizo.com\/wp-content\/uploads\/2026\/03\/AR-Factory-Rolex-Milgauss-M116400GV-0001-Black-Dial-7-1024x1024.png",1024,1024,true],"1536x1536":["https:\/\/clonsuizo.com\/wp-content\/uploads\/2026\/03\/AR-Factory-Rolex-Milgauss-M116400GV-0001-Black-Dial-7-1536x1536.png",1536,1536,true],"2048x2048":["https:\/\/clonsuizo.com\/wp-content\/uploads\/2026\/03\/AR-Factory-Rolex-Milgauss-M116400GV-0001-Black-Dial-7-2048x2048.png",2048,2048,true],"mailpoet_newsletter_max":["https:\/\/clonsuizo.com\/wp-content\/uploads\/2026\/03\/AR-Factory-Rolex-Milgauss-M116400GV-0001-Black-Dial-7-1320x1320.png",1320,1320,true],"woocommerce_thumbnail":["https:\/\/clonsuizo.com\/wp-content\/uploads\/2026\/03\/AR-Factory-Rolex-Milgauss-M116400GV-0001-Black-Dial-7-420x420.png",420,420,true],"woocommerce_single":["https:\/\/clonsuizo.com\/wp-content\/uploads\/2026\/03\/AR-Factory-Rolex-Milgauss-M116400GV-0001-Black-Dial-7-380x380.png",380,380,true],"woocommerce_gallery_thumbnail":["https:\/\/clonsuizo.com\/wp-content\/uploads\/2026\/03\/AR-Factory-Rolex-Milgauss-M116400GV-0001-Black-Dial-7-100x100.png",100,100,true],"variation_swatches_image_size":["https:\/\/clonsuizo.com\/wp-content\/uploads\/2026\/03\/AR-Factory-Rolex-Milgauss-M116400GV-0001-Black-Dial-7-50x50.png",50,50,true],"variation_swatches_tooltip_size":["https:\/\/clonsuizo.com\/wp-content\/uploads\/2026\/03\/AR-Factory-Rolex-Milgauss-M116400GV-0001-Black-Dial-7-100x100.png",100,100,true]},"uagb_author_info":{"display_name":"clonsuizo.com","author_link":"https:\/\/clonsuizo.com\/?author=0"},"uagb_comment_info":0,"uagb_excerpt":"Rolex Milgauss Blue Dial Green Sapphire \u2013 Ref. 116400GV R\u00e9plica Suiza 1:1 en acero 904L con cristal de zafiro verde exclusivo El Milgauss es uno de los modelos m\u00e1s singulares y reconocibles de Rolex. Dise\u00f1ado originalmente para cient\u00edficos e ingenieros expuestos a campos magn\u00e9ticos, destaca por su cristal de zafiro verde \u2014 \u00fanico en toda&hellip;","_links":{"self":[{"href":"https:\/\/clonsuizo.com\/index.php?rest_route=\/wp\/v2\/product\/6130","targetHints":{"allow":["GET"]}}],"collection":[{"href":"https:\/\/clonsuizo.com\/index.php?rest_route=\/wp\/v2\/product"}],"about":[{"href":"https:\/\/clonsuizo.com\/index.php?rest_route=\/wp\/v2\/types\/product"}],"version-history":[{"count":2,"href":"https:\/\/clonsuizo.com\/index.php?rest_route=\/wp\/v2\/product\/6130\/revisions"}],"predecessor-version":[{"id":6593,"href":"https:\/\/clonsuizo.com\/index.php?rest_route=\/wp\/v2\/product\/6130\/revisions\/6593"}],"wp:featuredmedia":[{"embeddable":true,"href":"https:\/\/clonsuizo.com\/index.php?rest_route=\/wp\/v2\/media\/6131"}],"wp:attachment":[{"href":"https:\/\/clonsuizo.com\/index.php?rest_route=%2Fwp%2Fv2%2Fmedia&parent=6130"}],"wp:term":[{"taxonomy":"product_brand","embeddable":true,"href":"https:\/\/clonsuizo.com\/index.php?rest_route=%2Fwp%2Fv2%2Fproduct_brand&post=6130"},{"taxonomy":"product_cat","embeddable":true,"href":"https:\/\/clonsuizo.com\/index.php?rest_route=%2Fwp%2Fv2%2Fproduct_cat&post=6130"},{"taxonomy":"product_tag","embeddable":true,"href":"https:\/\/clonsuizo.com\/index.php?rest_route=%2Fwp%2Fv2%2Fproduct_tag&post=6130"}],"curies":[{"name":"wp","href":"https:\/\/api.w.org\/{rel}","templated":true}]}}