{"id":6109,"date":"2026-03-26T16:41:17","date_gmt":"2026-03-26T15:41:17","guid":{"rendered":"https:\/\/clonsuizo.com\/?post_type=product&#038;p=6109"},"modified":"2026-04-19T07:24:41","modified_gmt":"2026-04-19T05:24:41","slug":"rolex-milgauss-m116400gv-0001-black-dial","status":"publish","type":"product","link":"https:\/\/clonsuizo.com\/?product=rolex-milgauss-m116400gv-0001-black-dial","title":{"rendered":"Rolex Milgauss M116400GV-0001 Black Dial"},"content":{"rendered":"<h1>Rolex Milgauss Black Dial Green Sapphire \u2013 Ref. 116400GV<\/h1>\n<p class=\"mb-2 last:mb-0\" data-lov-id=\"src\/components\/InlineChatMessage.tsx:327:51\" data-lov-name=\"p\" data-component-path=\"src\/components\/InlineChatMessage.tsx\" data-component-line=\"327\" data-component-file=\"InlineChatMessage.tsx\" data-component-name=\"p\" data-component-content=\"%7B%22className%22%3A%22mb-2%20last%3Amb-0%22%7D\"><strong class=\"font-bold\" data-lov-id=\"src\/components\/InlineChatMessage.tsx:328:56\" data-lov-name=\"strong\" data-component-path=\"src\/components\/InlineChatMessage.tsx\" data-component-line=\"328\" data-component-file=\"InlineChatMessage.tsx\" data-component-name=\"strong\" data-component-content=\"%7B%22className%22%3A%22font-bold%22%7D\">R\u00e9plica Suiza 1:1 en acero 904L con cristal de zafiro verde exclusivo<\/strong><\/p>\n<hr \/>\n<p class=\"mb-2 last:mb-0\" data-lov-id=\"src\/components\/InlineChatMessage.tsx:327:51\" data-lov-name=\"p\" data-component-path=\"src\/components\/InlineChatMessage.tsx\" data-component-line=\"327\" data-component-file=\"InlineChatMessage.tsx\" data-component-name=\"p\" data-component-content=\"%7B%22className%22%3A%22mb-2%20last%3Amb-0%22%7D\">La versi\u00f3n con esfera negra del Milgauss es la cara m\u00e1s sobria y elegante de este modelo tan especial. Mantiene todos los elementos ic\u00f3nicos \u2014 el cristal de zafiro verde, la aguja de segundos en forma de rayo naranja y el esp\u00edritu cient\u00edfico \u2014 pero con un car\u00e1cter m\u00e1s discreto y vers\u00e1til que su hermano de esfera azul.<\/p>\n<p class=\"mb-2 last:mb-0\" data-lov-id=\"src\/components\/InlineChatMessage.tsx:327:51\" data-lov-name=\"p\" data-component-path=\"src\/components\/InlineChatMessage.tsx\" data-component-line=\"327\" data-component-file=\"InlineChatMessage.tsx\" data-component-name=\"p\" data-component-content=\"%7B%22className%22%3A%22mb-2%20last%3Amb-0%22%7D\">Un reloj con una personalidad \u00fanica dentro de la colecci\u00f3n Rolex: lo suficientemente cl\u00e1sico para el d\u00eda a d\u00eda, pero con detalles que lo hacen inconfundible a primera vista.<\/p>\n<hr \/>\n<h2>Caracter\u00edsticas:<\/h2>\n<ul>\n<li><strong class=\"font-bold\" data-lov-id=\"src\/components\/InlineChatMessage.tsx:328:56\" data-lov-name=\"strong\" data-component-path=\"src\/components\/InlineChatMessage.tsx\" data-component-line=\"328\" data-component-file=\"InlineChatMessage.tsx\" data-component-name=\"strong\" data-component-content=\"%7B%22className%22%3A%22font-bold%22%7D\">Caja:<\/strong>\u00a040 mm, acero 904L con acabado pulido\/cepillado<\/li>\n<li><strong class=\"font-bold\" data-lov-id=\"src\/components\/InlineChatMessage.tsx:328:56\" data-lov-name=\"strong\" data-component-path=\"src\/components\/InlineChatMessage.tsx\" data-component-line=\"328\" data-component-file=\"InlineChatMessage.tsx\" data-component-name=\"strong\" data-component-content=\"%7B%22className%22%3A%22font-bold%22%7D\">Cristal:<\/strong>\u00a0Zafiro verde (Green Sapphire), exclusivo del Milgauss<\/li>\n<li><strong class=\"font-bold\" data-lov-id=\"src\/components\/InlineChatMessage.tsx:328:56\" data-lov-name=\"strong\" data-component-path=\"src\/components\/InlineChatMessage.tsx\" data-component-line=\"328\" data-component-file=\"InlineChatMessage.tsx\" data-component-name=\"strong\" data-component-content=\"%7B%22className%22%3A%22font-bold%22%7D\">Grabado l\u00e1ser en el cristal<\/strong>\u00a0a la altura del \u00edndice de las 6 (corona Rolex)<\/li>\n<li><strong class=\"font-bold\" data-lov-id=\"src\/components\/InlineChatMessage.tsx:328:56\" data-lov-name=\"strong\" data-component-path=\"src\/components\/InlineChatMessage.tsx\" data-component-line=\"328\" data-component-file=\"InlineChatMessage.tsx\" data-component-name=\"strong\" data-component-content=\"%7B%22className%22%3A%22font-bold%22%7D\">Movimiento:<\/strong>\u00a0Autom\u00e1tico clonado<\/li>\n<li><strong class=\"font-bold\" data-lov-id=\"src\/components\/InlineChatMessage.tsx:328:56\" data-lov-name=\"strong\" data-component-path=\"src\/components\/InlineChatMessage.tsx\" data-component-line=\"328\" data-component-file=\"InlineChatMessage.tsx\" data-component-name=\"strong\" data-component-content=\"%7B%22className%22%3A%22font-bold%22%7D\">Funciones:<\/strong>\u00a0Hora, minutos y segundero<\/li>\n<li><strong class=\"font-bold\" data-lov-id=\"src\/components\/InlineChatMessage.tsx:328:56\" data-lov-name=\"strong\" data-component-path=\"src\/components\/InlineChatMessage.tsx\" data-component-line=\"328\" data-component-file=\"InlineChatMessage.tsx\" data-component-name=\"strong\" data-component-content=\"%7B%22className%22%3A%22font-bold%22%7D\">Dial:<\/strong>\u00a0Negro con acabado liso\/satinado<\/li>\n<li><strong class=\"font-bold\" data-lov-id=\"src\/components\/InlineChatMessage.tsx:328:56\" data-lov-name=\"strong\" data-component-path=\"src\/components\/InlineChatMessage.tsx\" data-component-line=\"328\" data-component-file=\"InlineChatMessage.tsx\" data-component-name=\"strong\" data-component-content=\"%7B%22className%22%3A%22font-bold%22%7D\">Bisel:<\/strong>\u00a0Liso en acero 904L pulido<\/li>\n<li><strong class=\"font-bold\" data-lov-id=\"src\/components\/InlineChatMessage.tsx:328:56\" data-lov-name=\"strong\" data-component-path=\"src\/components\/InlineChatMessage.tsx\" data-component-line=\"328\" data-component-file=\"InlineChatMessage.tsx\" data-component-name=\"strong\" data-component-content=\"%7B%22className%22%3A%22font-bold%22%7D\">Agujas:<\/strong>\u00a0Tipo baton con lumen + aguja de segundos en forma de rayo naranja \u26a1<\/li>\n<li><strong class=\"font-bold\" data-lov-id=\"src\/components\/InlineChatMessage.tsx:328:56\" data-lov-name=\"strong\" data-component-path=\"src\/components\/InlineChatMessage.tsx\" data-component-line=\"328\" data-component-file=\"InlineChatMessage.tsx\" data-component-name=\"strong\" data-component-content=\"%7B%22className%22%3A%22font-bold%22%7D\">\u00cdndices:<\/strong>\u00a0Luminiscentes en tono naranja\/verde<\/li>\n<li><strong class=\"font-bold\" data-lov-id=\"src\/components\/InlineChatMessage.tsx:328:56\" data-lov-name=\"strong\" data-component-path=\"src\/components\/InlineChatMessage.tsx\" data-component-line=\"328\" data-component-file=\"InlineChatMessage.tsx\" data-component-name=\"strong\" data-component-content=\"%7B%22className%22%3A%22font-bold%22%7D\">Pulsera:<\/strong>\u00a0Oyster con cierre Oysterlock<\/li>\n<li><strong class=\"font-bold\" data-lov-id=\"src\/components\/InlineChatMessage.tsx:328:56\" data-lov-name=\"strong\" data-component-path=\"src\/components\/InlineChatMessage.tsx\" data-component-line=\"328\" data-component-file=\"InlineChatMessage.tsx\" data-component-name=\"strong\" data-component-content=\"%7B%22className%22%3A%22font-bold%22%7D\">Hermeticidad:<\/strong>\u00a0100 metros<\/li>\n<li><strong class=\"font-bold\" data-lov-id=\"src\/components\/InlineChatMessage.tsx:328:56\" data-lov-name=\"strong\" data-component-path=\"src\/components\/InlineChatMessage.tsx\" data-component-line=\"328\" data-component-file=\"InlineChatMessage.tsx\" data-component-name=\"strong\" data-component-content=\"%7B%22className%22%3A%22font-bold%22%7D\">Sin fecha<\/strong>\u00a0(fiel al original)<\/li>\n<\/ul>\n<hr \/>\n<h2>Calidades Disponibles:<\/h2>\n<p class=\"mb-2 last:mb-0\" data-lov-id=\"src\/components\/InlineChatMessage.tsx:327:51\" data-lov-name=\"p\" data-component-path=\"src\/components\/InlineChatMessage.tsx\" data-component-line=\"327\" data-component-file=\"InlineChatMessage.tsx\" data-component-name=\"p\" data-component-content=\"%7B%22className%22%3A%22mb-2%20last%3Amb-0%22%7D\"><strong class=\"font-bold\" data-lov-id=\"src\/components\/InlineChatMessage.tsx:328:56\" data-lov-name=\"strong\" data-component-path=\"src\/components\/InlineChatMessage.tsx\" data-component-line=\"328\" data-component-file=\"InlineChatMessage.tsx\" data-component-name=\"strong\" data-component-content=\"%7B%22className%22%3A%22font-bold%22%7D\">AAA+:<\/strong>\u00a0Acero 904L (aleaci\u00f3n baja), cristal de zafiro verde, 21,600 alternancias, movimiento b\u00e1sico con adaptadores (no recomendable, sin reparaci\u00f3n).<\/p>\n<p class=\"mb-2 last:mb-0\" data-lov-id=\"src\/components\/InlineChatMessage.tsx:327:51\" data-lov-name=\"p\" data-component-path=\"src\/components\/InlineChatMessage.tsx\" data-component-line=\"327\" data-component-file=\"InlineChatMessage.tsx\" data-component-name=\"p\" data-component-content=\"%7B%22className%22%3A%22mb-2%20last%3Amb-0%22%7D\"><strong class=\"font-bold\" data-lov-id=\"src\/components\/InlineChatMessage.tsx:328:56\" data-lov-name=\"strong\" data-component-path=\"src\/components\/InlineChatMessage.tsx\" data-component-line=\"328\" data-component-file=\"InlineChatMessage.tsx\" data-component-name=\"strong\" data-component-content=\"%7B%22className%22%3A%22font-bold%22%7D\">CLON:<\/strong>\u00a0Acero 904L (aleaci\u00f3n media), cristal de zafiro verde, Miyota super (Japon\u00e9s, gama alta de Miyota), 21,600 alternancias, funcionamiento fiable (reparable).<\/p>\n<p class=\"mb-2 last:mb-0\" data-lov-id=\"src\/components\/InlineChatMessage.tsx:327:51\" data-lov-name=\"p\" data-component-path=\"src\/components\/InlineChatMessage.tsx\" data-component-line=\"327\" data-component-file=\"InlineChatMessage.tsx\" data-component-name=\"p\" data-component-content=\"%7B%22className%22%3A%22mb-2%20last%3Amb-0%22%7D\"><strong class=\"font-bold\" data-lov-id=\"src\/components\/InlineChatMessage.tsx:328:56\" data-lov-name=\"strong\" data-component-path=\"src\/components\/InlineChatMessage.tsx\" data-component-line=\"328\" data-component-file=\"InlineChatMessage.tsx\" data-component-name=\"strong\" data-component-content=\"%7B%22className%22%3A%22font-bold%22%7D\">SUPERCLON:<\/strong>\u00a0Acero 904L (aleaci\u00f3n alta), cristal de zafiro verde, maquinaria suiza completamente replicada del original (Cal. 3131), 28,800 alternancias, funcionamiento id\u00e9ntico al original (reparable).<\/p>\n<hr \/>\n<h2>\u00bfPor qu\u00e9 elegir este modelo?<\/h2>\n<p class=\"mb-2 last:mb-0\" data-lov-id=\"src\/components\/InlineChatMessage.tsx:327:51\" data-lov-name=\"p\" data-component-path=\"src\/components\/InlineChatMessage.tsx\" data-component-line=\"327\" data-component-file=\"InlineChatMessage.tsx\" data-component-name=\"p\" data-component-content=\"%7B%22className%22%3A%22mb-2%20last%3Amb-0%22%7D\">\ud83d\udda4 Esfera negra elegante y vers\u00e1til para cualquier ocasi\u00f3n \ud83d\udc9a Cristal verde exclusivo que solo lleva el Milgauss \u26a1 Aguja de rayo naranja \u2014 sello inconfundible \ud83e\uddf2 Historia y ADN cient\u00edfico en cada detalle \ud83d\udc8e M\u00e1s discreto que el Z-Blue pero igual de especial<\/p>\n<hr \/>\n<h2>\ud83d\ude80 Env\u00edo Seguro + Garant\u00eda Incluida<\/h2>\n<ul>\n<li>Env\u00edo internacional con seguimiento<\/li>\n<li>Garant\u00eda de 30 d\u00edas por defectos de f\u00e1brica<\/li>\n<li>Soporte 24\/7 v\u00eda WhatsApp<\/li>\n<li>Pagos seguros con cifrado SSL<\/li>\n<\/ul>\n<hr \/>\n<p class=\"mb-2 last:mb-0\" data-lov-id=\"src\/components\/InlineChatMessage.tsx:327:51\" data-lov-name=\"p\" data-component-path=\"src\/components\/InlineChatMessage.tsx\" data-component-line=\"327\" data-component-file=\"InlineChatMessage.tsx\" data-component-name=\"p\" data-component-content=\"%7B%22className%22%3A%22mb-2%20last%3Amb-0%22%7D\">\ud83d\udda4\ud83d\udc9a\u00a0<strong class=\"font-bold\" data-lov-id=\"src\/components\/InlineChatMessage.tsx:328:56\" data-lov-name=\"strong\" data-component-path=\"src\/components\/InlineChatMessage.tsx\" data-component-line=\"328\" data-component-file=\"InlineChatMessage.tsx\" data-component-name=\"strong\" data-component-content=\"%7B%22className%22%3A%22font-bold%22%7D\">La elegancia discreta del Milgauss \u2014 mismo ADN rebelde, car\u00e1cter m\u00e1s sobrio.<\/strong><\/p>\n","protected":false},"excerpt":{"rendered":"<p>Rolex Milgauss Black Dial Green Sapphire \u2013 Ref. 116400GV R\u00e9plica Suiza 1:1 en acero 904L con cristal de zafiro verde exclusivo La versi\u00f3n con esfera negra del Milgauss es la cara m\u00e1s sobria y elegante de este modelo tan especial. Mantiene todos los elementos ic\u00f3nicos \u2014 el cristal de zafiro verde, la aguja de segundos [&hellip;]<\/p>\n","protected":false},"featured_media":6110,"template":"","meta":{"_acf_changed":false,"om_disable_all_campaigns":false,"_uag_custom_page_level_css":"","_monsterinsights_skip_tracking":false,"_monsterinsights_sitenote_active":false,"_monsterinsights_sitenote_note":"","_monsterinsights_sitenote_category":0,"site-sidebar-layout":"default","site-content-layout":"","ast-site-content-layout":"default","site-content-style":"default","site-sidebar-style":"default","ast-global-header-display":"","ast-banner-title-visibility":"","ast-main-header-display":"","ast-hfb-above-header-display":"","ast-hfb-below-header-display":"","ast-hfb-mobile-header-display":"","site-post-title":"","ast-breadcrumbs-content":"","ast-featured-img":"","footer-sml-layout":"","ast-disable-related-posts":"","theme-transparent-header-meta":"default","adv-header-id-meta":"","stick-header-meta":"","header-above-stick-meta":"","header-main-stick-meta":"","header-below-stick-meta":"","astra-migrate-meta-layouts":"set","ast-page-background-enabled":"default","ast-page-background-meta":{"desktop":{"background-color":"var(--ast-global-color-4)","background-image":"","background-repeat":"repeat","background-position":"center center","background-size":"auto","background-attachment":"scroll","background-type":"","background-media":"","overlay-type":"","overlay-color":"","overlay-opacity":"","overlay-gradient":""},"tablet":{"background-color":"","background-image":"","background-repeat":"repeat","background-position":"center center","background-size":"auto","background-attachment":"scroll","background-type":"","background-media":"","overlay-type":"","overlay-color":"","overlay-opacity":"","overlay-gradient":""},"mobile":{"background-color":"","background-image":"","background-repeat":"repeat","background-position":"center center","background-size":"auto","background-attachment":"scroll","background-type":"","background-media":"","overlay-type":"","overlay-color":"","overlay-opacity":"","overlay-gradient":""}},"ast-content-background-meta":{"desktop":{"background-color":"var(--ast-global-color-5)","background-image":"","background-repeat":"repeat","background-position":"center center","background-size":"auto","background-attachment":"scroll","background-type":"","background-media":"","overlay-type":"","overlay-color":"","overlay-opacity":"","overlay-gradient":""},"tablet":{"background-color":"var(--ast-global-color-5)","background-image":"","background-repeat":"repeat","background-position":"center center","background-size":"auto","background-attachment":"scroll","background-type":"","background-media":"","overlay-type":"","overlay-color":"","overlay-opacity":"","overlay-gradient":""},"mobile":{"background-color":"var(--ast-global-color-5)","background-image":"","background-repeat":"repeat","background-position":"center center","background-size":"auto","background-attachment":"scroll","background-type":"","background-media":"","overlay-type":"","overlay-color":"","overlay-opacity":"","overlay-gradient":""}}},"product_brand":[],"product_cat":[27],"product_tag":[],"class_list":{"0":"post-6109","1":"product","2":"type-product","3":"status-publish","4":"has-post-thumbnail","6":"product_cat-rolex","7":"desktop-align-left","8":"tablet-align-left","9":"mobile-align-left","11":"first","12":"instock","13":"shipping-taxable","14":"purchasable","15":"product-type-variable"},"acf":[],"uagb_featured_image_src":{"full":["https:\/\/clonsuizo.com\/wp-content\/uploads\/2026\/03\/AR-Factory-Rolex-Milgauss-M116400GV-0001-Black-Dial.png",4096,4096,false],"thumbnail":["https:\/\/clonsuizo.com\/wp-content\/uploads\/2026\/03\/AR-Factory-Rolex-Milgauss-M116400GV-0001-Black-Dial-150x150.png",150,150,true],"medium":["https:\/\/clonsuizo.com\/wp-content\/uploads\/2026\/03\/AR-Factory-Rolex-Milgauss-M116400GV-0001-Black-Dial-300x300.png",300,300,true],"medium_large":["https:\/\/clonsuizo.com\/wp-content\/uploads\/2026\/03\/AR-Factory-Rolex-Milgauss-M116400GV-0001-Black-Dial-768x768.png",768,768,true],"large":["https:\/\/clonsuizo.com\/wp-content\/uploads\/2026\/03\/AR-Factory-Rolex-Milgauss-M116400GV-0001-Black-Dial-1024x1024.png",1024,1024,true],"1536x1536":["https:\/\/clonsuizo.com\/wp-content\/uploads\/2026\/03\/AR-Factory-Rolex-Milgauss-M116400GV-0001-Black-Dial-1536x1536.png",1536,1536,true],"2048x2048":["https:\/\/clonsuizo.com\/wp-content\/uploads\/2026\/03\/AR-Factory-Rolex-Milgauss-M116400GV-0001-Black-Dial-2048x2048.png",2048,2048,true],"mailpoet_newsletter_max":["https:\/\/clonsuizo.com\/wp-content\/uploads\/2026\/03\/AR-Factory-Rolex-Milgauss-M116400GV-0001-Black-Dial-1320x1320.png",1320,1320,true],"woocommerce_thumbnail":["https:\/\/clonsuizo.com\/wp-content\/uploads\/2026\/03\/AR-Factory-Rolex-Milgauss-M116400GV-0001-Black-Dial-420x420.png",420,420,true],"woocommerce_single":["https:\/\/clonsuizo.com\/wp-content\/uploads\/2026\/03\/AR-Factory-Rolex-Milgauss-M116400GV-0001-Black-Dial-380x380.png",380,380,true],"woocommerce_gallery_thumbnail":["https:\/\/clonsuizo.com\/wp-content\/uploads\/2026\/03\/AR-Factory-Rolex-Milgauss-M116400GV-0001-Black-Dial-100x100.png",100,100,true],"variation_swatches_image_size":["https:\/\/clonsuizo.com\/wp-content\/uploads\/2026\/03\/AR-Factory-Rolex-Milgauss-M116400GV-0001-Black-Dial-50x50.png",50,50,true],"variation_swatches_tooltip_size":["https:\/\/clonsuizo.com\/wp-content\/uploads\/2026\/03\/AR-Factory-Rolex-Milgauss-M116400GV-0001-Black-Dial-100x100.png",100,100,true]},"uagb_author_info":{"display_name":"clonsuizo.com","author_link":"https:\/\/clonsuizo.com\/?author=0"},"uagb_comment_info":0,"uagb_excerpt":"Rolex Milgauss Black Dial Green Sapphire \u2013 Ref. 116400GV R\u00e9plica Suiza 1:1 en acero 904L con cristal de zafiro verde exclusivo La versi\u00f3n con esfera negra del Milgauss es la cara m\u00e1s sobria y elegante de este modelo tan especial. Mantiene todos los elementos ic\u00f3nicos \u2014 el cristal de zafiro verde, la aguja de segundos&hellip;","_links":{"self":[{"href":"https:\/\/clonsuizo.com\/index.php?rest_route=\/wp\/v2\/product\/6109","targetHints":{"allow":["GET"]}}],"collection":[{"href":"https:\/\/clonsuizo.com\/index.php?rest_route=\/wp\/v2\/product"}],"about":[{"href":"https:\/\/clonsuizo.com\/index.php?rest_route=\/wp\/v2\/types\/product"}],"version-history":[{"count":3,"href":"https:\/\/clonsuizo.com\/index.php?rest_route=\/wp\/v2\/product\/6109\/revisions"}],"predecessor-version":[{"id":6623,"href":"https:\/\/clonsuizo.com\/index.php?rest_route=\/wp\/v2\/product\/6109\/revisions\/6623"}],"wp:featuredmedia":[{"embeddable":true,"href":"https:\/\/clonsuizo.com\/index.php?rest_route=\/wp\/v2\/media\/6110"}],"wp:attachment":[{"href":"https:\/\/clonsuizo.com\/index.php?rest_route=%2Fwp%2Fv2%2Fmedia&parent=6109"}],"wp:term":[{"taxonomy":"product_brand","embeddable":true,"href":"https:\/\/clonsuizo.com\/index.php?rest_route=%2Fwp%2Fv2%2Fproduct_brand&post=6109"},{"taxonomy":"product_cat","embeddable":true,"href":"https:\/\/clonsuizo.com\/index.php?rest_route=%2Fwp%2Fv2%2Fproduct_cat&post=6109"},{"taxonomy":"product_tag","embeddable":true,"href":"https:\/\/clonsuizo.com\/index.php?rest_route=%2Fwp%2Fv2%2Fproduct_tag&post=6109"}],"curies":[{"name":"wp","href":"https:\/\/api.w.org\/{rel}","templated":true}]}}