{"id":5155,"date":"2025-05-16T21:29:31","date_gmt":"2025-05-16T19:29:31","guid":{"rendered":"https:\/\/clonsuizo.com\/?post_type=product&#038;p=5155"},"modified":"2026-03-22T22:12:07","modified_gmt":"2026-03-22T21:12:07","slug":"audemars-piguet-royal-oak-perpetual-calendar-ceramica-negra-41mm-ref-26579ce","status":"publish","type":"product","link":"https:\/\/clonsuizo.com\/?product=audemars-piguet-royal-oak-perpetual-calendar-ceramica-negra-41mm-ref-26579ce","title":{"rendered":"Audemars Piguet Royal Oak Perpetual Calendar Cer\u00e1mica Negra 41mm \u2013 Ref. 26579CE"},"content":{"rendered":"<div style=\"width: 1920px;\" class=\"wp-video\"><video class=\"wp-video-shortcode\" id=\"video-5155-1\" width=\"1920\" height=\"1080\" preload=\"metadata\" controls=\"controls\"><source type=\"video\/mp4\" src=\"https:\/\/clonsuizo.es\/wp-content\/uploads\/2025\/05\/CFW.169.mp4?_=1\" \/><a href=\"https:\/\/clonsuizo.es\/wp-content\/uploads\/2025\/05\/CFW.169.mp4\">https:\/\/clonsuizo.es\/wp-content\/uploads\/2025\/05\/CFW.169.mp4<\/a><\/video><\/div>\n<p data-start=\"120\" data-end=\"284\"><strong data-start=\"120\" data-end=\"195\">Audemars Piguet Royal Oak Perpetual Calendar Black Ceramic \u2013 Dial Negro<\/strong><br data-start=\"195\" data-end=\"198\" \/><em data-start=\"198\" data-end=\"282\">R\u00e9plica Suiza 1:1 en cer\u00e1mica negra de alta precisi\u00f3n (mismo acabado que original)<\/em><\/p>\n<p data-start=\"286\" data-end=\"477\">Una de las versiones m\u00e1s agresivas y exclusivas del Royal Oak Perpetual Calendar. Todo el conjunto en negro con acabado cer\u00e1mico, combinando discreci\u00f3n, lujo y la m\u00e1xima complejidad relojera.<\/p>\n<hr data-start=\"479\" data-end=\"482\" \/>\n<p data-start=\"484\" data-end=\"504\"><strong data-start=\"484\" data-end=\"504\">Caracter\u00edsticas:<\/strong><\/p>\n<ul data-start=\"506\" data-end=\"1166\">\n<li data-section-id=\"26u5gq\" data-start=\"506\" data-end=\"586\">Caja: 41 mm, cer\u00e1mica negra de alta resistencia (mismo acabado que original)<\/li>\n<li data-section-id=\"1vzw4x3\" data-start=\"587\" data-end=\"620\">Cristal: Zafiro antirreflejos<\/li>\n<li data-section-id=\"1fq5hql\" data-start=\"621\" data-end=\"697\"><strong data-start=\"623\" data-end=\"695\">Grabado l\u00e1ser en el cristal a la altura del \u00edndice de las 6 (corona)<\/strong><\/li>\n<li data-section-id=\"1lrwedh\" data-start=\"698\" data-end=\"752\">Movimiento: Autom\u00e1tico calendario perpetuo clonado<\/li>\n<li data-section-id=\"1msu4g0\" data-start=\"753\" data-end=\"841\">Funciones: Hora, minutos, d\u00eda, fecha, mes, fase lunar y calendario perpetuo completo<\/li>\n<li data-section-id=\"1cnn6x2\" data-start=\"842\" data-end=\"888\">Dial: Negro con patr\u00f3n \u201cGrande Tapisserie\u201d<\/li>\n<li data-section-id=\"9ni0wc\" data-start=\"889\" data-end=\"970\">Subdiales:\n<ul data-start=\"906\" data-end=\"970\">\n<li data-section-id=\"2sad09\" data-start=\"906\" data-end=\"926\">D\u00eda de la semana<\/li>\n<li data-section-id=\"16t2ipt\" data-start=\"929\" data-end=\"938\">Fecha<\/li>\n<li data-section-id=\"16vqhar\" data-start=\"941\" data-end=\"948\">Mes<\/li>\n<li data-section-id=\"d7lx6v\" data-start=\"951\" data-end=\"970\">Fase lunar real<\/li>\n<\/ul>\n<\/li>\n<li data-section-id=\"xj36ao\" data-start=\"971\" data-end=\"1042\">Bisel: Octogonal cepillado en cer\u00e1mica negra con tornillos visibles<\/li>\n<li data-section-id=\"5g4n8w\" data-start=\"1043\" data-end=\"1075\">Agujas: Tipo baton con lumen<\/li>\n<li data-section-id=\"1kjx71n\" data-start=\"1076\" data-end=\"1115\">Brazalete: Cer\u00e1mica negra integrada<\/li>\n<li data-section-id=\"ejrsml\" data-start=\"1116\" data-end=\"1138\">Cierre: Deployante<\/li>\n<li data-section-id=\"e4vemc\" data-start=\"1139\" data-end=\"1166\">Hermeticidad: 50 metros<\/li>\n<\/ul>\n<hr data-start=\"1168\" data-end=\"1171\" \/>\n<p data-start=\"1173\" data-end=\"1199\"><strong data-start=\"1173\" data-end=\"1199\">Calidades Disponibles:<\/strong><\/p>\n<p data-start=\"1201\" data-end=\"1502\"><strong data-start=\"1201\" data-end=\"1234\">SUPERCLON (\u00daNICA DISPONIBLE):<\/strong><br data-start=\"1234\" data-end=\"1237\" \/>Cer\u00e1mica de alta calidad, maquinaria replicada del original (calendario perpetuo completo),<br data-start=\"1328\" data-end=\"1331\" \/>28,800 alternancias, <strong data-start=\"1352\" data-end=\"1421\">todas las funciones completamente operativas (igual que original)<\/strong>,<br data-start=\"1422\" data-end=\"1425\" \/>incluyendo <strong data-start=\"1436\" data-end=\"1455\">fase lunar real<\/strong>, calendario autom\u00e1tico y totalmente reparable.<\/p>\n<hr data-start=\"1504\" data-end=\"1507\" \/>\n<p data-start=\"1509\" data-end=\"1737\"><strong data-start=\"1509\" data-end=\"1541\">\u00bfPor qu\u00e9 elegir este modelo?<\/strong><br data-start=\"1541\" data-end=\"1544\" \/>\u26ab Est\u00e9tica totalmente negra (stealth luxury)<br data-start=\"1588\" data-end=\"1591\" \/>\ud83e\udde0 M\u00e1xima complejidad relojera<br data-start=\"1621\" data-end=\"1624\" \/>\ud83c\udf19 Fase lunar real funcional<br data-start=\"1652\" data-end=\"1655\" \/>\u2699\ufe0f Calendario perpetuo completo<br data-start=\"1686\" data-end=\"1689\" \/>\ud83d\udc8e Pieza de colecci\u00f3n extremadamente exclusiva<\/p>\n<hr data-start=\"1739\" data-end=\"1742\" \/>\n<p data-start=\"1744\" data-end=\"1783\">\ud83d\ude80 <strong data-start=\"1747\" data-end=\"1783\">Env\u00edo Seguro + Garant\u00eda Incluida<\/strong><\/p>\n<ul data-start=\"1785\" data-end=\"1896\">\n<li data-section-id=\"1blalr5\" data-start=\"1785\" data-end=\"1824\">Env\u00edo internacional con seguimiento<\/li>\n<li data-section-id=\"k404j6\" data-start=\"1825\" data-end=\"1848\">Garant\u00eda de 30 d\u00edas<\/li>\n<li data-section-id=\"1i2jspg\" data-start=\"1849\" data-end=\"1878\">Soporte 24\/7 v\u00eda WhatsApp<\/li>\n<li data-section-id=\"w4ta14\" data-start=\"1879\" data-end=\"1896\">Pagos seguros<\/li>\n<\/ul>\n<hr data-start=\"1898\" data-end=\"1901\" \/>\n<p data-start=\"1903\" data-end=\"1988\" data-is-last-node=\"\" data-is-only-node=\"\">\ud83d\udd25 <strong data-start=\"1906\" data-end=\"1988\" data-is-last-node=\"\">Una bestia en negro: discreta por fuera, brutal por dentro. Solo en SUPERCLON.<\/strong><\/p>\n","protected":false},"excerpt":{"rendered":"<p>Audemars Piguet Royal Oak Perpetual Calendar Black Ceramic \u2013 Dial NegroR\u00e9plica Suiza 1:1 en cer\u00e1mica negra de alta precisi\u00f3n (mismo acabado que original) Una de las versiones m\u00e1s agresivas y exclusivas del Royal Oak Perpetual Calendar. Todo el conjunto en negro con acabado cer\u00e1mico, combinando discreci\u00f3n, lujo y la m\u00e1xima complejidad relojera. Caracter\u00edsticas: Caja: 41 [&hellip;]<\/p>\n","protected":false},"featured_media":5320,"template":"","meta":{"_acf_changed":false,"om_disable_all_campaigns":false,"_uag_custom_page_level_css":"","_monsterinsights_skip_tracking":false,"_monsterinsights_sitenote_active":false,"_monsterinsights_sitenote_note":"","_monsterinsights_sitenote_category":0,"site-sidebar-layout":"default","site-content-layout":"","ast-site-content-layout":"default","site-content-style":"default","site-sidebar-style":"default","ast-global-header-display":"","ast-banner-title-visibility":"","ast-main-header-display":"","ast-hfb-above-header-display":"","ast-hfb-below-header-display":"","ast-hfb-mobile-header-display":"","site-post-title":"","ast-breadcrumbs-content":"","ast-featured-img":"","footer-sml-layout":"","theme-transparent-header-meta":"default","adv-header-id-meta":"","stick-header-meta":"","header-above-stick-meta":"","header-main-stick-meta":"","header-below-stick-meta":"","astra-migrate-meta-layouts":"set","ast-page-background-enabled":"default","ast-page-background-meta":{"desktop":{"background-color":"var(--ast-global-color-4)","background-image":"","background-repeat":"repeat","background-position":"center center","background-size":"auto","background-attachment":"scroll","background-type":"","background-media":"","overlay-type":"","overlay-color":"","overlay-opacity":"","overlay-gradient":""},"tablet":{"background-color":"","background-image":"","background-repeat":"repeat","background-position":"center center","background-size":"auto","background-attachment":"scroll","background-type":"","background-media":"","overlay-type":"","overlay-color":"","overlay-opacity":"","overlay-gradient":""},"mobile":{"background-color":"","background-image":"","background-repeat":"repeat","background-position":"center center","background-size":"auto","background-attachment":"scroll","background-type":"","background-media":"","overlay-type":"","overlay-color":"","overlay-opacity":"","overlay-gradient":""}},"ast-content-background-meta":{"desktop":{"background-color":"var(--ast-global-color-5)","background-image":"","background-repeat":"repeat","background-position":"center center","background-size":"auto","background-attachment":"scroll","background-type":"","background-media":"","overlay-type":"","overlay-color":"","overlay-opacity":"","overlay-gradient":""},"tablet":{"background-color":"var(--ast-global-color-5)","background-image":"","background-repeat":"repeat","background-position":"center center","background-size":"auto","background-attachment":"scroll","background-type":"","background-media":"","overlay-type":"","overlay-color":"","overlay-opacity":"","overlay-gradient":""},"mobile":{"background-color":"var(--ast-global-color-5)","background-image":"","background-repeat":"repeat","background-position":"center center","background-size":"auto","background-attachment":"scroll","background-type":"","background-media":"","overlay-type":"","overlay-color":"","overlay-opacity":"","overlay-gradient":""}}},"product_brand":[],"product_cat":[35],"product_tag":[72,81],"class_list":{"0":"post-5155","1":"product","2":"type-product","3":"status-publish","4":"has-post-thumbnail","6":"product_cat-audemars-piguet","7":"product_tag-audemars-piguet","8":"product_tag-audemars-piguet-royal-oak-perpetual-calendar-ceramica-negra-41mm-ref-26579ce","9":"desktop-align-left","10":"tablet-align-left","11":"mobile-align-left","13":"first","14":"instock","15":"shipping-taxable","16":"purchasable","17":"product-type-variable"},"acf":[],"aioseo_notices":[],"uagb_featured_image_src":{"full":["https:\/\/clonsuizo.com\/wp-content\/uploads\/2025\/05\/Rolex-GMT-Master-II-gold-jubilee-2025-05-05T024511.190.png",1030,1030,false],"thumbnail":["https:\/\/clonsuizo.com\/wp-content\/uploads\/2025\/05\/Rolex-GMT-Master-II-gold-jubilee-2025-05-05T024511.190-150x150.png",150,150,true],"medium":["https:\/\/clonsuizo.com\/wp-content\/uploads\/2025\/05\/Rolex-GMT-Master-II-gold-jubilee-2025-05-05T024511.190-300x300.png",300,300,true],"medium_large":["https:\/\/clonsuizo.com\/wp-content\/uploads\/2025\/05\/Rolex-GMT-Master-II-gold-jubilee-2025-05-05T024511.190-768x768.png",768,768,true],"large":["https:\/\/clonsuizo.com\/wp-content\/uploads\/2025\/05\/Rolex-GMT-Master-II-gold-jubilee-2025-05-05T024511.190-1024x1024.png",1024,1024,true],"1536x1536":["https:\/\/clonsuizo.com\/wp-content\/uploads\/2025\/05\/Rolex-GMT-Master-II-gold-jubilee-2025-05-05T024511.190.png",1030,1030,false],"2048x2048":["https:\/\/clonsuizo.com\/wp-content\/uploads\/2025\/05\/Rolex-GMT-Master-II-gold-jubilee-2025-05-05T024511.190.png",1030,1030,false],"mailpoet_newsletter_max":["https:\/\/clonsuizo.com\/wp-content\/uploads\/2025\/05\/Rolex-GMT-Master-II-gold-jubilee-2025-05-05T024511.190.png",1030,1030,false],"woocommerce_thumbnail":["https:\/\/clonsuizo.com\/wp-content\/uploads\/2025\/05\/Rolex-GMT-Master-II-gold-jubilee-2025-05-05T024511.190-420x420.png",420,420,true],"woocommerce_single":["https:\/\/clonsuizo.com\/wp-content\/uploads\/2025\/05\/Rolex-GMT-Master-II-gold-jubilee-2025-05-05T024511.190-380x380.png",380,380,true],"woocommerce_gallery_thumbnail":["https:\/\/clonsuizo.com\/wp-content\/uploads\/2025\/05\/Rolex-GMT-Master-II-gold-jubilee-2025-05-05T024511.190-100x100.png",100,100,true],"variation_swatches_image_size":["https:\/\/clonsuizo.com\/wp-content\/uploads\/2025\/05\/Rolex-GMT-Master-II-gold-jubilee-2025-05-05T024511.190-50x50.png",50,50,true],"variation_swatches_tooltip_size":["https:\/\/clonsuizo.com\/wp-content\/uploads\/2025\/05\/Rolex-GMT-Master-II-gold-jubilee-2025-05-05T024511.190-100x100.png",100,100,true]},"uagb_author_info":{"display_name":"clonsuizo.com","author_link":"https:\/\/clonsuizo.com\/?author=0"},"uagb_comment_info":0,"uagb_excerpt":"Audemars Piguet Royal Oak Perpetual Calendar Black Ceramic \u2013 Dial NegroR\u00e9plica Suiza 1:1 en cer\u00e1mica negra de alta precisi\u00f3n (mismo acabado que original) Una de las versiones m\u00e1s agresivas y exclusivas del Royal Oak Perpetual Calendar. Todo el conjunto en negro con acabado cer\u00e1mico, combinando discreci\u00f3n, lujo y la m\u00e1xima complejidad relojera. Caracter\u00edsticas: Caja: 41&hellip;","_links":{"self":[{"href":"https:\/\/clonsuizo.com\/index.php?rest_route=\/wp\/v2\/product\/5155","targetHints":{"allow":["GET"]}}],"collection":[{"href":"https:\/\/clonsuizo.com\/index.php?rest_route=\/wp\/v2\/product"}],"about":[{"href":"https:\/\/clonsuizo.com\/index.php?rest_route=\/wp\/v2\/types\/product"}],"version-history":[{"count":2,"href":"https:\/\/clonsuizo.com\/index.php?rest_route=\/wp\/v2\/product\/5155\/revisions"}],"predecessor-version":[{"id":6063,"href":"https:\/\/clonsuizo.com\/index.php?rest_route=\/wp\/v2\/product\/5155\/revisions\/6063"}],"wp:featuredmedia":[{"embeddable":true,"href":"https:\/\/clonsuizo.com\/index.php?rest_route=\/wp\/v2\/media\/5320"}],"wp:attachment":[{"href":"https:\/\/clonsuizo.com\/index.php?rest_route=%2Fwp%2Fv2%2Fmedia&parent=5155"}],"wp:term":[{"taxonomy":"product_brand","embeddable":true,"href":"https:\/\/clonsuizo.com\/index.php?rest_route=%2Fwp%2Fv2%2Fproduct_brand&post=5155"},{"taxonomy":"product_cat","embeddable":true,"href":"https:\/\/clonsuizo.com\/index.php?rest_route=%2Fwp%2Fv2%2Fproduct_cat&post=5155"},{"taxonomy":"product_tag","embeddable":true,"href":"https:\/\/clonsuizo.com\/index.php?rest_route=%2Fwp%2Fv2%2Fproduct_tag&post=5155"}],"curies":[{"name":"wp","href":"https:\/\/api.w.org\/{rel}","templated":true}]}}