{"id":5147,"date":"2025-05-16T21:29:31","date_gmt":"2025-05-16T19:29:31","guid":{"rendered":"https:\/\/clonsuizo.com\/?post_type=product&#038;p=5147"},"modified":"2026-04-19T07:36:27","modified_gmt":"2026-04-19T05:36:27","slug":"audemars-piguet-royal-oak-blanco-41mm-ref-15500st","status":"publish","type":"product","link":"https:\/\/clonsuizo.com\/?product=audemars-piguet-royal-oak-blanco-41mm-ref-15500st","title":{"rendered":"Audemars Piguet Royal Oak Blanco 41mm Caucho \u2013 Ref. 15500ST"},"content":{"rendered":"<section class=\"text-token-text-primary w-full focus:outline-none [--shadow-height:45px] has-data-writing-block:pointer-events-none has-data-writing-block:-mt-(--shadow-height) has-data-writing-block:pt-(--shadow-height) [&amp;:has([data-writing-block])&gt;*]:pointer-events-auto R6Vx5W_threadScrollVars scroll-mb-[calc(var(--scroll-root-safe-area-inset-bottom,0px)+var(--thread-response-height,0px))] scroll-mt-[calc(var(--header-height)+min(200px,max(70px,20svh)))]\" dir=\"auto\" data-turn-id=\"request-69bede24-7c3c-8386-b221-c597eda4a2be-13\" data-testid=\"conversation-turn-212\" data-scroll-anchor=\"false\" data-turn=\"assistant\">\n<div class=\"text-base my-auto mx-auto pb-10 [--thread-content-margin:var(--thread-content-margin-xs,calc(var(--spacing)*4))] @w-sm\/main:[--thread-content-margin:var(--thread-content-margin-sm,calc(var(--spacing)*6))] @w-lg\/main:[--thread-content-margin:var(--thread-content-margin-lg,calc(var(--spacing)*16))] px-(--thread-content-margin)\">\n<div class=\"[--thread-content-max-width:40rem] @w-lg\/main:[--thread-content-max-width:48rem] mx-auto max-w-(--thread-content-max-width) flex-1 group\/turn-messages focus-visible:outline-hidden relative flex w-full min-w-0 flex-col agent-turn\">\n<div class=\"flex max-w-full flex-col gap-4 grow\">\n<div class=\"min-h-8 text-message relative flex w-full flex-col items-end gap-2 text-start break-words whitespace-normal outline-none keyboard-focused:focus-ring [.text-message+&amp;]:mt-1\" dir=\"auto\" tabindex=\"0\" data-message-author-role=\"assistant\" data-message-id=\"7f72fc35-bbef-4af6-b2b2-61a5d45321f5\" data-message-model-slug=\"gpt-5-3\" data-turn-start-message=\"true\">\n<div class=\"flex w-full flex-col gap-1 empty:hidden\">\n<div class=\"markdown prose dark:prose-invert w-full wrap-break-word light markdown-new-styling\">\n<p data-start=\"62\" data-end=\"184\"><strong data-start=\"62\" data-end=\"127\">Audemars Piguet Royal Oak Automatic Blue Dial \u2013 Correa Caucho<\/strong><br data-start=\"127\" data-end=\"130\" \/><em data-start=\"130\" data-end=\"184\">R\u00e9plica Suiza 1:1 en acero 316L (mismo que original)<\/em><\/p>\n<p data-start=\"186\" data-end=\"362\">Una versi\u00f3n moderna y deportiva del ic\u00f3nico Royal Oak, combinando la elegancia del acero con la comodidad de la correa de caucho. Perfecto para uso diario con un toque premium.<\/p>\n<hr data-start=\"364\" data-end=\"367\" \/>\n<p data-start=\"369\" data-end=\"389\"><strong data-start=\"369\" data-end=\"389\">Caracter\u00edsticas:<\/strong><\/p>\n<ul data-start=\"390\" data-end=\"902\">\n<li data-section-id=\"12sqbm3\" data-start=\"390\" data-end=\"453\">Caja: 41 mm, acero inoxidable <strong data-start=\"422\" data-end=\"451\">316L (mismo que original)<\/strong><\/li>\n<li data-section-id=\"1vzw4x3\" data-start=\"454\" data-end=\"487\">Cristal: Zafiro antirreflejos<\/li>\n<li data-section-id=\"1fq5hql\" data-start=\"488\" data-end=\"564\"><strong data-start=\"490\" data-end=\"562\">Grabado l\u00e1ser en el cristal a la altura del \u00edndice de las 6 (corona)<\/strong><\/li>\n<li data-section-id=\"16xlokt\" data-start=\"565\" data-end=\"599\">Movimiento: Autom\u00e1tico clonado<\/li>\n<li data-section-id=\"133z1tj\" data-start=\"600\" data-end=\"647\">Funciones: Hora, minutos, segundero y fecha<\/li>\n<li data-section-id=\"4z8xf9\" data-start=\"648\" data-end=\"693\">Dial: Azul con patr\u00f3n \u201cGrande Tapisserie\u201d<\/li>\n<li data-section-id=\"xx0xs7\" data-start=\"694\" data-end=\"747\">Bisel: Octogonal cepillado con tornillos visibles<\/li>\n<li data-section-id=\"5g4n8w\" data-start=\"748\" data-end=\"780\">Agujas: Tipo baton con lumen<\/li>\n<li data-section-id=\"1fn757z\" data-start=\"781\" data-end=\"843\">Correa: Caucho de alta calidad (acabado deportivo premium)<\/li>\n<li data-section-id=\"4mximi\" data-start=\"844\" data-end=\"874\">Cierre: Hebilla deployante<\/li>\n<li data-section-id=\"e4vemc\" data-start=\"875\" data-end=\"902\">Hermeticidad: 50 metros<\/li>\n<\/ul>\n<hr data-start=\"904\" data-end=\"907\" \/>\n<p data-start=\"909\" data-end=\"935\"><strong data-start=\"909\" data-end=\"935\">Calidades Disponibles:<\/strong><\/p>\n<ul data-start=\"937\" data-end=\"1284\">\n<li data-section-id=\"a7ntxy\" data-start=\"937\" data-end=\"1032\"><strong data-start=\"939\" data-end=\"947\">AAA+<\/strong>: Acero 316L (aleaci\u00f3n baja), cristal de zafiro, movimiento b\u00e1sico (no recomendable).<\/li>\n<li data-section-id=\"14rj658\" data-start=\"1034\" data-end=\"1133\"><strong data-start=\"1036\" data-end=\"1044\">CLON<\/strong>: Acero 316L (aleaci\u00f3n media), cristal de zafiro, Miyota modificado (fiable y reparable).<\/li>\n<li data-section-id=\"xy3v79\" data-start=\"1135\" data-end=\"1284\"><strong data-start=\"1137\" data-end=\"1150\">SUPERCLON<\/strong>: Acero 316L (aleaci\u00f3n alta), maquinaria replicada del original (Cal. 4302), 28,800 alternancias, funcionamiento id\u00e9ntico (reparable).<\/li>\n<\/ul>\n<hr data-start=\"1286\" data-end=\"1289\" \/>\n<p data-start=\"1291\" data-end=\"1451\"><strong data-start=\"1291\" data-end=\"1323\">\u00bfPor qu\u00e9 elegir este modelo?<\/strong><br data-start=\"1323\" data-end=\"1326\" \/>\ud83d\udd35 Dial azul ic\u00f3nico AP<br data-start=\"1349\" data-end=\"1352\" \/>\ud83d\udda4 Est\u00e9tica m\u00e1s deportiva con caucho<br data-start=\"1388\" data-end=\"1391\" \/>\ud83e\uddca Acero igual que el original<br data-start=\"1421\" data-end=\"1424\" \/>\ud83d\udc8e Acabados de alto nivel<\/p>\n<hr data-start=\"1453\" data-end=\"1456\" \/>\n<p data-start=\"1458\" data-end=\"1499\">\ud83d\ude80 <strong data-start=\"1461\" data-end=\"1497\">Env\u00edo Seguro + Garant\u00eda Incluida<\/strong><\/p>\n<ul data-start=\"1500\" data-end=\"1611\">\n<li data-section-id=\"1blalr5\" data-start=\"1500\" data-end=\"1539\">Env\u00edo internacional con seguimiento<\/li>\n<li data-section-id=\"k404j6\" data-start=\"1540\" data-end=\"1563\">Garant\u00eda de 30 d\u00edas<\/li>\n<li data-section-id=\"1i2jspg\" data-start=\"1564\" data-end=\"1593\">Soporte 24\/7 v\u00eda WhatsApp<\/li>\n<li data-section-id=\"w4ta14\" data-start=\"1594\" data-end=\"1611\">Pagos seguros<\/li>\n<\/ul>\n<hr data-start=\"1613\" data-end=\"1616\" \/>\n<p data-start=\"1618\" data-end=\"1696\" data-is-last-node=\"\" data-is-only-node=\"\">\ud83d\udd25 <strong data-start=\"1621\" data-end=\"1696\" data-is-last-node=\"\">Perfecto si buscas un Royal Oak m\u00e1s moderno y c\u00f3modo para el d\u00eda a d\u00eda.<\/strong><\/p>\n<\/div>\n<\/div>\n<\/div>\n<\/div>\n<div class=\"z-0 flex min-h-[46px] justify-start\"><\/div>\n<div class=\"mt-3 w-full empty:hidden\">\n<div class=\"text-center\"><\/div>\n<\/div>\n<\/div>\n<\/div>\n<\/section>\n<div class=\"pointer-events-none -mt-px h-px translate-y-[calc(var(--scroll-root-safe-area-inset-bottom)-14*var(--spacing))]\" aria-hidden=\"true\"><\/div>\n","protected":false},"excerpt":{"rendered":"<p>Audemars Piguet Royal Oak Automatic Blue Dial \u2013 Correa CauchoR\u00e9plica Suiza 1:1 en acero 316L (mismo que original) Una versi\u00f3n moderna y deportiva del ic\u00f3nico Royal Oak, combinando la elegancia del acero con la comodidad de la correa de caucho. Perfecto para uso diario con un toque premium. Caracter\u00edsticas: Caja: 41 mm, acero inoxidable 316L [&hellip;]<\/p>\n","protected":false},"featured_media":5272,"template":"","meta":{"_acf_changed":false,"om_disable_all_campaigns":false,"_uag_custom_page_level_css":"","_monsterinsights_skip_tracking":false,"_monsterinsights_sitenote_active":false,"_monsterinsights_sitenote_note":"","_monsterinsights_sitenote_category":0,"site-sidebar-layout":"default","site-content-layout":"","ast-site-content-layout":"default","site-content-style":"default","site-sidebar-style":"default","ast-global-header-display":"","ast-banner-title-visibility":"","ast-main-header-display":"","ast-hfb-above-header-display":"","ast-hfb-below-header-display":"","ast-hfb-mobile-header-display":"","site-post-title":"","ast-breadcrumbs-content":"","ast-featured-img":"","footer-sml-layout":"","ast-disable-related-posts":"","theme-transparent-header-meta":"default","adv-header-id-meta":"","stick-header-meta":"","header-above-stick-meta":"","header-main-stick-meta":"","header-below-stick-meta":"","astra-migrate-meta-layouts":"set","ast-page-background-enabled":"default","ast-page-background-meta":{"desktop":{"background-color":"var(--ast-global-color-4)","background-image":"","background-repeat":"repeat","background-position":"center center","background-size":"auto","background-attachment":"scroll","background-type":"","background-media":"","overlay-type":"","overlay-color":"","overlay-opacity":"","overlay-gradient":""},"tablet":{"background-color":"","background-image":"","background-repeat":"repeat","background-position":"center center","background-size":"auto","background-attachment":"scroll","background-type":"","background-media":"","overlay-type":"","overlay-color":"","overlay-opacity":"","overlay-gradient":""},"mobile":{"background-color":"","background-image":"","background-repeat":"repeat","background-position":"center center","background-size":"auto","background-attachment":"scroll","background-type":"","background-media":"","overlay-type":"","overlay-color":"","overlay-opacity":"","overlay-gradient":""}},"ast-content-background-meta":{"desktop":{"background-color":"var(--ast-global-color-5)","background-image":"","background-repeat":"repeat","background-position":"center center","background-size":"auto","background-attachment":"scroll","background-type":"","background-media":"","overlay-type":"","overlay-color":"","overlay-opacity":"","overlay-gradient":""},"tablet":{"background-color":"var(--ast-global-color-5)","background-image":"","background-repeat":"repeat","background-position":"center center","background-size":"auto","background-attachment":"scroll","background-type":"","background-media":"","overlay-type":"","overlay-color":"","overlay-opacity":"","overlay-gradient":""},"mobile":{"background-color":"var(--ast-global-color-5)","background-image":"","background-repeat":"repeat","background-position":"center center","background-size":"auto","background-attachment":"scroll","background-type":"","background-media":"","overlay-type":"","overlay-color":"","overlay-opacity":"","overlay-gradient":""}}},"product_brand":[],"product_cat":[35],"product_tag":[72,75],"class_list":{"0":"post-5147","1":"product","2":"type-product","3":"status-publish","4":"has-post-thumbnail","6":"product_cat-audemars-piguet","7":"product_tag-audemars-piguet","8":"product_tag-audemars-piguet-royal-oak-blanco-41mm-ref-15500st","9":"desktop-align-left","10":"tablet-align-left","11":"mobile-align-left","13":"first","14":"instock","15":"shipping-taxable","16":"purchasable","17":"product-type-variable"},"acf":[],"uagb_featured_image_src":{"full":["https:\/\/clonsuizo.com\/wp-content\/uploads\/2025\/05\/Rolex-GMT-Master-II-gold-jubilee-2025-05-05T013138.557.png",1030,1030,false],"thumbnail":["https:\/\/clonsuizo.com\/wp-content\/uploads\/2025\/05\/Rolex-GMT-Master-II-gold-jubilee-2025-05-05T013138.557-150x150.png",150,150,true],"medium":["https:\/\/clonsuizo.com\/wp-content\/uploads\/2025\/05\/Rolex-GMT-Master-II-gold-jubilee-2025-05-05T013138.557-300x300.png",300,300,true],"medium_large":["https:\/\/clonsuizo.com\/wp-content\/uploads\/2025\/05\/Rolex-GMT-Master-II-gold-jubilee-2025-05-05T013138.557-768x768.png",768,768,true],"large":["https:\/\/clonsuizo.com\/wp-content\/uploads\/2025\/05\/Rolex-GMT-Master-II-gold-jubilee-2025-05-05T013138.557-1024x1024.png",1024,1024,true],"1536x1536":["https:\/\/clonsuizo.com\/wp-content\/uploads\/2025\/05\/Rolex-GMT-Master-II-gold-jubilee-2025-05-05T013138.557.png",1030,1030,false],"2048x2048":["https:\/\/clonsuizo.com\/wp-content\/uploads\/2025\/05\/Rolex-GMT-Master-II-gold-jubilee-2025-05-05T013138.557.png",1030,1030,false],"mailpoet_newsletter_max":["https:\/\/clonsuizo.com\/wp-content\/uploads\/2025\/05\/Rolex-GMT-Master-II-gold-jubilee-2025-05-05T013138.557.png",1030,1030,false],"woocommerce_thumbnail":["https:\/\/clonsuizo.com\/wp-content\/uploads\/2025\/05\/Rolex-GMT-Master-II-gold-jubilee-2025-05-05T013138.557-420x420.png",420,420,true],"woocommerce_single":["https:\/\/clonsuizo.com\/wp-content\/uploads\/2025\/05\/Rolex-GMT-Master-II-gold-jubilee-2025-05-05T013138.557-380x380.png",380,380,true],"woocommerce_gallery_thumbnail":["https:\/\/clonsuizo.com\/wp-content\/uploads\/2025\/05\/Rolex-GMT-Master-II-gold-jubilee-2025-05-05T013138.557-100x100.png",100,100,true],"variation_swatches_image_size":["https:\/\/clonsuizo.com\/wp-content\/uploads\/2025\/05\/Rolex-GMT-Master-II-gold-jubilee-2025-05-05T013138.557-50x50.png",50,50,true],"variation_swatches_tooltip_size":["https:\/\/clonsuizo.com\/wp-content\/uploads\/2025\/05\/Rolex-GMT-Master-II-gold-jubilee-2025-05-05T013138.557-100x100.png",100,100,true]},"uagb_author_info":{"display_name":"clonsuizo.com","author_link":"https:\/\/clonsuizo.com\/?author=0"},"uagb_comment_info":0,"uagb_excerpt":"Audemars Piguet Royal Oak Automatic Blue Dial \u2013 Correa CauchoR\u00e9plica Suiza 1:1 en acero 316L (mismo que original) Una versi\u00f3n moderna y deportiva del ic\u00f3nico Royal Oak, combinando la elegancia del acero con la comodidad de la correa de caucho. Perfecto para uso diario con un toque premium. Caracter\u00edsticas: Caja: 41 mm, acero inoxidable 316L&hellip;","_links":{"self":[{"href":"https:\/\/clonsuizo.com\/index.php?rest_route=\/wp\/v2\/product\/5147","targetHints":{"allow":["GET"]}}],"collection":[{"href":"https:\/\/clonsuizo.com\/index.php?rest_route=\/wp\/v2\/product"}],"about":[{"href":"https:\/\/clonsuizo.com\/index.php?rest_route=\/wp\/v2\/types\/product"}],"version-history":[{"count":2,"href":"https:\/\/clonsuizo.com\/index.php?rest_route=\/wp\/v2\/product\/5147\/revisions"}],"predecessor-version":[{"id":6042,"href":"https:\/\/clonsuizo.com\/index.php?rest_route=\/wp\/v2\/product\/5147\/revisions\/6042"}],"wp:featuredmedia":[{"embeddable":true,"href":"https:\/\/clonsuizo.com\/index.php?rest_route=\/wp\/v2\/media\/5272"}],"wp:attachment":[{"href":"https:\/\/clonsuizo.com\/index.php?rest_route=%2Fwp%2Fv2%2Fmedia&parent=5147"}],"wp:term":[{"taxonomy":"product_brand","embeddable":true,"href":"https:\/\/clonsuizo.com\/index.php?rest_route=%2Fwp%2Fv2%2Fproduct_brand&post=5147"},{"taxonomy":"product_cat","embeddable":true,"href":"https:\/\/clonsuizo.com\/index.php?rest_route=%2Fwp%2Fv2%2Fproduct_cat&post=5147"},{"taxonomy":"product_tag","embeddable":true,"href":"https:\/\/clonsuizo.com\/index.php?rest_route=%2Fwp%2Fv2%2Fproduct_tag&post=5147"}],"curies":[{"name":"wp","href":"https:\/\/api.w.org\/{rel}","templated":true}]}}