{"id":5121,"date":"2025-05-16T21:28:52","date_gmt":"2025-05-16T19:28:52","guid":{"rendered":"https:\/\/clonsuizo.com\/?post_type=product&#038;p=5121"},"modified":"2026-04-19T17:38:34","modified_gmt":"2026-04-19T15:38:34","slug":"patek-philippe-aquanaut-40mm-ref-5167r-001","status":"publish","type":"product","link":"https:\/\/clonsuizo.com\/?product=patek-philippe-aquanaut-40mm-ref-5167r-001","title":{"rendered":"Patek Philippe Aquanaut 40mm \u2013 Ref. 5167R-001"},"content":{"rendered":"<div style=\"width: 1920px;\" class=\"wp-video\"><video class=\"wp-video-shortcode\" id=\"video-5121-1\" width=\"1920\" height=\"1080\" preload=\"metadata\" controls=\"controls\"><source type=\"video\/mp4\" src=\"https:\/\/clonsuizo.es\/wp-content\/uploads\/2025\/05\/CFR27.mp4?_=1\" \/><a href=\"https:\/\/clonsuizo.es\/wp-content\/uploads\/2025\/05\/CFR27.mp4\">https:\/\/clonsuizo.es\/wp-content\/uploads\/2025\/05\/CFR27.mp4<\/a><\/video><\/div>\n<p data-start=\"100\" data-end=\"244\"><strong data-start=\"100\" data-end=\"164\">Patek Philippe Aquanaut Brown Dial Rose Gold \u2013 Correa Caucho<\/strong><br data-start=\"164\" data-end=\"167\" \/><em data-start=\"167\" data-end=\"242\">R\u00e9plica Suiza 1:1 en acero 316L con acabado oro rosa (mismo que original)<\/em><\/p>\n<p data-start=\"246\" data-end=\"411\">Una de las versiones m\u00e1s elegantes del Aquanaut: caja en oro rosa con esfera marr\u00f3n texturizada y correa de caucho. Un reloj deportivo con esencia de alta relojer\u00eda.<\/p>\n<hr data-start=\"413\" data-end=\"416\" \/>\n<p data-start=\"418\" data-end=\"438\"><strong data-start=\"418\" data-end=\"438\">Caracter\u00edsticas:<\/strong><\/p>\n<ul data-start=\"440\" data-end=\"973\">\n<li data-section-id=\"16m16w9\" data-start=\"440\" data-end=\"532\">Caja: 40 mm aprox., acero inoxidable 316L (mismo que original) con ba\u00f1o premium oro rosa<\/li>\n<li data-section-id=\"1vzw4x3\" data-start=\"533\" data-end=\"566\">Cristal: Zafiro antirreflejos<\/li>\n<li data-section-id=\"1fq5hql\" data-start=\"567\" data-end=\"643\"><strong data-start=\"569\" data-end=\"641\">Grabado l\u00e1ser en el cristal a la altura del \u00edndice de las 6 (corona)<\/strong><\/li>\n<li data-section-id=\"16xlokt\" data-start=\"644\" data-end=\"678\">Movimiento: Autom\u00e1tico clonado<\/li>\n<li data-section-id=\"133z1tj\" data-start=\"679\" data-end=\"726\">Funciones: Hora, minutos, segundero y fecha<\/li>\n<li data-section-id=\"18nyrer\" data-start=\"727\" data-end=\"768\">Dial: Marr\u00f3n con patr\u00f3n tipo Aquanaut<\/li>\n<li data-section-id=\"1k4uk0c\" data-start=\"769\" data-end=\"817\">Bisel: Redondeado en acabado oro rosa pulido<\/li>\n<li data-section-id=\"5g4n8w\" data-start=\"818\" data-end=\"850\">Agujas: Tipo baton con lumen<\/li>\n<li data-section-id=\"12i2er5\" data-start=\"851\" data-end=\"887\">\u00cdndices: Num\u00e9ricos luminiscentes<\/li>\n<li data-section-id=\"7qwc9i\" data-start=\"888\" data-end=\"922\">Correa: Caucho de alta calidad<\/li>\n<li data-section-id=\"ejrsml\" data-start=\"923\" data-end=\"945\">Cierre: Deployante<\/li>\n<li data-section-id=\"e4vemc\" data-start=\"946\" data-end=\"973\">Hermeticidad: 50 metros<\/li>\n<\/ul>\n<hr data-start=\"975\" data-end=\"978\" \/>\n<p data-start=\"980\" data-end=\"1006\"><strong data-start=\"980\" data-end=\"1006\">Calidades Disponibles:<\/strong><\/p>\n<p data-start=\"1008\" data-end=\"1096\"><strong data-start=\"1008\" data-end=\"1017\">AAA+:<\/strong><br data-start=\"1017\" data-end=\"1020\" \/>Acero 316L (aleaci\u00f3n baja), cristal de zafiro, movimiento autom\u00e1tico b\u00e1sico.<\/p>\n<p data-start=\"1098\" data-end=\"1189\"><strong data-start=\"1098\" data-end=\"1107\">CLON:<\/strong><br data-start=\"1107\" data-end=\"1110\" \/>Acero 316L (aleaci\u00f3n media), cristal de zafiro, movimiento autom\u00e1tico mejorado.<\/p>\n<p data-start=\"1191\" data-end=\"1343\"><strong data-start=\"1191\" data-end=\"1205\">SUPERCLON:<\/strong><br data-start=\"1205\" data-end=\"1208\" \/>Acero 316L (aleaci\u00f3n alta), maquinaria replicada del original, 28,800 alternancias,<br data-start=\"1291\" data-end=\"1294\" \/>mayor precisi\u00f3n, suavidad y totalmente reparable.<\/p>\n<hr data-start=\"1345\" data-end=\"1348\" \/>\n<p data-start=\"1350\" data-end=\"1531\"><strong data-start=\"1350\" data-end=\"1382\">\u00bfPor qu\u00e9 elegir este modelo?<\/strong><br data-start=\"1382\" data-end=\"1385\" \/>\ud83d\udfe4 Combinaci\u00f3n marr\u00f3n + oro rosa muy elegante<br data-start=\"1430\" data-end=\"1433\" \/>\u2699\ufe0f Dise\u00f1o deportivo de lujo<br data-start=\"1460\" data-end=\"1463\" \/>\ud83d\udc8e Patek Philippe ic\u00f3nico<br data-start=\"1488\" data-end=\"1491\" \/>\ud83d\udd25 Perfecto para diario con nivel alto<\/p>\n<hr data-start=\"1533\" data-end=\"1536\" \/>\n<p data-start=\"1538\" data-end=\"1577\">\ud83d\ude80 <strong data-start=\"1541\" data-end=\"1577\">Env\u00edo Seguro + Garant\u00eda Incluida<\/strong><\/p>\n<ul data-start=\"1579\" data-end=\"1690\">\n<li data-section-id=\"1blalr5\" data-start=\"1579\" data-end=\"1618\">Env\u00edo internacional con seguimiento<\/li>\n<li data-section-id=\"k404j6\" data-start=\"1619\" data-end=\"1642\">Garant\u00eda de 30 d\u00edas<\/li>\n<li data-section-id=\"1i2jspg\" data-start=\"1643\" data-end=\"1672\">Soporte 24\/7 v\u00eda WhatsApp<\/li>\n<li data-section-id=\"w4ta14\" data-start=\"1673\" data-end=\"1690\">Pagos seguros<\/li>\n<\/ul>\n<hr data-start=\"1692\" data-end=\"1695\" \/>\n<p data-start=\"1697\" data-end=\"1766\" data-is-last-node=\"\" data-is-only-node=\"\">\ud83d\udd25 <strong data-start=\"1700\" data-end=\"1766\" data-is-last-node=\"\">Un Aquanaut elegante y vers\u00e1til \u2014 lujo discreto con ADN Patek.<\/strong><\/p>\n","protected":false},"excerpt":{"rendered":"<p>Patek Philippe Aquanaut Brown Dial Rose Gold \u2013 Correa CauchoR\u00e9plica Suiza 1:1 en acero 316L con acabado oro rosa (mismo que original) Una de las versiones m\u00e1s elegantes del Aquanaut: caja en oro rosa con esfera marr\u00f3n texturizada y correa de caucho. Un reloj deportivo con esencia de alta relojer\u00eda. Caracter\u00edsticas: Caja: 40 mm aprox., [&hellip;]<\/p>\n","protected":false},"featured_media":5158,"template":"","meta":{"_acf_changed":false,"om_disable_all_campaigns":false,"_uag_custom_page_level_css":"","_monsterinsights_skip_tracking":false,"_monsterinsights_sitenote_active":false,"_monsterinsights_sitenote_note":"","_monsterinsights_sitenote_category":0,"site-sidebar-layout":"default","site-content-layout":"","ast-site-content-layout":"default","site-content-style":"default","site-sidebar-style":"default","ast-global-header-display":"","ast-banner-title-visibility":"","ast-main-header-display":"","ast-hfb-above-header-display":"","ast-hfb-below-header-display":"","ast-hfb-mobile-header-display":"","site-post-title":"","ast-breadcrumbs-content":"","ast-featured-img":"","footer-sml-layout":"","ast-disable-related-posts":"","theme-transparent-header-meta":"default","adv-header-id-meta":"","stick-header-meta":"","header-above-stick-meta":"","header-main-stick-meta":"","header-below-stick-meta":"","astra-migrate-meta-layouts":"set","ast-page-background-enabled":"default","ast-page-background-meta":{"desktop":{"background-color":"var(--ast-global-color-4)","background-image":"","background-repeat":"repeat","background-position":"center center","background-size":"auto","background-attachment":"scroll","background-type":"","background-media":"","overlay-type":"","overlay-color":"","overlay-opacity":"","overlay-gradient":""},"tablet":{"background-color":"","background-image":"","background-repeat":"repeat","background-position":"center center","background-size":"auto","background-attachment":"scroll","background-type":"","background-media":"","overlay-type":"","overlay-color":"","overlay-opacity":"","overlay-gradient":""},"mobile":{"background-color":"","background-image":"","background-repeat":"repeat","background-position":"center center","background-size":"auto","background-attachment":"scroll","background-type":"","background-media":"","overlay-type":"","overlay-color":"","overlay-opacity":"","overlay-gradient":""}},"ast-content-background-meta":{"desktop":{"background-color":"var(--ast-global-color-5)","background-image":"","background-repeat":"repeat","background-position":"center center","background-size":"auto","background-attachment":"scroll","background-type":"","background-media":"","overlay-type":"","overlay-color":"","overlay-opacity":"","overlay-gradient":""},"tablet":{"background-color":"var(--ast-global-color-5)","background-image":"","background-repeat":"repeat","background-position":"center center","background-size":"auto","background-attachment":"scroll","background-type":"","background-media":"","overlay-type":"","overlay-color":"","overlay-opacity":"","overlay-gradient":""},"mobile":{"background-color":"var(--ast-global-color-5)","background-image":"","background-repeat":"repeat","background-position":"center center","background-size":"auto","background-attachment":"scroll","background-type":"","background-media":"","overlay-type":"","overlay-color":"","overlay-opacity":"","overlay-gradient":""}}},"product_brand":[],"product_cat":[33],"product_tag":[55,57],"class_list":{"0":"post-5121","1":"product","2":"type-product","3":"status-publish","4":"has-post-thumbnail","6":"product_cat-patek-philippe","7":"product_tag-patek-philippe","8":"product_tag-patek-philippe-aquanaut-40mm-ref-5167r-001","9":"desktop-align-left","10":"tablet-align-left","11":"mobile-align-left","13":"first","14":"instock","15":"shipping-taxable","16":"purchasable","17":"product-type-variable"},"acf":[],"uagb_featured_image_src":{"full":["https:\/\/clonsuizo.com\/wp-content\/uploads\/2025\/05\/Rolex-GMT-Master-II-gold-jubilee-2025-05-04T210704.028.png",1030,1030,false],"thumbnail":["https:\/\/clonsuizo.com\/wp-content\/uploads\/2025\/05\/Rolex-GMT-Master-II-gold-jubilee-2025-05-04T210704.028-150x150.png",150,150,true],"medium":["https:\/\/clonsuizo.com\/wp-content\/uploads\/2025\/05\/Rolex-GMT-Master-II-gold-jubilee-2025-05-04T210704.028-300x300.png",300,300,true],"medium_large":["https:\/\/clonsuizo.com\/wp-content\/uploads\/2025\/05\/Rolex-GMT-Master-II-gold-jubilee-2025-05-04T210704.028-768x768.png",768,768,true],"large":["https:\/\/clonsuizo.com\/wp-content\/uploads\/2025\/05\/Rolex-GMT-Master-II-gold-jubilee-2025-05-04T210704.028-1024x1024.png",1024,1024,true],"1536x1536":["https:\/\/clonsuizo.com\/wp-content\/uploads\/2025\/05\/Rolex-GMT-Master-II-gold-jubilee-2025-05-04T210704.028.png",1030,1030,false],"2048x2048":["https:\/\/clonsuizo.com\/wp-content\/uploads\/2025\/05\/Rolex-GMT-Master-II-gold-jubilee-2025-05-04T210704.028.png",1030,1030,false],"mailpoet_newsletter_max":["https:\/\/clonsuizo.com\/wp-content\/uploads\/2025\/05\/Rolex-GMT-Master-II-gold-jubilee-2025-05-04T210704.028.png",1030,1030,false],"woocommerce_thumbnail":["https:\/\/clonsuizo.com\/wp-content\/uploads\/2025\/05\/Rolex-GMT-Master-II-gold-jubilee-2025-05-04T210704.028-420x420.png",420,420,true],"woocommerce_single":["https:\/\/clonsuizo.com\/wp-content\/uploads\/2025\/05\/Rolex-GMT-Master-II-gold-jubilee-2025-05-04T210704.028-380x380.png",380,380,true],"woocommerce_gallery_thumbnail":["https:\/\/clonsuizo.com\/wp-content\/uploads\/2025\/05\/Rolex-GMT-Master-II-gold-jubilee-2025-05-04T210704.028-100x100.png",100,100,true],"variation_swatches_image_size":["https:\/\/clonsuizo.com\/wp-content\/uploads\/2025\/05\/Rolex-GMT-Master-II-gold-jubilee-2025-05-04T210704.028-50x50.png",50,50,true],"variation_swatches_tooltip_size":["https:\/\/clonsuizo.com\/wp-content\/uploads\/2025\/05\/Rolex-GMT-Master-II-gold-jubilee-2025-05-04T210704.028-100x100.png",100,100,true]},"uagb_author_info":{"display_name":"clonsuizo.com","author_link":"https:\/\/clonsuizo.com\/?author=0"},"uagb_comment_info":0,"uagb_excerpt":"Patek Philippe Aquanaut Brown Dial Rose Gold \u2013 Correa CauchoR\u00e9plica Suiza 1:1 en acero 316L con acabado oro rosa (mismo que original) Una de las versiones m\u00e1s elegantes del Aquanaut: caja en oro rosa con esfera marr\u00f3n texturizada y correa de caucho. Un reloj deportivo con esencia de alta relojer\u00eda. Caracter\u00edsticas: Caja: 40 mm aprox.,&hellip;","_links":{"self":[{"href":"https:\/\/clonsuizo.com\/index.php?rest_route=\/wp\/v2\/product\/5121","targetHints":{"allow":["GET"]}}],"collection":[{"href":"https:\/\/clonsuizo.com\/index.php?rest_route=\/wp\/v2\/product"}],"about":[{"href":"https:\/\/clonsuizo.com\/index.php?rest_route=\/wp\/v2\/types\/product"}],"version-history":[{"count":2,"href":"https:\/\/clonsuizo.com\/index.php?rest_route=\/wp\/v2\/product\/5121\/revisions"}],"predecessor-version":[{"id":6070,"href":"https:\/\/clonsuizo.com\/index.php?rest_route=\/wp\/v2\/product\/5121\/revisions\/6070"}],"wp:featuredmedia":[{"embeddable":true,"href":"https:\/\/clonsuizo.com\/index.php?rest_route=\/wp\/v2\/media\/5158"}],"wp:attachment":[{"href":"https:\/\/clonsuizo.com\/index.php?rest_route=%2Fwp%2Fv2%2Fmedia&parent=5121"}],"wp:term":[{"taxonomy":"product_brand","embeddable":true,"href":"https:\/\/clonsuizo.com\/index.php?rest_route=%2Fwp%2Fv2%2Fproduct_brand&post=5121"},{"taxonomy":"product_cat","embeddable":true,"href":"https:\/\/clonsuizo.com\/index.php?rest_route=%2Fwp%2Fv2%2Fproduct_cat&post=5121"},{"taxonomy":"product_tag","embeddable":true,"href":"https:\/\/clonsuizo.com\/index.php?rest_route=%2Fwp%2Fv2%2Fproduct_tag&post=5121"}],"curies":[{"name":"wp","href":"https:\/\/api.w.org\/{rel}","templated":true}]}}