{"id":4519,"date":"2025-05-05T01:50:09","date_gmt":"2025-05-04T23:50:09","guid":{"rendered":"https:\/\/clonsuizo.com\/?post_type=product&#038;p=4519"},"modified":"2026-04-19T18:09:51","modified_gmt":"2026-04-19T16:09:51","slug":"rolex-daytona-yellow-gold-white-dial-40mm-ref-116518ln","status":"publish","type":"product","link":"https:\/\/clonsuizo.com\/?product=rolex-daytona-yellow-gold-white-dial-40mm-ref-116518ln","title":{"rendered":"Rolex Daytona Yellow Gold White Dial 40mm ref. 116518LN"},"content":{"rendered":"<p data-start=\"91\" data-end=\"257\"><strong data-start=\"91\" data-end=\"157\">Rolex Cosmograph Daytona Oysterflex White Dial \u2013 Ref. 116518LN<\/strong><br data-start=\"157\" data-end=\"160\" \/><em data-start=\"160\" data-end=\"257\">R\u00e9plica Suiza 1:1 en acero 904L con ba\u00f1o en oro amarillo 18k, esfera blanca y correa Oysterflex<\/em><\/p>\n<p data-start=\"259\" data-end=\"540\">El Daytona Oysterflex con esfera blanca y subdiales dorados es una de las combinaciones m\u00e1s elegantes y deportivas de la gama. Su contraste entre el blanco limpio del dial, los detalles en oro y la correa negra de caucho lo convierte en una pieza moderna, exclusiva y muy vers\u00e1til.<\/p>\n<p data-start=\"542\" data-end=\"614\">Un modelo perfecto para quien busca lujo con un toque deportivo premium.<\/p>\n<hr data-start=\"616\" data-end=\"619\" \/>\n<p data-start=\"621\" data-end=\"641\"><strong data-start=\"621\" data-end=\"641\">Caracter\u00edsticas:<\/strong><\/p>\n<ul data-start=\"642\" data-end=\"1037\">\n<li data-section-id=\"1fzmuha\" data-start=\"642\" data-end=\"712\">Caja: 40 mm, acero 904L + ba\u00f1o en oro amarillo 18k (seg\u00fan calidad)<\/li>\n<li data-section-id=\"1rupx5u\" data-start=\"713\" data-end=\"755\">Cristal: Zafiro resistente a rayaduras<\/li>\n<li data-section-id=\"pqllgx\" data-start=\"756\" data-end=\"817\">Movimiento: Cron\u00f3grafo autom\u00e1tico clonado (seg\u00fan calidad)<\/li>\n<li data-section-id=\"1jb2xbn\" data-start=\"818\" data-end=\"871\">Funciones: Cron\u00f3grafo, horas, minutos y segundero<\/li>\n<li data-section-id=\"wbwwfj\" data-start=\"872\" data-end=\"910\">Dial: Blanco con subdiales dorados<\/li>\n<li data-section-id=\"4qrd6t\" data-start=\"911\" data-end=\"960\">Bisel: Cer\u00e1mico negro con escala taquim\u00e9trica<\/li>\n<li data-section-id=\"4r07ba\" data-start=\"961\" data-end=\"1008\">Correa: Oysterflex (caucho de alta calidad)<\/li>\n<li data-section-id=\"1nw1wz4\" data-start=\"1009\" data-end=\"1037\">Hermeticidad: 100 metros<\/li>\n<\/ul>\n<hr data-start=\"1039\" data-end=\"1042\" \/>\n<p data-start=\"1044\" data-end=\"1070\"><strong data-start=\"1044\" data-end=\"1070\">Calidades Disponibles:<\/strong><\/p>\n<ul data-start=\"1072\" data-end=\"1637\">\n<li data-section-id=\"7opie8\" data-start=\"1072\" data-end=\"1238\"><strong data-start=\"1074\" data-end=\"1082\">AAA+<\/strong>: Acero 904L (aleaci\u00f3n baja), cristal de zafiro, 21,600 alternancias, movimiento b\u00e1sico con cron\u00f3grafo (<strong data-start=\"1186\" data-end=\"1202\">no funcional<\/strong>) (no recomendable, sin reparaci\u00f3n).<\/li>\n<li data-section-id=\"ez719v\" data-start=\"1240\" data-end=\"1408\"><strong data-start=\"1242\" data-end=\"1250\">CLON<\/strong>: Acero 904L (aleaci\u00f3n media), cristal de zafiro, Miyota super (Japon\u00e9s, gama alta de Miyota), 21,600 alternancias, cron\u00f3grafo (<strong data-start=\"1378\" data-end=\"1394\">no funcional<\/strong>) (reparable).<\/li>\n<li data-section-id=\"kiao2f\" data-start=\"1410\" data-end=\"1637\"><strong data-start=\"1412\" data-end=\"1425\">SUPERCLON<\/strong>: Acero 904L (aleaci\u00f3n alta), cristal de zafiro, maquinaria suiza completamente replicada del original (Cal. 4130\/4131), 28,800 alternancias, cron\u00f3grafo (<strong data-start=\"1579\" data-end=\"1623\">completamente funcional como el original<\/strong>) (reparable).<\/li>\n<\/ul>\n<hr data-start=\"1639\" data-end=\"1642\" \/>\n<p data-start=\"1644\" data-end=\"1849\"><strong data-start=\"1644\" data-end=\"1688\">\u00bfPor qu\u00e9 elegir este Daytona Oysterflex?<\/strong><br data-start=\"1688\" data-end=\"1691\" \/>\u2714 Dise\u00f1o deportivo + lujo en oro<br data-start=\"1723\" data-end=\"1726\" \/>\u2714 Contraste blanco\/dorado muy elegante<br data-start=\"1764\" data-end=\"1767\" \/>\u2714 Comodidad total con correa Oysterflex<br data-start=\"1806\" data-end=\"1809\" \/>\u2714 Cron\u00f3grafo real en versi\u00f3n SUPERCLON<\/p>\n<hr data-start=\"1851\" data-end=\"1854\" \/>\n<p data-start=\"1856\" data-end=\"1897\">\ud83d\ude80 <strong data-start=\"1859\" data-end=\"1895\">Env\u00edo Seguro + Garant\u00eda Incluida<\/strong><\/p>\n<ul data-start=\"1898\" data-end=\"2064\">\n<li data-section-id=\"9no3xw\" data-start=\"1898\" data-end=\"1933\">Env\u00edo internacional con rastreo<\/li>\n<li data-section-id=\"10ghcmj\" data-start=\"1934\" data-end=\"1981\">Garant\u00eda de 30 d\u00edas por defectos de f\u00e1brica<\/li>\n<li data-section-id=\"znaodm\" data-start=\"1982\" data-end=\"2022\">Soporte 24\/7 en espa\u00f1ol v\u00eda WhatsApp<\/li>\n<li data-section-id=\"155dy12\" data-start=\"2023\" data-end=\"2064\">Pagos 100% protegidos con cifrado SSL<\/li>\n<\/ul>\n<hr data-start=\"2066\" data-end=\"2069\" \/>\n<p data-start=\"2071\" data-end=\"2137\" data-is-last-node=\"\" data-is-only-node=\"\">\u26ab\u26aa\ud83d\udc9b <strong data-start=\"2076\" data-end=\"2137\" data-is-last-node=\"\">El Daytona perfecto para un estilo deportivo y exclusivo<\/strong><\/p>\n","protected":false},"excerpt":{"rendered":"<p>Rolex Cosmograph Daytona Oysterflex White Dial \u2013 Ref. 116518LNR\u00e9plica Suiza 1:1 en acero 904L con ba\u00f1o en oro amarillo 18k, esfera blanca y correa Oysterflex El Daytona Oysterflex con esfera blanca y subdiales dorados es una de las combinaciones m\u00e1s elegantes y deportivas de la gama. Su contraste entre el blanco limpio del dial, los [&hellip;]<\/p>\n","protected":false},"featured_media":4576,"template":"","meta":{"_acf_changed":false,"om_disable_all_campaigns":false,"_uag_custom_page_level_css":"","_monsterinsights_skip_tracking":false,"_monsterinsights_sitenote_active":false,"_monsterinsights_sitenote_note":"","_monsterinsights_sitenote_category":0,"site-sidebar-layout":"default","site-content-layout":"","ast-site-content-layout":"default","site-content-style":"default","site-sidebar-style":"default","ast-global-header-display":"","ast-banner-title-visibility":"","ast-main-header-display":"","ast-hfb-above-header-display":"","ast-hfb-below-header-display":"","ast-hfb-mobile-header-display":"","site-post-title":"","ast-breadcrumbs-content":"","ast-featured-img":"","footer-sml-layout":"","ast-disable-related-posts":"","theme-transparent-header-meta":"default","adv-header-id-meta":"","stick-header-meta":"","header-above-stick-meta":"","header-main-stick-meta":"","header-below-stick-meta":"","astra-migrate-meta-layouts":"set","ast-page-background-enabled":"default","ast-page-background-meta":{"desktop":{"background-color":"var(--ast-global-color-4)","background-image":"","background-repeat":"repeat","background-position":"center center","background-size":"auto","background-attachment":"scroll","background-type":"","background-media":"","overlay-type":"","overlay-color":"","overlay-opacity":"","overlay-gradient":""},"tablet":{"background-color":"","background-image":"","background-repeat":"repeat","background-position":"center center","background-size":"auto","background-attachment":"scroll","background-type":"","background-media":"","overlay-type":"","overlay-color":"","overlay-opacity":"","overlay-gradient":""},"mobile":{"background-color":"","background-image":"","background-repeat":"repeat","background-position":"center center","background-size":"auto","background-attachment":"scroll","background-type":"","background-media":"","overlay-type":"","overlay-color":"","overlay-opacity":"","overlay-gradient":""}},"ast-content-background-meta":{"desktop":{"background-color":"var(--ast-global-color-5)","background-image":"","background-repeat":"repeat","background-position":"center center","background-size":"auto","background-attachment":"scroll","background-type":"","background-media":"","overlay-type":"","overlay-color":"","overlay-opacity":"","overlay-gradient":""},"tablet":{"background-color":"var(--ast-global-color-5)","background-image":"","background-repeat":"repeat","background-position":"center center","background-size":"auto","background-attachment":"scroll","background-type":"","background-media":"","overlay-type":"","overlay-color":"","overlay-opacity":"","overlay-gradient":""},"mobile":{"background-color":"var(--ast-global-color-5)","background-image":"","background-repeat":"repeat","background-position":"center center","background-size":"auto","background-attachment":"scroll","background-type":"","background-media":"","overlay-type":"","overlay-color":"","overlay-opacity":"","overlay-gradient":""}}},"product_brand":[],"product_cat":[27],"product_tag":[],"class_list":{"0":"post-4519","1":"product","2":"type-product","3":"status-publish","4":"has-post-thumbnail","6":"product_cat-rolex","7":"desktop-align-left","8":"tablet-align-left","9":"mobile-align-left","11":"first","12":"instock","13":"shipping-taxable","14":"purchasable","15":"product-type-variable"},"acf":[],"uagb_featured_image_src":{"full":["https:\/\/clonsuizo.com\/wp-content\/uploads\/2025\/05\/Rolex-GMT-Master-II-gold-jubilee-2025-04-20T011001.938.png",1030,1030,false],"thumbnail":["https:\/\/clonsuizo.com\/wp-content\/uploads\/2025\/05\/Rolex-GMT-Master-II-gold-jubilee-2025-04-20T011001.938-150x150.png",150,150,true],"medium":["https:\/\/clonsuizo.com\/wp-content\/uploads\/2025\/05\/Rolex-GMT-Master-II-gold-jubilee-2025-04-20T011001.938-300x300.png",300,300,true],"medium_large":["https:\/\/clonsuizo.com\/wp-content\/uploads\/2025\/05\/Rolex-GMT-Master-II-gold-jubilee-2025-04-20T011001.938-768x768.png",768,768,true],"large":["https:\/\/clonsuizo.com\/wp-content\/uploads\/2025\/05\/Rolex-GMT-Master-II-gold-jubilee-2025-04-20T011001.938-1024x1024.png",1024,1024,true],"1536x1536":["https:\/\/clonsuizo.com\/wp-content\/uploads\/2025\/05\/Rolex-GMT-Master-II-gold-jubilee-2025-04-20T011001.938.png",1030,1030,false],"2048x2048":["https:\/\/clonsuizo.com\/wp-content\/uploads\/2025\/05\/Rolex-GMT-Master-II-gold-jubilee-2025-04-20T011001.938.png",1030,1030,false],"mailpoet_newsletter_max":["https:\/\/clonsuizo.com\/wp-content\/uploads\/2025\/05\/Rolex-GMT-Master-II-gold-jubilee-2025-04-20T011001.938.png",1030,1030,false],"woocommerce_thumbnail":["https:\/\/clonsuizo.com\/wp-content\/uploads\/2025\/05\/Rolex-GMT-Master-II-gold-jubilee-2025-04-20T011001.938-420x420.png",420,420,true],"woocommerce_single":["https:\/\/clonsuizo.com\/wp-content\/uploads\/2025\/05\/Rolex-GMT-Master-II-gold-jubilee-2025-04-20T011001.938-380x380.png",380,380,true],"woocommerce_gallery_thumbnail":["https:\/\/clonsuizo.com\/wp-content\/uploads\/2025\/05\/Rolex-GMT-Master-II-gold-jubilee-2025-04-20T011001.938-100x100.png",100,100,true],"variation_swatches_image_size":["https:\/\/clonsuizo.com\/wp-content\/uploads\/2025\/05\/Rolex-GMT-Master-II-gold-jubilee-2025-04-20T011001.938-50x50.png",50,50,true],"variation_swatches_tooltip_size":["https:\/\/clonsuizo.com\/wp-content\/uploads\/2025\/05\/Rolex-GMT-Master-II-gold-jubilee-2025-04-20T011001.938-100x100.png",100,100,true]},"uagb_author_info":{"display_name":"clonsuizo.com","author_link":"https:\/\/clonsuizo.com\/?author=0"},"uagb_comment_info":0,"uagb_excerpt":"Rolex Cosmograph Daytona Oysterflex White Dial \u2013 Ref. 116518LNR\u00e9plica Suiza 1:1 en acero 904L con ba\u00f1o en oro amarillo 18k, esfera blanca y correa Oysterflex El Daytona Oysterflex con esfera blanca y subdiales dorados es una de las combinaciones m\u00e1s elegantes y deportivas de la gama. Su contraste entre el blanco limpio del dial, los&hellip;","_links":{"self":[{"href":"https:\/\/clonsuizo.com\/index.php?rest_route=\/wp\/v2\/product\/4519","targetHints":{"allow":["GET"]}}],"collection":[{"href":"https:\/\/clonsuizo.com\/index.php?rest_route=\/wp\/v2\/product"}],"about":[{"href":"https:\/\/clonsuizo.com\/index.php?rest_route=\/wp\/v2\/types\/product"}],"version-history":[{"count":2,"href":"https:\/\/clonsuizo.com\/index.php?rest_route=\/wp\/v2\/product\/4519\/revisions"}],"predecessor-version":[{"id":6004,"href":"https:\/\/clonsuizo.com\/index.php?rest_route=\/wp\/v2\/product\/4519\/revisions\/6004"}],"wp:featuredmedia":[{"embeddable":true,"href":"https:\/\/clonsuizo.com\/index.php?rest_route=\/wp\/v2\/media\/4576"}],"wp:attachment":[{"href":"https:\/\/clonsuizo.com\/index.php?rest_route=%2Fwp%2Fv2%2Fmedia&parent=4519"}],"wp:term":[{"taxonomy":"product_brand","embeddable":true,"href":"https:\/\/clonsuizo.com\/index.php?rest_route=%2Fwp%2Fv2%2Fproduct_brand&post=4519"},{"taxonomy":"product_cat","embeddable":true,"href":"https:\/\/clonsuizo.com\/index.php?rest_route=%2Fwp%2Fv2%2Fproduct_cat&post=4519"},{"taxonomy":"product_tag","embeddable":true,"href":"https:\/\/clonsuizo.com\/index.php?rest_route=%2Fwp%2Fv2%2Fproduct_tag&post=4519"}],"curies":[{"name":"wp","href":"https:\/\/api.w.org\/{rel}","templated":true}]}}