{"id":4483,"date":"2025-05-05T01:47:45","date_gmt":"2025-05-04T23:47:45","guid":{"rendered":"https:\/\/clonsuizo.com\/?post_type=product&#038;p=4483"},"modified":"2026-04-20T02:53:39","modified_gmt":"2026-04-20T00:53:39","slug":"rolex-daytona-platinum-ice-blue-dial-40mm-ref-116506","status":"publish","type":"product","link":"https:\/\/clonsuizo.com\/?product=rolex-daytona-platinum-ice-blue-dial-40mm-ref-116506","title":{"rendered":"Rolex Daytona Platinum Ice Blue Dial 40mm ref. 126506"},"content":{"rendered":"<p data-start=\"397\" data-end=\"560\"><strong data-start=\"397\" data-end=\"457\">Rolex Cosmograph Daytona Ice Blue Platinum \u2013 Ref. 126506<\/strong><br data-start=\"457\" data-end=\"460\" \/><em data-start=\"460\" data-end=\"560\">R\u00e9plica Suiza 1:1 en acero 904L con esfera azul hielo, subdiales chocolate y bisel cer\u00e1mico marr\u00f3n<\/em><\/p>\n<p data-start=\"562\" data-end=\"819\">El Daytona Ice Blue es una de las versiones m\u00e1s exclusivas y reconocibles del cat\u00e1logo. Su esfera azul hielo, reservada en el modelo original al platino, junto con los subdiales en tono chocolate, crean una est\u00e9tica \u00fanica, elegante y extremadamente premium.<\/p>\n<p data-start=\"821\" data-end=\"1020\">El bisel cer\u00e1mico marr\u00f3n y la caja en acero 904L (seg\u00fan calidad) replican con m\u00e1xima precisi\u00f3n el dise\u00f1o del modelo original, aportando una presencia sofisticada y diferente a cualquier otro Daytona.<\/p>\n<hr data-start=\"1022\" data-end=\"1025\" \/>\n<p data-start=\"1027\" data-end=\"1047\"><strong data-start=\"1027\" data-end=\"1047\">Caracter\u00edsticas:<\/strong><\/p>\n<ul data-start=\"1048\" data-end=\"1439\">\n<li data-section-id=\"1jvn71p\" data-start=\"1048\" data-end=\"1102\">Caja: 40 mm, acero inoxidable 904L (seg\u00fan calidad)<\/li>\n<li data-section-id=\"1rupx5u\" data-start=\"1103\" data-end=\"1145\">Cristal: Zafiro resistente a rayaduras<\/li>\n<li data-section-id=\"tpryu\" data-start=\"1146\" data-end=\"1217\">Movimiento: Cron\u00f3grafo autom\u00e1tico clonado Cal. 4131 (seg\u00fan calidad)<\/li>\n<li data-section-id=\"1jb2xbn\" data-start=\"1218\" data-end=\"1271\">Funciones: Cron\u00f3grafo, horas, minutos y segundero<\/li>\n<li data-section-id=\"13bwvhs\" data-start=\"1272\" data-end=\"1317\">Dial: Azul hielo con subesferas chocolate<\/li>\n<li data-section-id=\"1mu7p74\" data-start=\"1318\" data-end=\"1357\">Bisel: Cer\u00e1mico marr\u00f3n taquim\u00e9trico<\/li>\n<li data-section-id=\"9pyyms\" data-start=\"1358\" data-end=\"1410\">Pulsera: Oyster de acero con cierre de seguridad<\/li>\n<li data-section-id=\"1nw1wz4\" data-start=\"1411\" data-end=\"1439\">Hermeticidad: 100 metros<\/li>\n<\/ul>\n<hr data-start=\"1441\" data-end=\"1444\" \/>\n<p data-start=\"1446\" data-end=\"1472\"><strong data-start=\"1446\" data-end=\"1472\">Calidades Disponibles:<\/strong><\/p>\n<ul data-start=\"1474\" data-end=\"2076\">\n<li data-section-id=\"129o8gy\" data-start=\"1474\" data-end=\"1652\"><strong data-start=\"1476\" data-end=\"1484\">AAA+<\/strong>: Acero 904L (aleaci\u00f3n baja), bisel cer\u00e1mico, cristal de zafiro, 21,600 alternancias, movimiento cron\u00f3grafo b\u00e1sico (<strong data-start=\"1600\" data-end=\"1616\">no funcional<\/strong>) (no recomendable, sin reparaci\u00f3n).<\/li>\n<li data-section-id=\"1srdir7\" data-start=\"1654\" data-end=\"1838\"><strong data-start=\"1656\" data-end=\"1664\">CLON<\/strong>: Acero 904L (aleaci\u00f3n media), bisel cer\u00e1mico, cristal de zafiro, Miyota super (Japon\u00e9s, gama alta de Miyota), 21,600 alternancias, cron\u00f3grafo (<strong data-start=\"1808\" data-end=\"1824\">no funcional<\/strong>) (reparable).<\/li>\n<li data-section-id=\"13rni1r\" data-start=\"1840\" data-end=\"2076\"><strong data-start=\"1842\" data-end=\"1855\">SUPERCLON<\/strong>: Acero 904L (aleaci\u00f3n alta), bisel cer\u00e1mico, cristal de zafiro, maquinaria suiza completamente replicada del original Cal. 4131, 28,800 alternancias, cron\u00f3grafo (<strong data-start=\"2018\" data-end=\"2062\">completamente funcional como el original<\/strong>) (reparable).<\/li>\n<\/ul>\n<hr data-start=\"2078\" data-end=\"2081\" \/>\n<p data-start=\"2083\" data-end=\"2314\"><strong data-start=\"2083\" data-end=\"2125\">\u00bfPor qu\u00e9 elegir este Daytona Ice Blue?<\/strong><br data-start=\"2125\" data-end=\"2128\" \/>\u2714 Esfera exclusiva tipo platino (Ice Blue)<br data-start=\"2170\" data-end=\"2173\" \/>\u2714 Combinaci\u00f3n \u00fanica azul + chocolate<br data-start=\"2209\" data-end=\"2212\" \/>\u2714 R\u00e9plica exacta 1:1 con calibre 4131 en SUPERCLON<br data-start=\"2262\" data-end=\"2265\" \/>\u2714 Uno de los Daytona m\u00e1s exclusivos del mercado<\/p>\n<hr data-start=\"2316\" data-end=\"2319\" \/>\n<p data-start=\"2321\" data-end=\"2362\">\ud83d\ude80 <strong data-start=\"2324\" data-end=\"2360\">Env\u00edo Seguro + Garant\u00eda Incluida<\/strong><\/p>\n<ul data-start=\"2363\" data-end=\"2529\">\n<li data-section-id=\"9no3xw\" data-start=\"2363\" data-end=\"2398\">Env\u00edo internacional con rastreo<\/li>\n<li data-section-id=\"10ghcmj\" data-start=\"2399\" data-end=\"2446\">Garant\u00eda de 30 d\u00edas por defectos de f\u00e1brica<\/li>\n<li data-section-id=\"znaodm\" data-start=\"2447\" data-end=\"2487\">Soporte 24\/7 en espa\u00f1ol v\u00eda WhatsApp<\/li>\n<li data-section-id=\"155dy12\" data-start=\"2488\" data-end=\"2529\">Pagos 100% protegidos con cifrado SSL<\/li>\n<\/ul>\n<hr data-start=\"2531\" data-end=\"2534\" \/>\n<p data-start=\"2536\" data-end=\"2601\" data-is-last-node=\"\" data-is-only-node=\"\">\ud83e\uddca\ud83d\udd25 <strong data-start=\"2541\" data-end=\"2601\" data-is-last-node=\"\">El Daytona m\u00e1s exclusivo, elegante y diferente de todos.<\/strong><\/p>\n","protected":false},"excerpt":{"rendered":"<p>Rolex Cosmograph Daytona Ice Blue Platinum \u2013 Ref. 126506R\u00e9plica Suiza 1:1 en acero 904L con esfera azul hielo, subdiales chocolate y bisel cer\u00e1mico marr\u00f3n El Daytona Ice Blue es una de las versiones m\u00e1s exclusivas y reconocibles del cat\u00e1logo. Su esfera azul hielo, reservada en el modelo original al platino, junto con los subdiales en [&hellip;]<\/p>\n","protected":false},"featured_media":4540,"template":"","meta":{"_acf_changed":false,"om_disable_all_campaigns":false,"_uag_custom_page_level_css":"","_monsterinsights_skip_tracking":false,"_monsterinsights_sitenote_active":false,"_monsterinsights_sitenote_note":"","_monsterinsights_sitenote_category":0,"site-sidebar-layout":"default","site-content-layout":"","ast-site-content-layout":"default","site-content-style":"default","site-sidebar-style":"default","ast-global-header-display":"","ast-banner-title-visibility":"","ast-main-header-display":"","ast-hfb-above-header-display":"","ast-hfb-below-header-display":"","ast-hfb-mobile-header-display":"","site-post-title":"","ast-breadcrumbs-content":"","ast-featured-img":"","footer-sml-layout":"","ast-disable-related-posts":"","theme-transparent-header-meta":"default","adv-header-id-meta":"","stick-header-meta":"","header-above-stick-meta":"","header-main-stick-meta":"","header-below-stick-meta":"","astra-migrate-meta-layouts":"set","ast-page-background-enabled":"default","ast-page-background-meta":{"desktop":{"background-color":"var(--ast-global-color-4)","background-image":"","background-repeat":"repeat","background-position":"center center","background-size":"auto","background-attachment":"scroll","background-type":"","background-media":"","overlay-type":"","overlay-color":"","overlay-opacity":"","overlay-gradient":""},"tablet":{"background-color":"","background-image":"","background-repeat":"repeat","background-position":"center center","background-size":"auto","background-attachment":"scroll","background-type":"","background-media":"","overlay-type":"","overlay-color":"","overlay-opacity":"","overlay-gradient":""},"mobile":{"background-color":"","background-image":"","background-repeat":"repeat","background-position":"center center","background-size":"auto","background-attachment":"scroll","background-type":"","background-media":"","overlay-type":"","overlay-color":"","overlay-opacity":"","overlay-gradient":""}},"ast-content-background-meta":{"desktop":{"background-color":"var(--ast-global-color-5)","background-image":"","background-repeat":"repeat","background-position":"center center","background-size":"auto","background-attachment":"scroll","background-type":"","background-media":"","overlay-type":"","overlay-color":"","overlay-opacity":"","overlay-gradient":""},"tablet":{"background-color":"var(--ast-global-color-5)","background-image":"","background-repeat":"repeat","background-position":"center center","background-size":"auto","background-attachment":"scroll","background-type":"","background-media":"","overlay-type":"","overlay-color":"","overlay-opacity":"","overlay-gradient":""},"mobile":{"background-color":"var(--ast-global-color-5)","background-image":"","background-repeat":"repeat","background-position":"center center","background-size":"auto","background-attachment":"scroll","background-type":"","background-media":"","overlay-type":"","overlay-color":"","overlay-opacity":"","overlay-gradient":""}}},"product_brand":[],"product_cat":[27],"product_tag":[],"class_list":{"0":"post-4483","1":"product","2":"type-product","3":"status-publish","4":"has-post-thumbnail","6":"product_cat-rolex","7":"desktop-align-left","8":"tablet-align-left","9":"mobile-align-left","11":"first","12":"instock","13":"shipping-taxable","14":"purchasable","15":"product-type-variable"},"acf":[],"uagb_featured_image_src":{"full":["https:\/\/clonsuizo.com\/wp-content\/uploads\/2025\/05\/Rolex-GMT-Master-II-gold-jubilee-2025-04-20T004645.559.png",1030,1030,false],"thumbnail":["https:\/\/clonsuizo.com\/wp-content\/uploads\/2025\/05\/Rolex-GMT-Master-II-gold-jubilee-2025-04-20T004645.559-150x150.png",150,150,true],"medium":["https:\/\/clonsuizo.com\/wp-content\/uploads\/2025\/05\/Rolex-GMT-Master-II-gold-jubilee-2025-04-20T004645.559-300x300.png",300,300,true],"medium_large":["https:\/\/clonsuizo.com\/wp-content\/uploads\/2025\/05\/Rolex-GMT-Master-II-gold-jubilee-2025-04-20T004645.559-768x768.png",768,768,true],"large":["https:\/\/clonsuizo.com\/wp-content\/uploads\/2025\/05\/Rolex-GMT-Master-II-gold-jubilee-2025-04-20T004645.559-1024x1024.png",1024,1024,true],"1536x1536":["https:\/\/clonsuizo.com\/wp-content\/uploads\/2025\/05\/Rolex-GMT-Master-II-gold-jubilee-2025-04-20T004645.559.png",1030,1030,false],"2048x2048":["https:\/\/clonsuizo.com\/wp-content\/uploads\/2025\/05\/Rolex-GMT-Master-II-gold-jubilee-2025-04-20T004645.559.png",1030,1030,false],"mailpoet_newsletter_max":["https:\/\/clonsuizo.com\/wp-content\/uploads\/2025\/05\/Rolex-GMT-Master-II-gold-jubilee-2025-04-20T004645.559.png",1030,1030,false],"woocommerce_thumbnail":["https:\/\/clonsuizo.com\/wp-content\/uploads\/2025\/05\/Rolex-GMT-Master-II-gold-jubilee-2025-04-20T004645.559-420x420.png",420,420,true],"woocommerce_single":["https:\/\/clonsuizo.com\/wp-content\/uploads\/2025\/05\/Rolex-GMT-Master-II-gold-jubilee-2025-04-20T004645.559-380x380.png",380,380,true],"woocommerce_gallery_thumbnail":["https:\/\/clonsuizo.com\/wp-content\/uploads\/2025\/05\/Rolex-GMT-Master-II-gold-jubilee-2025-04-20T004645.559-100x100.png",100,100,true],"variation_swatches_image_size":["https:\/\/clonsuizo.com\/wp-content\/uploads\/2025\/05\/Rolex-GMT-Master-II-gold-jubilee-2025-04-20T004645.559-50x50.png",50,50,true],"variation_swatches_tooltip_size":["https:\/\/clonsuizo.com\/wp-content\/uploads\/2025\/05\/Rolex-GMT-Master-II-gold-jubilee-2025-04-20T004645.559-100x100.png",100,100,true]},"uagb_author_info":{"display_name":"clonsuizo.com","author_link":"https:\/\/clonsuizo.com\/?author=0"},"uagb_comment_info":0,"uagb_excerpt":"Rolex Cosmograph Daytona Ice Blue Platinum \u2013 Ref. 126506R\u00e9plica Suiza 1:1 en acero 904L con esfera azul hielo, subdiales chocolate y bisel cer\u00e1mico marr\u00f3n El Daytona Ice Blue es una de las versiones m\u00e1s exclusivas y reconocibles del cat\u00e1logo. Su esfera azul hielo, reservada en el modelo original al platino, junto con los subdiales en&hellip;","_links":{"self":[{"href":"https:\/\/clonsuizo.com\/index.php?rest_route=\/wp\/v2\/product\/4483","targetHints":{"allow":["GET"]}}],"collection":[{"href":"https:\/\/clonsuizo.com\/index.php?rest_route=\/wp\/v2\/product"}],"about":[{"href":"https:\/\/clonsuizo.com\/index.php?rest_route=\/wp\/v2\/types\/product"}],"version-history":[{"count":2,"href":"https:\/\/clonsuizo.com\/index.php?rest_route=\/wp\/v2\/product\/4483\/revisions"}],"predecessor-version":[{"id":5994,"href":"https:\/\/clonsuizo.com\/index.php?rest_route=\/wp\/v2\/product\/4483\/revisions\/5994"}],"wp:featuredmedia":[{"embeddable":true,"href":"https:\/\/clonsuizo.com\/index.php?rest_route=\/wp\/v2\/media\/4540"}],"wp:attachment":[{"href":"https:\/\/clonsuizo.com\/index.php?rest_route=%2Fwp%2Fv2%2Fmedia&parent=4483"}],"wp:term":[{"taxonomy":"product_brand","embeddable":true,"href":"https:\/\/clonsuizo.com\/index.php?rest_route=%2Fwp%2Fv2%2Fproduct_brand&post=4483"},{"taxonomy":"product_cat","embeddable":true,"href":"https:\/\/clonsuizo.com\/index.php?rest_route=%2Fwp%2Fv2%2Fproduct_cat&post=4483"},{"taxonomy":"product_tag","embeddable":true,"href":"https:\/\/clonsuizo.com\/index.php?rest_route=%2Fwp%2Fv2%2Fproduct_tag&post=4483"}],"curies":[{"name":"wp","href":"https:\/\/api.w.org\/{rel}","templated":true}]}}