{"id":4339,"date":"2025-05-05T01:38:30","date_gmt":"2025-05-04T23:38:30","guid":{"rendered":"https:\/\/clonsuizo.com\/?post_type=product&#038;p=4339"},"modified":"2026-04-20T03:12:49","modified_gmt":"2026-04-20T01:12:49","slug":"rolex-submariner-custom-blue-bezel-40mm-ref-116610ln","status":"publish","type":"product","link":"https:\/\/clonsuizo.com\/?product=rolex-submariner-custom-blue-bezel-40mm-ref-116610ln","title":{"rendered":"Rolex Submariner Custom Blue Bezel 40mm ref. 116610LN"},"content":{"rendered":"<p data-start=\"120\" data-end=\"241\"><strong data-start=\"120\" data-end=\"181\">Rolex Submariner Date Blue \u2013 Ref. 126619LB (estilo acero)<\/strong><br data-start=\"181\" data-end=\"184\" \/><em data-start=\"184\" data-end=\"241\">R\u00e9plica Suiza 1:1 en acero 904L con bisel cer\u00e1mico azul<\/em><\/p>\n<p data-start=\"243\" data-end=\"426\">Este Submariner destaca por su combinaci\u00f3n de acero con bisel azul intenso. Es m\u00e1s discreto que el Bluesy pero igual de llamativo, ideal si buscas algo deportivo con un toque premium.<\/p>\n<hr data-start=\"428\" data-end=\"431\" \/>\n<p data-start=\"433\" data-end=\"453\"><strong data-start=\"433\" data-end=\"453\">Caracter\u00edsticas:<\/strong><\/p>\n<ul data-start=\"454\" data-end=\"895\">\n<li data-section-id=\"1s0vutq\" data-start=\"454\" data-end=\"492\">Caja: 41 mm, acero inoxidable 904L<\/li>\n<li data-section-id=\"1ndwqtg\" data-start=\"493\" data-end=\"530\">Cristal: Zafiro con lente Cyclops<\/li>\n<li data-section-id=\"vvrqka\" data-start=\"531\" data-end=\"628\"><strong data-start=\"533\" data-end=\"626\">Grabado l\u00e1ser en el cristal a la altura del \u00edndice de las 6 (corona Rolex, como original)<\/strong><\/li>\n<li data-section-id=\"11umdov\" data-start=\"629\" data-end=\"679\">Movimiento: Autom\u00e1tico clonado (seg\u00fan calidad)<\/li>\n<li data-section-id=\"133z1tj\" data-start=\"680\" data-end=\"727\">Funciones: Hora, minutos, segundero y fecha<\/li>\n<li data-section-id=\"379tzt\" data-start=\"728\" data-end=\"769\">Dial: Negro con \u00edndices luminiscentes<\/li>\n<li data-section-id=\"80yn4h\" data-start=\"770\" data-end=\"809\">Bisel: Cer\u00e1mico azul unidireccional<\/li>\n<li data-section-id=\"1kc44ne\" data-start=\"810\" data-end=\"840\">Agujas: Mercedes con lumen<\/li>\n<li data-section-id=\"1481fpe\" data-start=\"841\" data-end=\"866\">Pulsera: Oyster acero<\/li>\n<li data-section-id=\"1y14cj6\" data-start=\"867\" data-end=\"895\">Hermeticidad: 300 metros<\/li>\n<\/ul>\n<hr data-start=\"897\" data-end=\"900\" \/>\n<p data-start=\"902\" data-end=\"928\"><strong data-start=\"902\" data-end=\"928\">Calidades Disponibles:<\/strong><\/p>\n<ul data-start=\"930\" data-end=\"1416\">\n<li data-section-id=\"geuksn\" data-start=\"930\" data-end=\"1062\"><strong data-start=\"932\" data-end=\"940\">AAA+<\/strong>: Acero 904L (aleaci\u00f3n baja), cristal de zafiro, 21,600 alternancias, movimiento b\u00e1sico (no recomendable, sin reparaci\u00f3n).<\/li>\n<li data-section-id=\"3best2\" data-start=\"1064\" data-end=\"1214\"><strong data-start=\"1066\" data-end=\"1074\">CLON<\/strong>: Acero 904L (aleaci\u00f3n media), cristal de zafiro, Miyota super (Japon\u00e9s, gama alta), 21,600 alternancias, funcionamiento fiable (reparable).<\/li>\n<li data-section-id=\"vculyq\" data-start=\"1216\" data-end=\"1416\"><strong data-start=\"1218\" data-end=\"1231\">SUPERCLON<\/strong>: Acero 904L (aleaci\u00f3n alta), cristal de zafiro, maquinaria suiza completamente replicada del original (Cal. 3235), 28,800 alternancias, funcionamiento id\u00e9ntico al original (reparable).<\/li>\n<\/ul>\n<hr data-start=\"1418\" data-end=\"1421\" \/>\n<p data-start=\"1423\" data-end=\"1578\"><strong data-start=\"1423\" data-end=\"1455\">\u00bfPor qu\u00e9 elegir este modelo?<\/strong><br data-start=\"1455\" data-end=\"1458\" \/>\u2714 Deportivo pero elegante<br data-start=\"1483\" data-end=\"1486\" \/>\u2714 Azul intenso muy llamativo<br data-start=\"1514\" data-end=\"1517\" \/>\u2714 M\u00e1s discreto que el bicolor<br data-start=\"1546\" data-end=\"1549\" \/>\u2714 Resistente al agua (300m)<\/p>\n<hr data-start=\"1580\" data-end=\"1583\" \/>\n<p data-start=\"1585\" data-end=\"1626\">\ud83d\ude80 <strong data-start=\"1588\" data-end=\"1624\">Env\u00edo Seguro + Garant\u00eda Incluida<\/strong><\/p>\n<ul data-start=\"1627\" data-end=\"1785\">\n<li data-section-id=\"9no3xw\" data-start=\"1627\" data-end=\"1662\">Env\u00edo internacional con rastreo<\/li>\n<li data-section-id=\"10ghcmj\" data-start=\"1663\" data-end=\"1710\">Garant\u00eda de 30 d\u00edas por defectos de f\u00e1brica<\/li>\n<li data-section-id=\"znaodm\" data-start=\"1711\" data-end=\"1751\">Soporte 24\/7 en espa\u00f1ol v\u00eda WhatsApp<\/li>\n<li data-section-id=\"7x1a4y\" data-start=\"1752\" data-end=\"1785\">Pagos seguros con cifrado SSL<\/li>\n<\/ul>\n<hr data-start=\"1787\" data-end=\"1790\" \/>\n<p data-start=\"1792\" data-end=\"1853\" data-is-last-node=\"\" data-is-only-node=\"\">\ud83d\udd35 <strong data-start=\"1795\" data-end=\"1853\" data-is-last-node=\"\">El Submariner perfecto para diario con estilo premium.<\/strong><\/p>\n","protected":false},"excerpt":{"rendered":"<p>Rolex Submariner Date Blue \u2013 Ref. 126619LB (estilo acero)R\u00e9plica Suiza 1:1 en acero 904L con bisel cer\u00e1mico azul Este Submariner destaca por su combinaci\u00f3n de acero con bisel azul intenso. Es m\u00e1s discreto que el Bluesy pero igual de llamativo, ideal si buscas algo deportivo con un toque premium. Caracter\u00edsticas: Caja: 41 mm, acero inoxidable [&hellip;]<\/p>\n","protected":false},"featured_media":4393,"template":"","meta":{"_acf_changed":false,"om_disable_all_campaigns":false,"_uag_custom_page_level_css":"","_monsterinsights_skip_tracking":false,"_monsterinsights_sitenote_active":false,"_monsterinsights_sitenote_note":"","_monsterinsights_sitenote_category":0,"site-sidebar-layout":"default","site-content-layout":"","ast-site-content-layout":"default","site-content-style":"default","site-sidebar-style":"default","ast-global-header-display":"","ast-banner-title-visibility":"","ast-main-header-display":"","ast-hfb-above-header-display":"","ast-hfb-below-header-display":"","ast-hfb-mobile-header-display":"","site-post-title":"","ast-breadcrumbs-content":"","ast-featured-img":"","footer-sml-layout":"","ast-disable-related-posts":"","theme-transparent-header-meta":"default","adv-header-id-meta":"","stick-header-meta":"","header-above-stick-meta":"","header-main-stick-meta":"","header-below-stick-meta":"","astra-migrate-meta-layouts":"set","ast-page-background-enabled":"default","ast-page-background-meta":{"desktop":{"background-color":"var(--ast-global-color-4)","background-image":"","background-repeat":"repeat","background-position":"center center","background-size":"auto","background-attachment":"scroll","background-type":"","background-media":"","overlay-type":"","overlay-color":"","overlay-opacity":"","overlay-gradient":""},"tablet":{"background-color":"","background-image":"","background-repeat":"repeat","background-position":"center center","background-size":"auto","background-attachment":"scroll","background-type":"","background-media":"","overlay-type":"","overlay-color":"","overlay-opacity":"","overlay-gradient":""},"mobile":{"background-color":"","background-image":"","background-repeat":"repeat","background-position":"center center","background-size":"auto","background-attachment":"scroll","background-type":"","background-media":"","overlay-type":"","overlay-color":"","overlay-opacity":"","overlay-gradient":""}},"ast-content-background-meta":{"desktop":{"background-color":"var(--ast-global-color-5)","background-image":"","background-repeat":"repeat","background-position":"center center","background-size":"auto","background-attachment":"scroll","background-type":"","background-media":"","overlay-type":"","overlay-color":"","overlay-opacity":"","overlay-gradient":""},"tablet":{"background-color":"var(--ast-global-color-5)","background-image":"","background-repeat":"repeat","background-position":"center center","background-size":"auto","background-attachment":"scroll","background-type":"","background-media":"","overlay-type":"","overlay-color":"","overlay-opacity":"","overlay-gradient":""},"mobile":{"background-color":"var(--ast-global-color-5)","background-image":"","background-repeat":"repeat","background-position":"center center","background-size":"auto","background-attachment":"scroll","background-type":"","background-media":"","overlay-type":"","overlay-color":"","overlay-opacity":"","overlay-gradient":""}}},"product_brand":[],"product_cat":[27],"product_tag":[],"class_list":{"0":"post-4339","1":"product","2":"type-product","3":"status-publish","4":"has-post-thumbnail","6":"product_cat-rolex","7":"desktop-align-left","8":"tablet-align-left","9":"mobile-align-left","11":"first","12":"instock","13":"shipping-taxable","14":"purchasable","15":"product-type-variable"},"acf":[],"uagb_featured_image_src":{"full":["https:\/\/clonsuizo.com\/wp-content\/uploads\/2025\/05\/Rolex-GMT-Master-II-gold-jubilee-90.png",1030,1030,false],"thumbnail":["https:\/\/clonsuizo.com\/wp-content\/uploads\/2025\/05\/Rolex-GMT-Master-II-gold-jubilee-90-150x150.png",150,150,true],"medium":["https:\/\/clonsuizo.com\/wp-content\/uploads\/2025\/05\/Rolex-GMT-Master-II-gold-jubilee-90-300x300.png",300,300,true],"medium_large":["https:\/\/clonsuizo.com\/wp-content\/uploads\/2025\/05\/Rolex-GMT-Master-II-gold-jubilee-90-768x768.png",768,768,true],"large":["https:\/\/clonsuizo.com\/wp-content\/uploads\/2025\/05\/Rolex-GMT-Master-II-gold-jubilee-90-1024x1024.png",1024,1024,true],"1536x1536":["https:\/\/clonsuizo.com\/wp-content\/uploads\/2025\/05\/Rolex-GMT-Master-II-gold-jubilee-90.png",1030,1030,false],"2048x2048":["https:\/\/clonsuizo.com\/wp-content\/uploads\/2025\/05\/Rolex-GMT-Master-II-gold-jubilee-90.png",1030,1030,false],"mailpoet_newsletter_max":["https:\/\/clonsuizo.com\/wp-content\/uploads\/2025\/05\/Rolex-GMT-Master-II-gold-jubilee-90.png",1030,1030,false],"woocommerce_thumbnail":["https:\/\/clonsuizo.com\/wp-content\/uploads\/2025\/05\/Rolex-GMT-Master-II-gold-jubilee-90-420x420.png",420,420,true],"woocommerce_single":["https:\/\/clonsuizo.com\/wp-content\/uploads\/2025\/05\/Rolex-GMT-Master-II-gold-jubilee-90-380x380.png",380,380,true],"woocommerce_gallery_thumbnail":["https:\/\/clonsuizo.com\/wp-content\/uploads\/2025\/05\/Rolex-GMT-Master-II-gold-jubilee-90-100x100.png",100,100,true],"variation_swatches_image_size":["https:\/\/clonsuizo.com\/wp-content\/uploads\/2025\/05\/Rolex-GMT-Master-II-gold-jubilee-90-50x50.png",50,50,true],"variation_swatches_tooltip_size":["https:\/\/clonsuizo.com\/wp-content\/uploads\/2025\/05\/Rolex-GMT-Master-II-gold-jubilee-90-100x100.png",100,100,true]},"uagb_author_info":{"display_name":"clonsuizo.com","author_link":"https:\/\/clonsuizo.com\/?author=0"},"uagb_comment_info":0,"uagb_excerpt":"Rolex Submariner Date Blue \u2013 Ref. 126619LB (estilo acero)R\u00e9plica Suiza 1:1 en acero 904L con bisel cer\u00e1mico azul Este Submariner destaca por su combinaci\u00f3n de acero con bisel azul intenso. Es m\u00e1s discreto que el Bluesy pero igual de llamativo, ideal si buscas algo deportivo con un toque premium. Caracter\u00edsticas: Caja: 41 mm, acero inoxidable&hellip;","_links":{"self":[{"href":"https:\/\/clonsuizo.com\/index.php?rest_route=\/wp\/v2\/product\/4339","targetHints":{"allow":["GET"]}}],"collection":[{"href":"https:\/\/clonsuizo.com\/index.php?rest_route=\/wp\/v2\/product"}],"about":[{"href":"https:\/\/clonsuizo.com\/index.php?rest_route=\/wp\/v2\/types\/product"}],"version-history":[{"count":2,"href":"https:\/\/clonsuizo.com\/index.php?rest_route=\/wp\/v2\/product\/4339\/revisions"}],"predecessor-version":[{"id":6020,"href":"https:\/\/clonsuizo.com\/index.php?rest_route=\/wp\/v2\/product\/4339\/revisions\/6020"}],"wp:featuredmedia":[{"embeddable":true,"href":"https:\/\/clonsuizo.com\/index.php?rest_route=\/wp\/v2\/media\/4393"}],"wp:attachment":[{"href":"https:\/\/clonsuizo.com\/index.php?rest_route=%2Fwp%2Fv2%2Fmedia&parent=4339"}],"wp:term":[{"taxonomy":"product_brand","embeddable":true,"href":"https:\/\/clonsuizo.com\/index.php?rest_route=%2Fwp%2Fv2%2Fproduct_brand&post=4339"},{"taxonomy":"product_cat","embeddable":true,"href":"https:\/\/clonsuizo.com\/index.php?rest_route=%2Fwp%2Fv2%2Fproduct_cat&post=4339"},{"taxonomy":"product_tag","embeddable":true,"href":"https:\/\/clonsuizo.com\/index.php?rest_route=%2Fwp%2Fv2%2Fproduct_tag&post=4339"}],"curies":[{"name":"wp","href":"https:\/\/api.w.org\/{rel}","templated":true}]}}