{"id":4322,"date":"2025-05-05T01:37:28","date_gmt":"2025-05-04T23:37:28","guid":{"rendered":"https:\/\/clonsuizo.com\/?post_type=product&#038;p=4322"},"modified":"2026-04-20T03:13:53","modified_gmt":"2026-04-20T01:13:53","slug":"rolex-submariner-bluesy-41mm-ref-126613lb","status":"publish","type":"product","link":"https:\/\/clonsuizo.com\/?product=rolex-submariner-bluesy-41mm-ref-126613lb","title":{"rendered":"Rolex Submariner Bluesy 2 Tones 41mm ref. 126613LB"},"content":{"rendered":"<div class=\"flex flex-col text-sm pb-25\">\n<section class=\"text-token-text-primary w-full focus:outline-none [--shadow-height:45px] has-data-writing-block:pointer-events-none has-data-writing-block:-mt-(--shadow-height) has-data-writing-block:pt-(--shadow-height) [&amp;:has([data-writing-block])&gt;*]:pointer-events-auto scroll-mt-[calc(var(--header-height)+min(200px,max(70px,20svh)))]\" dir=\"auto\" data-turn-id=\"request-WEB:7151a0fc-52d8-4d3e-ad18-06105aa0019e-43\" data-testid=\"conversation-turn-172\" data-scroll-anchor=\"true\" data-turn=\"assistant\">\n<div class=\"text-base my-auto mx-auto pb-10 [--thread-content-margin:var(--thread-content-margin-xs,calc(var(--spacing)*4))] @w-sm\/main:[--thread-content-margin:var(--thread-content-margin-sm,calc(var(--spacing)*6))] @w-lg\/main:[--thread-content-margin:var(--thread-content-margin-lg,calc(var(--spacing)*16))] px-(--thread-content-margin)\">\n<div class=\"[--thread-content-max-width:40rem] @w-lg\/main:[--thread-content-max-width:48rem] mx-auto max-w-(--thread-content-max-width) flex-1 group\/turn-messages focus-visible:outline-hidden relative flex w-full min-w-0 flex-col agent-turn\">\n<div class=\"flex max-w-full flex-col gap-4 grow\">\n<div class=\"min-h-8 text-message relative flex w-full flex-col items-end gap-2 text-start break-words whitespace-normal outline-none keyboard-focused:focus-ring [.text-message+&amp;]:mt-1\" dir=\"auto\" tabindex=\"0\" data-message-author-role=\"assistant\" data-message-id=\"ce85e39e-1d00-4c95-bf0f-4dcef9284034\" data-message-model-slug=\"gpt-5-3\" data-turn-start-message=\"true\">\n<div class=\"flex w-full flex-col gap-1 empty:hidden\">\n<div class=\"markdown prose dark:prose-invert w-full wrap-break-word light markdown-new-styling\">\n<p data-start=\"117\" data-end=\"242\"><strong data-start=\"117\" data-end=\"167\">Rolex Submariner Date \u201cBluesy\u201d \u2013 Ref. 126613LB<\/strong><br data-start=\"167\" data-end=\"170\" \/><em data-start=\"170\" data-end=\"242\">R\u00e9plica Suiza 1:1 en acero 904L y oro amarillo con bisel cer\u00e1mico azul<\/em><\/p>\n<p data-start=\"244\" data-end=\"416\">El Submariner Bluesy es una mezcla perfecta entre deportividad y lujo. Su combinaci\u00f3n de azul intenso con detalles en oro lo convierte en uno de los Rolex m\u00e1s reconocibles.<\/p>\n<hr data-start=\"418\" data-end=\"421\" \/>\n<p data-start=\"423\" data-end=\"443\"><strong data-start=\"423\" data-end=\"443\">Caracter\u00edsticas:<\/strong><\/p>\n<ul data-start=\"444\" data-end=\"925\">\n<li data-section-id=\"17z40b5\" data-start=\"444\" data-end=\"507\">Caja: 41 mm, acero inoxidable 904L con ba\u00f1o en oro amarillo<\/li>\n<li data-section-id=\"1ndwqtg\" data-start=\"508\" data-end=\"545\">Cristal: Zafiro con lente Cyclops<\/li>\n<li data-section-id=\"vvrqka\" data-start=\"546\" data-end=\"643\"><strong data-start=\"548\" data-end=\"641\">Grabado l\u00e1ser en el cristal a la altura del \u00edndice de las 6 (corona Rolex, como original)<\/strong><\/li>\n<li data-section-id=\"11umdov\" data-start=\"644\" data-end=\"694\">Movimiento: Autom\u00e1tico clonado (seg\u00fan calidad)<\/li>\n<li data-section-id=\"133z1tj\" data-start=\"695\" data-end=\"742\">Funciones: Hora, minutos, segundero y fecha<\/li>\n<li data-section-id=\"1w18ytm\" data-start=\"743\" data-end=\"783\">Dial: Azul con \u00edndices luminiscentes<\/li>\n<li data-section-id=\"80yn4h\" data-start=\"784\" data-end=\"823\">Bisel: Cer\u00e1mico azul unidireccional<\/li>\n<li data-section-id=\"1kc44ne\" data-start=\"824\" data-end=\"854\">Agujas: Mercedes con lumen<\/li>\n<li data-section-id=\"epblqk\" data-start=\"855\" data-end=\"896\">Pulsera: Oyster bicolor (acero + oro)<\/li>\n<li data-section-id=\"1y14cj6\" data-start=\"897\" data-end=\"925\">Hermeticidad: 300 metros<\/li>\n<\/ul>\n<hr data-start=\"927\" data-end=\"930\" \/>\n<p data-start=\"932\" data-end=\"958\"><strong data-start=\"932\" data-end=\"958\">Calidades Disponibles:<\/strong><\/p>\n<ul data-start=\"960\" data-end=\"1446\">\n<li data-section-id=\"geuksn\" data-start=\"960\" data-end=\"1092\"><strong data-start=\"962\" data-end=\"970\">AAA+<\/strong>: Acero 904L (aleaci\u00f3n baja), cristal de zafiro, 21,600 alternancias, movimiento b\u00e1sico (no recomendable, sin reparaci\u00f3n).<\/li>\n<li data-section-id=\"3best2\" data-start=\"1094\" data-end=\"1244\"><strong data-start=\"1096\" data-end=\"1104\">CLON<\/strong>: Acero 904L (aleaci\u00f3n media), cristal de zafiro, Miyota super (Japon\u00e9s, gama alta), 21,600 alternancias, funcionamiento fiable (reparable).<\/li>\n<li data-section-id=\"vculyq\" data-start=\"1246\" data-end=\"1446\"><strong data-start=\"1248\" data-end=\"1261\">SUPERCLON<\/strong>: Acero 904L (aleaci\u00f3n alta), cristal de zafiro, maquinaria suiza completamente replicada del original (Cal. 3235), 28,800 alternancias, funcionamiento id\u00e9ntico al original (reparable).<\/li>\n<\/ul>\n<hr data-start=\"1448\" data-end=\"1451\" \/>\n<p data-start=\"1453\" data-end=\"1638\"><strong data-start=\"1453\" data-end=\"1485\">\u00bfPor qu\u00e9 elegir este modelo?<\/strong><br data-start=\"1485\" data-end=\"1488\" \/>\u2714 El Submariner m\u00e1s ic\u00f3nico en versi\u00f3n lujo<br data-start=\"1531\" data-end=\"1534\" \/>\u2714 Azul el\u00e9ctrico con oro: muy llamativo<br data-start=\"1573\" data-end=\"1576\" \/>\u2714 Perfecto para diario o eventos<br data-start=\"1608\" data-end=\"1611\" \/>\u2714 Alta resistencia (300m)<\/p>\n<hr data-start=\"1640\" data-end=\"1643\" \/>\n<p data-start=\"1645\" data-end=\"1686\">\ud83d\ude80 <strong data-start=\"1648\" data-end=\"1684\">Env\u00edo Seguro + Garant\u00eda Incluida<\/strong><\/p>\n<ul data-start=\"1687\" data-end=\"1845\">\n<li data-section-id=\"9no3xw\" data-start=\"1687\" data-end=\"1722\">Env\u00edo internacional con rastreo<\/li>\n<li data-section-id=\"10ghcmj\" data-start=\"1723\" data-end=\"1770\">Garant\u00eda de 30 d\u00edas por defectos de f\u00e1brica<\/li>\n<li data-section-id=\"znaodm\" data-start=\"1771\" data-end=\"1811\">Soporte 24\/7 en espa\u00f1ol v\u00eda WhatsApp<\/li>\n<li data-section-id=\"7x1a4y\" data-start=\"1812\" data-end=\"1845\">Pagos seguros con cifrado SSL<\/li>\n<\/ul>\n<hr data-start=\"1847\" data-end=\"1850\" \/>\n<p data-start=\"1852\" data-end=\"1905\" data-is-last-node=\"\" data-is-only-node=\"\">\ud83d\udc99\ud83d\udc9b <strong data-start=\"1857\" data-end=\"1905\" data-is-last-node=\"\">El equilibrio perfecto entre lujo y deporte.<\/strong><\/p>\n<\/div>\n<\/div>\n<\/div>\n<\/div>\n<div class=\"z-0 flex min-h-[46px] justify-start\"><\/div>\n<div class=\"mt-3 w-full empty:hidden\">\n<div class=\"text-center\"><\/div>\n<\/div>\n<\/div>\n<\/div>\n<\/section>\n<\/div>\n<div class=\"pointer-events-none h-px w-px absolute bottom-0\" aria-hidden=\"true\" data-edge=\"true\"><\/div>\n","protected":false},"excerpt":{"rendered":"<p>Rolex Submariner Date \u201cBluesy\u201d \u2013 Ref. 126613LBR\u00e9plica Suiza 1:1 en acero 904L y oro amarillo con bisel cer\u00e1mico azul El Submariner Bluesy es una mezcla perfecta entre deportividad y lujo. Su combinaci\u00f3n de azul intenso con detalles en oro lo convierte en uno de los Rolex m\u00e1s reconocibles. Caracter\u00edsticas: Caja: 41 mm, acero inoxidable 904L [&hellip;]<\/p>\n","protected":false},"featured_media":4375,"template":"","meta":{"_acf_changed":false,"om_disable_all_campaigns":false,"_uag_custom_page_level_css":"","_monsterinsights_skip_tracking":false,"_monsterinsights_sitenote_active":false,"_monsterinsights_sitenote_note":"","_monsterinsights_sitenote_category":0,"site-sidebar-layout":"default","site-content-layout":"","ast-site-content-layout":"default","site-content-style":"default","site-sidebar-style":"default","ast-global-header-display":"","ast-banner-title-visibility":"","ast-main-header-display":"","ast-hfb-above-header-display":"","ast-hfb-below-header-display":"","ast-hfb-mobile-header-display":"","site-post-title":"","ast-breadcrumbs-content":"","ast-featured-img":"","footer-sml-layout":"","ast-disable-related-posts":"","theme-transparent-header-meta":"default","adv-header-id-meta":"","stick-header-meta":"","header-above-stick-meta":"","header-main-stick-meta":"","header-below-stick-meta":"","astra-migrate-meta-layouts":"set","ast-page-background-enabled":"default","ast-page-background-meta":{"desktop":{"background-color":"var(--ast-global-color-4)","background-image":"","background-repeat":"repeat","background-position":"center center","background-size":"auto","background-attachment":"scroll","background-type":"","background-media":"","overlay-type":"","overlay-color":"","overlay-opacity":"","overlay-gradient":""},"tablet":{"background-color":"","background-image":"","background-repeat":"repeat","background-position":"center center","background-size":"auto","background-attachment":"scroll","background-type":"","background-media":"","overlay-type":"","overlay-color":"","overlay-opacity":"","overlay-gradient":""},"mobile":{"background-color":"","background-image":"","background-repeat":"repeat","background-position":"center center","background-size":"auto","background-attachment":"scroll","background-type":"","background-media":"","overlay-type":"","overlay-color":"","overlay-opacity":"","overlay-gradient":""}},"ast-content-background-meta":{"desktop":{"background-color":"var(--ast-global-color-5)","background-image":"","background-repeat":"repeat","background-position":"center center","background-size":"auto","background-attachment":"scroll","background-type":"","background-media":"","overlay-type":"","overlay-color":"","overlay-opacity":"","overlay-gradient":""},"tablet":{"background-color":"var(--ast-global-color-5)","background-image":"","background-repeat":"repeat","background-position":"center center","background-size":"auto","background-attachment":"scroll","background-type":"","background-media":"","overlay-type":"","overlay-color":"","overlay-opacity":"","overlay-gradient":""},"mobile":{"background-color":"var(--ast-global-color-5)","background-image":"","background-repeat":"repeat","background-position":"center center","background-size":"auto","background-attachment":"scroll","background-type":"","background-media":"","overlay-type":"","overlay-color":"","overlay-opacity":"","overlay-gradient":""}}},"product_brand":[],"product_cat":[27],"product_tag":[],"class_list":{"0":"post-4322","1":"product","2":"type-product","3":"status-publish","4":"has-post-thumbnail","6":"product_cat-rolex","7":"desktop-align-left","8":"tablet-align-left","9":"mobile-align-left","11":"first","12":"instock","13":"shipping-taxable","14":"purchasable","15":"product-type-variable"},"acf":[],"uagb_featured_image_src":{"full":["https:\/\/clonsuizo.com\/wp-content\/uploads\/2025\/05\/Rolex-GMT-Master-II-gold-jubilee-82.png",1030,1030,false],"thumbnail":["https:\/\/clonsuizo.com\/wp-content\/uploads\/2025\/05\/Rolex-GMT-Master-II-gold-jubilee-82-150x150.png",150,150,true],"medium":["https:\/\/clonsuizo.com\/wp-content\/uploads\/2025\/05\/Rolex-GMT-Master-II-gold-jubilee-82-300x300.png",300,300,true],"medium_large":["https:\/\/clonsuizo.com\/wp-content\/uploads\/2025\/05\/Rolex-GMT-Master-II-gold-jubilee-82-768x768.png",768,768,true],"large":["https:\/\/clonsuizo.com\/wp-content\/uploads\/2025\/05\/Rolex-GMT-Master-II-gold-jubilee-82-1024x1024.png",1024,1024,true],"1536x1536":["https:\/\/clonsuizo.com\/wp-content\/uploads\/2025\/05\/Rolex-GMT-Master-II-gold-jubilee-82.png",1030,1030,false],"2048x2048":["https:\/\/clonsuizo.com\/wp-content\/uploads\/2025\/05\/Rolex-GMT-Master-II-gold-jubilee-82.png",1030,1030,false],"mailpoet_newsletter_max":["https:\/\/clonsuizo.com\/wp-content\/uploads\/2025\/05\/Rolex-GMT-Master-II-gold-jubilee-82.png",1030,1030,false],"woocommerce_thumbnail":["https:\/\/clonsuizo.com\/wp-content\/uploads\/2025\/05\/Rolex-GMT-Master-II-gold-jubilee-82-420x420.png",420,420,true],"woocommerce_single":["https:\/\/clonsuizo.com\/wp-content\/uploads\/2025\/05\/Rolex-GMT-Master-II-gold-jubilee-82-380x380.png",380,380,true],"woocommerce_gallery_thumbnail":["https:\/\/clonsuizo.com\/wp-content\/uploads\/2025\/05\/Rolex-GMT-Master-II-gold-jubilee-82-100x100.png",100,100,true],"variation_swatches_image_size":["https:\/\/clonsuizo.com\/wp-content\/uploads\/2025\/05\/Rolex-GMT-Master-II-gold-jubilee-82-50x50.png",50,50,true],"variation_swatches_tooltip_size":["https:\/\/clonsuizo.com\/wp-content\/uploads\/2025\/05\/Rolex-GMT-Master-II-gold-jubilee-82-100x100.png",100,100,true]},"uagb_author_info":{"display_name":"clonsuizo.com","author_link":"https:\/\/clonsuizo.com\/?author=0"},"uagb_comment_info":0,"uagb_excerpt":"Rolex Submariner Date \u201cBluesy\u201d \u2013 Ref. 126613LBR\u00e9plica Suiza 1:1 en acero 904L y oro amarillo con bisel cer\u00e1mico azul El Submariner Bluesy es una mezcla perfecta entre deportividad y lujo. Su combinaci\u00f3n de azul intenso con detalles en oro lo convierte en uno de los Rolex m\u00e1s reconocibles. Caracter\u00edsticas: Caja: 41 mm, acero inoxidable 904L&hellip;","_links":{"self":[{"href":"https:\/\/clonsuizo.com\/index.php?rest_route=\/wp\/v2\/product\/4322","targetHints":{"allow":["GET"]}}],"collection":[{"href":"https:\/\/clonsuizo.com\/index.php?rest_route=\/wp\/v2\/product"}],"about":[{"href":"https:\/\/clonsuizo.com\/index.php?rest_route=\/wp\/v2\/types\/product"}],"version-history":[{"count":3,"href":"https:\/\/clonsuizo.com\/index.php?rest_route=\/wp\/v2\/product\/4322\/revisions"}],"predecessor-version":[{"id":6017,"href":"https:\/\/clonsuizo.com\/index.php?rest_route=\/wp\/v2\/product\/4322\/revisions\/6017"}],"wp:featuredmedia":[{"embeddable":true,"href":"https:\/\/clonsuizo.com\/index.php?rest_route=\/wp\/v2\/media\/4375"}],"wp:attachment":[{"href":"https:\/\/clonsuizo.com\/index.php?rest_route=%2Fwp%2Fv2%2Fmedia&parent=4322"}],"wp:term":[{"taxonomy":"product_brand","embeddable":true,"href":"https:\/\/clonsuizo.com\/index.php?rest_route=%2Fwp%2Fv2%2Fproduct_brand&post=4322"},{"taxonomy":"product_cat","embeddable":true,"href":"https:\/\/clonsuizo.com\/index.php?rest_route=%2Fwp%2Fv2%2Fproduct_cat&post=4322"},{"taxonomy":"product_tag","embeddable":true,"href":"https:\/\/clonsuizo.com\/index.php?rest_route=%2Fwp%2Fv2%2Fproduct_tag&post=4322"}],"curies":[{"name":"wp","href":"https:\/\/api.w.org\/{rel}","templated":true}]}}