{"id":4307,"date":"2025-05-05T01:36:37","date_gmt":"2025-05-04T23:36:37","guid":{"rendered":"https:\/\/clonsuizo.com\/?post_type=product&#038;p=4307"},"modified":"2026-04-20T03:14:50","modified_gmt":"2026-04-20T01:14:50","slug":"rolex-submariner-no-date-41mm-ref-124060","status":"publish","type":"product","link":"https:\/\/clonsuizo.com\/?product=rolex-submariner-no-date-41mm-ref-124060","title":{"rendered":"Rolex Submariner No Date 40mm ref. 124060"},"content":{"rendered":"<p data-start=\"107\" data-end=\"215\"><strong data-start=\"107\" data-end=\"154\">Rolex Submariner Date Black \u2013 Ref. 126610LN<\/strong><br data-start=\"154\" data-end=\"157\" \/><em data-start=\"157\" data-end=\"215\">R\u00e9plica Suiza 1:1 en acero 904L con bisel cer\u00e1mico negro<\/em><\/p>\n<p data-start=\"217\" data-end=\"362\">El Submariner negro es el Rolex por excelencia. Dise\u00f1o limpio, atemporal y perfecto para cualquier ocasi\u00f3n. El m\u00e1s vers\u00e1til de toda la colecci\u00f3n.<\/p>\n<hr data-start=\"364\" data-end=\"367\" \/>\n<p data-start=\"369\" data-end=\"389\"><strong data-start=\"369\" data-end=\"389\">Caracter\u00edsticas:<\/strong><\/p>\n<ul data-start=\"390\" data-end=\"832\">\n<li data-section-id=\"1s0vutq\" data-start=\"390\" data-end=\"428\">Caja: 41 mm, acero inoxidable 904L<\/li>\n<li data-section-id=\"1ndwqtg\" data-start=\"429\" data-end=\"466\">Cristal: Zafiro con lente Cyclops<\/li>\n<li data-section-id=\"vvrqka\" data-start=\"467\" data-end=\"564\"><strong data-start=\"469\" data-end=\"562\">Grabado l\u00e1ser en el cristal a la altura del \u00edndice de las 6 (corona Rolex, como original)<\/strong><\/li>\n<li data-section-id=\"11umdov\" data-start=\"565\" data-end=\"615\">Movimiento: Autom\u00e1tico clonado (seg\u00fan calidad)<\/li>\n<li data-section-id=\"133z1tj\" data-start=\"616\" data-end=\"663\">Funciones: Hora, minutos, segundero y fecha<\/li>\n<li data-section-id=\"379tzt\" data-start=\"664\" data-end=\"705\">Dial: Negro con \u00edndices luminiscentes<\/li>\n<li data-section-id=\"tc4ysi\" data-start=\"706\" data-end=\"746\">Bisel: Cer\u00e1mico negro unidireccional<\/li>\n<li data-section-id=\"1kc44ne\" data-start=\"747\" data-end=\"777\">Agujas: Mercedes con lumen<\/li>\n<li data-section-id=\"1481fpe\" data-start=\"778\" data-end=\"803\">Pulsera: Oyster acero<\/li>\n<li data-section-id=\"1y14cj6\" data-start=\"804\" data-end=\"832\">Hermeticidad: 300 metros<\/li>\n<\/ul>\n<hr data-start=\"834\" data-end=\"837\" \/>\n<p data-start=\"839\" data-end=\"865\"><strong data-start=\"839\" data-end=\"865\">Calidades Disponibles:<\/strong><\/p>\n<ul data-start=\"867\" data-end=\"1353\">\n<li data-section-id=\"geuksn\" data-start=\"867\" data-end=\"999\"><strong data-start=\"869\" data-end=\"877\">AAA+<\/strong>: Acero 904L (aleaci\u00f3n baja), cristal de zafiro, 21,600 alternancias, movimiento b\u00e1sico (no recomendable, sin reparaci\u00f3n).<\/li>\n<li data-section-id=\"3best2\" data-start=\"1001\" data-end=\"1151\"><strong data-start=\"1003\" data-end=\"1011\">CLON<\/strong>: Acero 904L (aleaci\u00f3n media), cristal de zafiro, Miyota super (Japon\u00e9s, gama alta), 21,600 alternancias, funcionamiento fiable (reparable).<\/li>\n<li data-section-id=\"vculyq\" data-start=\"1153\" data-end=\"1353\"><strong data-start=\"1155\" data-end=\"1168\">SUPERCLON<\/strong>: Acero 904L (aleaci\u00f3n alta), cristal de zafiro, maquinaria suiza completamente replicada del original (Cal. 3235), 28,800 alternancias, funcionamiento id\u00e9ntico al original (reparable).<\/li>\n<\/ul>\n<hr data-start=\"1355\" data-end=\"1358\" \/>\n<p data-start=\"1360\" data-end=\"1498\"><strong data-start=\"1360\" data-end=\"1392\">\u00bfPor qu\u00e9 elegir este modelo?<\/strong><br data-start=\"1392\" data-end=\"1395\" \/>\u2714 El Rolex m\u00e1s ic\u00f3nico<br data-start=\"1417\" data-end=\"1420\" \/>\u2714 Dise\u00f1o limpio y atemporal<br data-start=\"1447\" data-end=\"1450\" \/>\u2714 Combina con todo<br data-start=\"1468\" data-end=\"1471\" \/>\u2714 Alta resistencia (300m)<\/p>\n<hr data-start=\"1500\" data-end=\"1503\" \/>\n<p data-start=\"1505\" data-end=\"1546\">\ud83d\ude80 <strong data-start=\"1508\" data-end=\"1544\">Env\u00edo Seguro + Garant\u00eda Incluida<\/strong><\/p>\n<ul data-start=\"1547\" data-end=\"1705\">\n<li data-section-id=\"9no3xw\" data-start=\"1547\" data-end=\"1582\">Env\u00edo internacional con rastreo<\/li>\n<li data-section-id=\"10ghcmj\" data-start=\"1583\" data-end=\"1630\">Garant\u00eda de 30 d\u00edas por defectos de f\u00e1brica<\/li>\n<li data-section-id=\"znaodm\" data-start=\"1631\" data-end=\"1671\">Soporte 24\/7 en espa\u00f1ol v\u00eda WhatsApp<\/li>\n<li data-section-id=\"7x1a4y\" data-start=\"1672\" data-end=\"1705\">Pagos seguros con cifrado SSL<\/li>\n<\/ul>\n<hr data-start=\"1707\" data-end=\"1710\" \/>\n<p data-start=\"1712\" data-end=\"1764\" data-is-last-node=\"\" data-is-only-node=\"\">\ud83d\udda4 <strong data-start=\"1715\" data-end=\"1764\" data-is-last-node=\"\">El Submariner definitivo, sin complicaciones.<\/strong><\/p>\n","protected":false},"excerpt":{"rendered":"<p>Rolex Submariner Date Black \u2013 Ref. 126610LNR\u00e9plica Suiza 1:1 en acero 904L con bisel cer\u00e1mico negro El Submariner negro es el Rolex por excelencia. Dise\u00f1o limpio, atemporal y perfecto para cualquier ocasi\u00f3n. El m\u00e1s vers\u00e1til de toda la colecci\u00f3n. Caracter\u00edsticas: Caja: 41 mm, acero inoxidable 904L Cristal: Zafiro con lente Cyclops Grabado l\u00e1ser en el [&hellip;]<\/p>\n","protected":false},"featured_media":4354,"template":"","meta":{"_acf_changed":false,"om_disable_all_campaigns":false,"_uag_custom_page_level_css":"","_monsterinsights_skip_tracking":false,"_monsterinsights_sitenote_active":false,"_monsterinsights_sitenote_note":"","_monsterinsights_sitenote_category":0,"site-sidebar-layout":"default","site-content-layout":"","ast-site-content-layout":"default","site-content-style":"default","site-sidebar-style":"default","ast-global-header-display":"","ast-banner-title-visibility":"","ast-main-header-display":"","ast-hfb-above-header-display":"","ast-hfb-below-header-display":"","ast-hfb-mobile-header-display":"","site-post-title":"","ast-breadcrumbs-content":"","ast-featured-img":"","footer-sml-layout":"","ast-disable-related-posts":"","theme-transparent-header-meta":"default","adv-header-id-meta":"","stick-header-meta":"","header-above-stick-meta":"","header-main-stick-meta":"","header-below-stick-meta":"","astra-migrate-meta-layouts":"set","ast-page-background-enabled":"default","ast-page-background-meta":{"desktop":{"background-color":"var(--ast-global-color-4)","background-image":"","background-repeat":"repeat","background-position":"center center","background-size":"auto","background-attachment":"scroll","background-type":"","background-media":"","overlay-type":"","overlay-color":"","overlay-opacity":"","overlay-gradient":""},"tablet":{"background-color":"","background-image":"","background-repeat":"repeat","background-position":"center center","background-size":"auto","background-attachment":"scroll","background-type":"","background-media":"","overlay-type":"","overlay-color":"","overlay-opacity":"","overlay-gradient":""},"mobile":{"background-color":"","background-image":"","background-repeat":"repeat","background-position":"center center","background-size":"auto","background-attachment":"scroll","background-type":"","background-media":"","overlay-type":"","overlay-color":"","overlay-opacity":"","overlay-gradient":""}},"ast-content-background-meta":{"desktop":{"background-color":"var(--ast-global-color-5)","background-image":"","background-repeat":"repeat","background-position":"center center","background-size":"auto","background-attachment":"scroll","background-type":"","background-media":"","overlay-type":"","overlay-color":"","overlay-opacity":"","overlay-gradient":""},"tablet":{"background-color":"var(--ast-global-color-5)","background-image":"","background-repeat":"repeat","background-position":"center center","background-size":"auto","background-attachment":"scroll","background-type":"","background-media":"","overlay-type":"","overlay-color":"","overlay-opacity":"","overlay-gradient":""},"mobile":{"background-color":"var(--ast-global-color-5)","background-image":"","background-repeat":"repeat","background-position":"center center","background-size":"auto","background-attachment":"scroll","background-type":"","background-media":"","overlay-type":"","overlay-color":"","overlay-opacity":"","overlay-gradient":""}}},"product_brand":[],"product_cat":[27],"product_tag":[],"class_list":{"0":"post-4307","1":"product","2":"type-product","3":"status-publish","4":"has-post-thumbnail","6":"product_cat-rolex","7":"desktop-align-left","8":"tablet-align-left","9":"mobile-align-left","11":"first","12":"instock","13":"shipping-taxable","14":"purchasable","15":"product-type-variable"},"acf":[],"uagb_featured_image_src":{"full":["https:\/\/clonsuizo.com\/wp-content\/uploads\/2025\/05\/Rolex-GMT-Master-II-gold-jubilee-74.png",1030,1030,false],"thumbnail":["https:\/\/clonsuizo.com\/wp-content\/uploads\/2025\/05\/Rolex-GMT-Master-II-gold-jubilee-74-150x150.png",150,150,true],"medium":["https:\/\/clonsuizo.com\/wp-content\/uploads\/2025\/05\/Rolex-GMT-Master-II-gold-jubilee-74-300x300.png",300,300,true],"medium_large":["https:\/\/clonsuizo.com\/wp-content\/uploads\/2025\/05\/Rolex-GMT-Master-II-gold-jubilee-74-768x768.png",768,768,true],"large":["https:\/\/clonsuizo.com\/wp-content\/uploads\/2025\/05\/Rolex-GMT-Master-II-gold-jubilee-74-1024x1024.png",1024,1024,true],"1536x1536":["https:\/\/clonsuizo.com\/wp-content\/uploads\/2025\/05\/Rolex-GMT-Master-II-gold-jubilee-74.png",1030,1030,false],"2048x2048":["https:\/\/clonsuizo.com\/wp-content\/uploads\/2025\/05\/Rolex-GMT-Master-II-gold-jubilee-74.png",1030,1030,false],"mailpoet_newsletter_max":["https:\/\/clonsuizo.com\/wp-content\/uploads\/2025\/05\/Rolex-GMT-Master-II-gold-jubilee-74.png",1030,1030,false],"woocommerce_thumbnail":["https:\/\/clonsuizo.com\/wp-content\/uploads\/2025\/05\/Rolex-GMT-Master-II-gold-jubilee-74-420x420.png",420,420,true],"woocommerce_single":["https:\/\/clonsuizo.com\/wp-content\/uploads\/2025\/05\/Rolex-GMT-Master-II-gold-jubilee-74-380x380.png",380,380,true],"woocommerce_gallery_thumbnail":["https:\/\/clonsuizo.com\/wp-content\/uploads\/2025\/05\/Rolex-GMT-Master-II-gold-jubilee-74-100x100.png",100,100,true],"variation_swatches_image_size":["https:\/\/clonsuizo.com\/wp-content\/uploads\/2025\/05\/Rolex-GMT-Master-II-gold-jubilee-74-50x50.png",50,50,true],"variation_swatches_tooltip_size":["https:\/\/clonsuizo.com\/wp-content\/uploads\/2025\/05\/Rolex-GMT-Master-II-gold-jubilee-74-100x100.png",100,100,true]},"uagb_author_info":{"display_name":"clonsuizo.com","author_link":"https:\/\/clonsuizo.com\/?author=0"},"uagb_comment_info":0,"uagb_excerpt":"Rolex Submariner Date Black \u2013 Ref. 126610LNR\u00e9plica Suiza 1:1 en acero 904L con bisel cer\u00e1mico negro El Submariner negro es el Rolex por excelencia. Dise\u00f1o limpio, atemporal y perfecto para cualquier ocasi\u00f3n. El m\u00e1s vers\u00e1til de toda la colecci\u00f3n. Caracter\u00edsticas: Caja: 41 mm, acero inoxidable 904L Cristal: Zafiro con lente Cyclops Grabado l\u00e1ser en el&hellip;","_links":{"self":[{"href":"https:\/\/clonsuizo.com\/index.php?rest_route=\/wp\/v2\/product\/4307","targetHints":{"allow":["GET"]}}],"collection":[{"href":"https:\/\/clonsuizo.com\/index.php?rest_route=\/wp\/v2\/product"}],"about":[{"href":"https:\/\/clonsuizo.com\/index.php?rest_route=\/wp\/v2\/types\/product"}],"version-history":[{"count":3,"href":"https:\/\/clonsuizo.com\/index.php?rest_route=\/wp\/v2\/product\/4307\/revisions"}],"predecessor-version":[{"id":6024,"href":"https:\/\/clonsuizo.com\/index.php?rest_route=\/wp\/v2\/product\/4307\/revisions\/6024"}],"wp:featuredmedia":[{"embeddable":true,"href":"https:\/\/clonsuizo.com\/index.php?rest_route=\/wp\/v2\/media\/4354"}],"wp:attachment":[{"href":"https:\/\/clonsuizo.com\/index.php?rest_route=%2Fwp%2Fv2%2Fmedia&parent=4307"}],"wp:term":[{"taxonomy":"product_brand","embeddable":true,"href":"https:\/\/clonsuizo.com\/index.php?rest_route=%2Fwp%2Fv2%2Fproduct_brand&post=4307"},{"taxonomy":"product_cat","embeddable":true,"href":"https:\/\/clonsuizo.com\/index.php?rest_route=%2Fwp%2Fv2%2Fproduct_cat&post=4307"},{"taxonomy":"product_tag","embeddable":true,"href":"https:\/\/clonsuizo.com\/index.php?rest_route=%2Fwp%2Fv2%2Fproduct_tag&post=4307"}],"curies":[{"name":"wp","href":"https:\/\/api.w.org\/{rel}","templated":true}]}}