{"id":4276,"date":"2025-05-05T01:34:01","date_gmt":"2025-05-04T23:34:01","guid":{"rendered":"https:\/\/clonsuizo.com\/?post_type=product&#038;p=4276"},"modified":"2026-04-20T03:17:00","modified_gmt":"2026-04-20T01:17:00","slug":"rolex-gmt-master-ii-yellow-gold-40mm-ref-126718ln","status":"publish","type":"product","link":"https:\/\/clonsuizo.com\/?product=rolex-gmt-master-ii-yellow-gold-40mm-ref-126718ln","title":{"rendered":"Rolex GMT-Master II Yellow Gold 40mm ref. 126718LN"},"content":{"rendered":"<div class=\"flex flex-col text-sm pb-25\">\n<section class=\"text-token-text-primary w-full focus:outline-none [--shadow-height:45px] has-data-writing-block:pointer-events-none has-data-writing-block:-mt-(--shadow-height) has-data-writing-block:pt-(--shadow-height) [&amp;:has([data-writing-block])&gt;*]:pointer-events-auto scroll-mt-[calc(var(--header-height)+min(200px,max(70px,20svh)))]\" dir=\"auto\" data-turn-id=\"request-WEB:7151a0fc-52d8-4d3e-ad18-06105aa0019e-42\" data-testid=\"conversation-turn-170\" data-scroll-anchor=\"true\" data-turn=\"assistant\">\n<div class=\"text-base my-auto mx-auto pb-10 [--thread-content-margin:var(--thread-content-margin-xs,calc(var(--spacing)*4))] @w-sm\/main:[--thread-content-margin:var(--thread-content-margin-sm,calc(var(--spacing)*6))] @w-lg\/main:[--thread-content-margin:var(--thread-content-margin-lg,calc(var(--spacing)*16))] px-(--thread-content-margin)\">\n<div class=\"[--thread-content-max-width:40rem] @w-lg\/main:[--thread-content-max-width:48rem] mx-auto max-w-(--thread-content-max-width) flex-1 group\/turn-messages focus-visible:outline-hidden relative flex w-full min-w-0 flex-col agent-turn\">\n<div class=\"flex max-w-full flex-col gap-4 grow\">\n<div class=\"min-h-8 text-message relative flex w-full flex-col items-end gap-2 text-start break-words whitespace-normal outline-none keyboard-focused:focus-ring [.text-message+&amp;]:mt-1\" dir=\"auto\" tabindex=\"0\" data-message-author-role=\"assistant\" data-message-id=\"8d22742e-da90-43bc-9467-312e737ad16d\" data-message-model-slug=\"gpt-5-3\" data-turn-start-message=\"true\">\n<div class=\"flex w-full flex-col gap-1 empty:hidden\">\n<div class=\"markdown prose dark:prose-invert w-full wrap-break-word light markdown-new-styling\">\n<p data-start=\"90\" data-end=\"227\"><strong data-start=\"90\" data-end=\"141\">Rolex GMT-Master II Full Gold \u2013 Ref. 126718GRNR<\/strong><br data-start=\"141\" data-end=\"144\" \/><em data-start=\"144\" data-end=\"227\">R\u00e9plica Suiza 1:1 en oro amarillo (acabado premium) con bisel cer\u00e1mico negro\/gris<\/em><\/p>\n<p data-start=\"229\" data-end=\"390\">El GMT en oro amarillo completo es uno de los modelos m\u00e1s lujosos de Rolex. Combina deportividad con elegancia extrema, ideal para destacar en cualquier ocasi\u00f3n.<\/p>\n<hr data-start=\"392\" data-end=\"395\" \/>\n<p data-start=\"397\" data-end=\"417\"><strong data-start=\"397\" data-end=\"417\">Caracter\u00edsticas:<\/strong><\/p>\n<ul data-start=\"418\" data-end=\"959\">\n<li data-section-id=\"1bzgnxs\" data-start=\"418\" data-end=\"481\">Caja: 40 mm, acero inoxidable 904L con ba\u00f1o en oro amarillo<\/li>\n<li data-section-id=\"1ndwqtg\" data-start=\"482\" data-end=\"519\">Cristal: Zafiro con lente Cyclops<\/li>\n<li data-section-id=\"vvrqka\" data-start=\"520\" data-end=\"617\"><strong data-start=\"522\" data-end=\"615\">Grabado l\u00e1ser en el cristal a la altura del \u00edndice de las 6 (corona Rolex, como original)<\/strong><\/li>\n<li data-section-id=\"1t6rh5d\" data-start=\"618\" data-end=\"672\">Movimiento: Autom\u00e1tico GMT clonado (seg\u00fan calidad)<\/li>\n<li data-section-id=\"1jsiq84\" data-start=\"673\" data-end=\"748\">Funciones: Hora, minutos, segundero, fecha y segundo huso horario (GMT)<\/li>\n<li data-section-id=\"34brlt\" data-start=\"749\" data-end=\"800\">Dial: Negro con \u00edndices luminiscentes en dorado<\/li>\n<li data-section-id=\"1tgzbtm\" data-start=\"801\" data-end=\"847\">Bisel: Cer\u00e1mico negro\/gris (bidireccional)<\/li>\n<li data-section-id=\"1s2d7l5\" data-start=\"848\" data-end=\"869\">Aguja GMT: Dorada<\/li>\n<li data-section-id=\"ptdu31\" data-start=\"870\" data-end=\"930\">Pulsera: Jubilee (tambi\u00e9n disponible Oyster bajo pedido)<\/li>\n<li data-section-id=\"1nw1wz4\" data-start=\"931\" data-end=\"959\">Hermeticidad: 100 metros<\/li>\n<\/ul>\n<hr data-start=\"961\" data-end=\"964\" \/>\n<p data-start=\"966\" data-end=\"992\"><strong data-start=\"966\" data-end=\"992\">Calidades Disponibles:<\/strong><\/p>\n<ul data-start=\"994\" data-end=\"1536\">\n<li data-section-id=\"lapesm\" data-start=\"994\" data-end=\"1149\"><strong data-start=\"996\" data-end=\"1004\">AAA+<\/strong>: Acero 904L (aleaci\u00f3n baja), cristal de zafiro, 21,600 alternancias, movimiento b\u00e1sico (funci\u00f3n GMT est\u00e9tica) (no recomendable, sin reparaci\u00f3n).<\/li>\n<li data-section-id=\"2vio0y\" data-start=\"1151\" data-end=\"1318\"><strong data-start=\"1153\" data-end=\"1161\">CLON<\/strong>: Acero 904L (aleaci\u00f3n media), cristal de zafiro, Miyota super (Japon\u00e9s, gama alta de Miyota), 21,600 alternancias, funci\u00f3n GMT funcional b\u00e1sica (reparable).<\/li>\n<li data-section-id=\"1m9fmzz\" data-start=\"1320\" data-end=\"1536\"><strong data-start=\"1322\" data-end=\"1335\">SUPERCLON<\/strong>: Acero 904L (aleaci\u00f3n alta), cristal de zafiro, maquinaria suiza completamente replicada del original (Cal. 3285), 28,800 alternancias, funci\u00f3n GMT completamente funcional e independiente (reparable).<\/li>\n<\/ul>\n<hr data-start=\"1538\" data-end=\"1541\" \/>\n<p data-start=\"1543\" data-end=\"1704\"><strong data-start=\"1543\" data-end=\"1575\">\u00bfPor qu\u00e9 elegir este modelo?<\/strong><br data-start=\"1575\" data-end=\"1578\" \/>\u2714 Full gold: m\u00e1xima presencia<br data-start=\"1607\" data-end=\"1610\" \/>\u2714 Bisel negro\/gris elegante<br data-start=\"1637\" data-end=\"1640\" \/>\u2714 Muy exclusivo y poco visto<br data-start=\"1668\" data-end=\"1671\" \/>\u2714 Funci\u00f3n GMT real en SUPERCLON<\/p>\n<hr data-start=\"1706\" data-end=\"1709\" \/>\n<p data-start=\"1711\" data-end=\"1752\">\ud83d\ude80 <strong data-start=\"1714\" data-end=\"1750\">Env\u00edo Seguro + Garant\u00eda Incluida<\/strong><\/p>\n<ul data-start=\"1753\" data-end=\"1911\">\n<li data-section-id=\"9no3xw\" data-start=\"1753\" data-end=\"1788\">Env\u00edo internacional con rastreo<\/li>\n<li data-section-id=\"10ghcmj\" data-start=\"1789\" data-end=\"1836\">Garant\u00eda de 30 d\u00edas por defectos de f\u00e1brica<\/li>\n<li data-section-id=\"znaodm\" data-start=\"1837\" data-end=\"1877\">Soporte 24\/7 en espa\u00f1ol v\u00eda WhatsApp<\/li>\n<li data-section-id=\"7x1a4y\" data-start=\"1878\" data-end=\"1911\">Pagos seguros con cifrado SSL<\/li>\n<\/ul>\n<hr data-start=\"1913\" data-end=\"1916\" \/>\n<p data-start=\"1918\" data-end=\"1950\" data-is-last-node=\"\" data-is-only-node=\"\">\ud83d\udc51 <strong data-start=\"1921\" data-end=\"1950\" data-is-last-node=\"\">Lujo puro en formato GMT.<\/strong><\/p>\n<\/div>\n<\/div>\n<\/div>\n<\/div>\n<div class=\"z-0 flex min-h-[46px] justify-start\"><\/div>\n<div class=\"mt-3 w-full empty:hidden\">\n<div class=\"text-center\"><\/div>\n<\/div>\n<\/div>\n<\/div>\n<\/section>\n<\/div>\n<div class=\"pointer-events-none h-px w-px absolute bottom-0\" aria-hidden=\"true\" data-edge=\"true\"><\/div>\n","protected":false},"excerpt":{"rendered":"<p>Rolex GMT-Master II Full Gold \u2013 Ref. 126718GRNRR\u00e9plica Suiza 1:1 en oro amarillo (acabado premium) con bisel cer\u00e1mico negro\/gris El GMT en oro amarillo completo es uno de los modelos m\u00e1s lujosos de Rolex. Combina deportividad con elegancia extrema, ideal para destacar en cualquier ocasi\u00f3n. Caracter\u00edsticas: Caja: 40 mm, acero inoxidable 904L con ba\u00f1o en [&hellip;]<\/p>\n","protected":false},"featured_media":4335,"template":"","meta":{"_acf_changed":false,"om_disable_all_campaigns":false,"_uag_custom_page_level_css":"","_monsterinsights_skip_tracking":false,"_monsterinsights_sitenote_active":false,"_monsterinsights_sitenote_note":"","_monsterinsights_sitenote_category":0,"site-sidebar-layout":"default","site-content-layout":"","ast-site-content-layout":"default","site-content-style":"default","site-sidebar-style":"default","ast-global-header-display":"","ast-banner-title-visibility":"","ast-main-header-display":"","ast-hfb-above-header-display":"","ast-hfb-below-header-display":"","ast-hfb-mobile-header-display":"","site-post-title":"","ast-breadcrumbs-content":"","ast-featured-img":"","footer-sml-layout":"","ast-disable-related-posts":"","theme-transparent-header-meta":"default","adv-header-id-meta":"","stick-header-meta":"","header-above-stick-meta":"","header-main-stick-meta":"","header-below-stick-meta":"","astra-migrate-meta-layouts":"set","ast-page-background-enabled":"default","ast-page-background-meta":{"desktop":{"background-color":"var(--ast-global-color-4)","background-image":"","background-repeat":"repeat","background-position":"center center","background-size":"auto","background-attachment":"scroll","background-type":"","background-media":"","overlay-type":"","overlay-color":"","overlay-opacity":"","overlay-gradient":""},"tablet":{"background-color":"","background-image":"","background-repeat":"repeat","background-position":"center center","background-size":"auto","background-attachment":"scroll","background-type":"","background-media":"","overlay-type":"","overlay-color":"","overlay-opacity":"","overlay-gradient":""},"mobile":{"background-color":"","background-image":"","background-repeat":"repeat","background-position":"center center","background-size":"auto","background-attachment":"scroll","background-type":"","background-media":"","overlay-type":"","overlay-color":"","overlay-opacity":"","overlay-gradient":""}},"ast-content-background-meta":{"desktop":{"background-color":"var(--ast-global-color-5)","background-image":"","background-repeat":"repeat","background-position":"center center","background-size":"auto","background-attachment":"scroll","background-type":"","background-media":"","overlay-type":"","overlay-color":"","overlay-opacity":"","overlay-gradient":""},"tablet":{"background-color":"var(--ast-global-color-5)","background-image":"","background-repeat":"repeat","background-position":"center center","background-size":"auto","background-attachment":"scroll","background-type":"","background-media":"","overlay-type":"","overlay-color":"","overlay-opacity":"","overlay-gradient":""},"mobile":{"background-color":"var(--ast-global-color-5)","background-image":"","background-repeat":"repeat","background-position":"center center","background-size":"auto","background-attachment":"scroll","background-type":"","background-media":"","overlay-type":"","overlay-color":"","overlay-opacity":"","overlay-gradient":""}}},"product_brand":[],"product_cat":[27],"product_tag":[],"class_list":{"0":"post-4276","1":"product","2":"type-product","3":"status-publish","4":"has-post-thumbnail","6":"product_cat-rolex","7":"desktop-align-left","8":"tablet-align-left","9":"mobile-align-left","11":"first","12":"instock","13":"shipping-taxable","14":"purchasable","15":"product-type-variable"},"acf":[],"uagb_featured_image_src":{"full":["https:\/\/clonsuizo.com\/wp-content\/uploads\/2025\/05\/Rolex-GMT-Master-II-gold-jubilee-62.png",1030,1030,false],"thumbnail":["https:\/\/clonsuizo.com\/wp-content\/uploads\/2025\/05\/Rolex-GMT-Master-II-gold-jubilee-62-150x150.png",150,150,true],"medium":["https:\/\/clonsuizo.com\/wp-content\/uploads\/2025\/05\/Rolex-GMT-Master-II-gold-jubilee-62-300x300.png",300,300,true],"medium_large":["https:\/\/clonsuizo.com\/wp-content\/uploads\/2025\/05\/Rolex-GMT-Master-II-gold-jubilee-62-768x768.png",768,768,true],"large":["https:\/\/clonsuizo.com\/wp-content\/uploads\/2025\/05\/Rolex-GMT-Master-II-gold-jubilee-62-1024x1024.png",1024,1024,true],"1536x1536":["https:\/\/clonsuizo.com\/wp-content\/uploads\/2025\/05\/Rolex-GMT-Master-II-gold-jubilee-62.png",1030,1030,false],"2048x2048":["https:\/\/clonsuizo.com\/wp-content\/uploads\/2025\/05\/Rolex-GMT-Master-II-gold-jubilee-62.png",1030,1030,false],"mailpoet_newsletter_max":["https:\/\/clonsuizo.com\/wp-content\/uploads\/2025\/05\/Rolex-GMT-Master-II-gold-jubilee-62.png",1030,1030,false],"woocommerce_thumbnail":["https:\/\/clonsuizo.com\/wp-content\/uploads\/2025\/05\/Rolex-GMT-Master-II-gold-jubilee-62-420x420.png",420,420,true],"woocommerce_single":["https:\/\/clonsuizo.com\/wp-content\/uploads\/2025\/05\/Rolex-GMT-Master-II-gold-jubilee-62-380x380.png",380,380,true],"woocommerce_gallery_thumbnail":["https:\/\/clonsuizo.com\/wp-content\/uploads\/2025\/05\/Rolex-GMT-Master-II-gold-jubilee-62-100x100.png",100,100,true],"variation_swatches_image_size":["https:\/\/clonsuizo.com\/wp-content\/uploads\/2025\/05\/Rolex-GMT-Master-II-gold-jubilee-62-50x50.png",50,50,true],"variation_swatches_tooltip_size":["https:\/\/clonsuizo.com\/wp-content\/uploads\/2025\/05\/Rolex-GMT-Master-II-gold-jubilee-62-100x100.png",100,100,true]},"uagb_author_info":{"display_name":"clonsuizo.com","author_link":"https:\/\/clonsuizo.com\/?author=0"},"uagb_comment_info":0,"uagb_excerpt":"Rolex GMT-Master II Full Gold \u2013 Ref. 126718GRNRR\u00e9plica Suiza 1:1 en oro amarillo (acabado premium) con bisel cer\u00e1mico negro\/gris El GMT en oro amarillo completo es uno de los modelos m\u00e1s lujosos de Rolex. Combina deportividad con elegancia extrema, ideal para destacar en cualquier ocasi\u00f3n. Caracter\u00edsticas: Caja: 40 mm, acero inoxidable 904L con ba\u00f1o en&hellip;","_links":{"self":[{"href":"https:\/\/clonsuizo.com\/index.php?rest_route=\/wp\/v2\/product\/4276","targetHints":{"allow":["GET"]}}],"collection":[{"href":"https:\/\/clonsuizo.com\/index.php?rest_route=\/wp\/v2\/product"}],"about":[{"href":"https:\/\/clonsuizo.com\/index.php?rest_route=\/wp\/v2\/types\/product"}],"version-history":[{"count":3,"href":"https:\/\/clonsuizo.com\/index.php?rest_route=\/wp\/v2\/product\/4276\/revisions"}],"predecessor-version":[{"id":6671,"href":"https:\/\/clonsuizo.com\/index.php?rest_route=\/wp\/v2\/product\/4276\/revisions\/6671"}],"wp:featuredmedia":[{"embeddable":true,"href":"https:\/\/clonsuizo.com\/index.php?rest_route=\/wp\/v2\/media\/4335"}],"wp:attachment":[{"href":"https:\/\/clonsuizo.com\/index.php?rest_route=%2Fwp%2Fv2%2Fmedia&parent=4276"}],"wp:term":[{"taxonomy":"product_brand","embeddable":true,"href":"https:\/\/clonsuizo.com\/index.php?rest_route=%2Fwp%2Fv2%2Fproduct_brand&post=4276"},{"taxonomy":"product_cat","embeddable":true,"href":"https:\/\/clonsuizo.com\/index.php?rest_route=%2Fwp%2Fv2%2Fproduct_cat&post=4276"},{"taxonomy":"product_tag","embeddable":true,"href":"https:\/\/clonsuizo.com\/index.php?rest_route=%2Fwp%2Fv2%2Fproduct_tag&post=4276"}],"curies":[{"name":"wp","href":"https:\/\/api.w.org\/{rel}","templated":true}]}}