{"id":4260,"date":"2025-05-05T01:33:07","date_gmt":"2025-05-04T23:33:07","guid":{"rendered":"https:\/\/clonsuizo.com\/?post_type=product&#038;p=4260"},"modified":"2026-03-21T22:47:14","modified_gmt":"2026-03-21T21:47:14","slug":"rolex-gmt-master-ii-root-beer-40mm-ref-126711chnr-2","status":"publish","type":"product","link":"https:\/\/clonsuizo.com\/?product=rolex-gmt-master-ii-root-beer-40mm-ref-126711chnr-2","title":{"rendered":"Rolex GMT-Master II Root Beer 40mm ref. 126711CHNR"},"content":{"rendered":"<div class=\"flex flex-col text-sm pb-25\">\n<section class=\"text-token-text-primary w-full focus:outline-none [--shadow-height:45px] has-data-writing-block:pointer-events-none has-data-writing-block:-mt-(--shadow-height) has-data-writing-block:pt-(--shadow-height) [&amp;:has([data-writing-block])&gt;*]:pointer-events-auto scroll-mt-[calc(var(--header-height)+min(200px,max(70px,20svh)))]\" dir=\"auto\" data-turn-id=\"request-WEB:7151a0fc-52d8-4d3e-ad18-06105aa0019e-37\" data-testid=\"conversation-turn-160\" data-scroll-anchor=\"true\" data-turn=\"assistant\">\n<div class=\"text-base my-auto mx-auto pb-10 [--thread-content-margin:var(--thread-content-margin-xs,calc(var(--spacing)*4))] @w-sm\/main:[--thread-content-margin:var(--thread-content-margin-sm,calc(var(--spacing)*6))] @w-lg\/main:[--thread-content-margin:var(--thread-content-margin-lg,calc(var(--spacing)*16))] px-(--thread-content-margin)\">\n<div class=\"[--thread-content-max-width:40rem] @w-lg\/main:[--thread-content-max-width:48rem] mx-auto max-w-(--thread-content-max-width) flex-1 group\/turn-messages focus-visible:outline-hidden relative flex w-full min-w-0 flex-col agent-turn\">\n<div class=\"flex max-w-full flex-col gap-4 grow\">\n<div class=\"min-h-8 text-message relative flex w-full flex-col items-end gap-2 text-start break-words whitespace-normal outline-none keyboard-focused:focus-ring [.text-message+&amp;]:mt-1\" dir=\"auto\" tabindex=\"0\" data-message-author-role=\"assistant\" data-message-id=\"4286b3c9-006a-4d67-89a3-196521be5da1\" data-message-model-slug=\"gpt-5-3\" data-turn-start-message=\"true\">\n<div class=\"flex w-full flex-col gap-1 empty:hidden\">\n<div class=\"markdown prose dark:prose-invert w-full wrap-break-word light markdown-new-styling\">\n<p data-start=\"128\" data-end=\"294\"><strong data-start=\"128\" data-end=\"200\">Rolex GMT-Master II \u201cRoot Beer Everose\u201d Black Dial \u2013 Ref. 126711CHNR<\/strong><br data-start=\"200\" data-end=\"203\" \/><em data-start=\"203\" data-end=\"294\">R\u00e9plica Suiza 1:1 en acero 904L con ba\u00f1o en oro Everose 18k y bisel cer\u00e1mico marr\u00f3n\/negro<\/em><\/p>\n<p data-start=\"296\" data-end=\"521\">El GMT-Master II \u201cRoot Beer Everose\u201d destaca por su combinaci\u00f3n elegante de acero y tonos c\u00e1lidos en oro. El bisel cer\u00e1mico marr\u00f3n y negro junto con los detalles en Everose crean un reloj sofisticado, moderno y muy exclusivo.<\/p>\n<p data-start=\"523\" data-end=\"603\">Una opci\u00f3n perfecta para quien quiere un GMT diferente, con un toque m\u00e1s lujoso.<\/p>\n<hr data-start=\"605\" data-end=\"608\" \/>\n<p data-start=\"610\" data-end=\"630\"><strong data-start=\"610\" data-end=\"630\">Caracter\u00edsticas:<\/strong><\/p>\n<ul data-start=\"631\" data-end=\"1085\">\n<li data-section-id=\"12mcjx9\" data-start=\"631\" data-end=\"711\">Caja: 40 mm, acero inoxidable 904L + ba\u00f1o en oro Everose 18k (seg\u00fan calidad)<\/li>\n<li data-section-id=\"1ndwqtg\" data-start=\"712\" data-end=\"749\">Cristal: Zafiro con lente Cyclops<\/li>\n<li data-section-id=\"1t6rh5d\" data-start=\"750\" data-end=\"804\">Movimiento: Autom\u00e1tico GMT clonado (seg\u00fan calidad)<\/li>\n<li data-section-id=\"1jsiq84\" data-start=\"805\" data-end=\"880\">Funciones: Hora, minutos, segundero, fecha y segundo huso horario (GMT)<\/li>\n<li data-section-id=\"379tzt\" data-start=\"881\" data-end=\"922\">Dial: Negro con \u00edndices luminiscentes<\/li>\n<li data-section-id=\"8zi7ea\" data-start=\"923\" data-end=\"979\">Bisel: Cer\u00e1mico bicolor marr\u00f3n\/negro (bidireccional)<\/li>\n<li data-section-id=\"1s2d7l5\" data-start=\"980\" data-end=\"1001\">Aguja GMT: Dorada<\/li>\n<li data-section-id=\"1ekqbba\" data-start=\"1002\" data-end=\"1056\">Pulsera: Oyster o Jubilee (a elecci\u00f3n del cliente)<\/li>\n<li data-section-id=\"1nw1wz4\" data-start=\"1057\" data-end=\"1085\">Hermeticidad: 100 metros<\/li>\n<\/ul>\n<hr data-start=\"1087\" data-end=\"1090\" \/>\n<p data-start=\"1092\" data-end=\"1118\"><strong data-start=\"1092\" data-end=\"1118\">Calidades Disponibles:<\/strong><\/p>\n<ul data-start=\"1120\" data-end=\"1662\">\n<li data-section-id=\"lapesm\" data-start=\"1120\" data-end=\"1275\"><strong data-start=\"1122\" data-end=\"1130\">AAA+<\/strong>: Acero 904L (aleaci\u00f3n baja), cristal de zafiro, 21,600 alternancias, movimiento b\u00e1sico (funci\u00f3n GMT est\u00e9tica) (no recomendable, sin reparaci\u00f3n).<\/li>\n<li data-section-id=\"2vio0y\" data-start=\"1277\" data-end=\"1444\"><strong data-start=\"1279\" data-end=\"1287\">CLON<\/strong>: Acero 904L (aleaci\u00f3n media), cristal de zafiro, Miyota super (Japon\u00e9s, gama alta de Miyota), 21,600 alternancias, funci\u00f3n GMT funcional b\u00e1sica (reparable).<\/li>\n<li data-section-id=\"1m9fmzz\" data-start=\"1446\" data-end=\"1662\"><strong data-start=\"1448\" data-end=\"1461\">SUPERCLON<\/strong>: Acero 904L (aleaci\u00f3n alta), cristal de zafiro, maquinaria suiza completamente replicada del original (Cal. 3285), 28,800 alternancias, funci\u00f3n GMT completamente funcional e independiente (reparable).<\/li>\n<\/ul>\n<hr data-start=\"1664\" data-end=\"1667\" \/>\n<p data-start=\"1669\" data-end=\"1880\"><strong data-start=\"1669\" data-end=\"1716\">\u00bfPor qu\u00e9 elegir el GMT \u201cRoot Beer Everose\u201d?<\/strong><br data-start=\"1716\" data-end=\"1719\" \/>\u2714 Combinaci\u00f3n elegante acero + oro Everose<br data-start=\"1761\" data-end=\"1764\" \/>\u2714 Bisel marr\u00f3n\/negro muy exclusivo<br data-start=\"1798\" data-end=\"1801\" \/>\u2714 Funci\u00f3n GMT real en SUPERCLON<br data-start=\"1832\" data-end=\"1835\" \/>\u2714 Perfecto para destacar con estilo premium<\/p>\n<hr data-start=\"1882\" data-end=\"1885\" \/>\n<p data-start=\"1887\" data-end=\"1928\">\ud83d\ude80 <strong data-start=\"1890\" data-end=\"1926\">Env\u00edo Seguro + Garant\u00eda Incluida<\/strong><\/p>\n<ul data-start=\"1929\" data-end=\"2095\">\n<li data-section-id=\"9no3xw\" data-start=\"1929\" data-end=\"1964\">Env\u00edo internacional con rastreo<\/li>\n<li data-section-id=\"10ghcmj\" data-start=\"1965\" data-end=\"2012\">Garant\u00eda de 30 d\u00edas por defectos de f\u00e1brica<\/li>\n<li data-section-id=\"znaodm\" data-start=\"2013\" data-end=\"2053\">Soporte 24\/7 en espa\u00f1ol v\u00eda WhatsApp<\/li>\n<li data-section-id=\"155dy12\" data-start=\"2054\" data-end=\"2095\">Pagos 100% protegidos con cifrado SSL<\/li>\n<\/ul>\n<hr data-start=\"2097\" data-end=\"2100\" \/>\n<p data-start=\"2102\" data-end=\"2161\" data-is-last-node=\"\" data-is-only-node=\"\">\ud83d\udfe4\u26ab\ud83c\udf39 <strong data-start=\"2108\" data-end=\"2161\" data-is-last-node=\"\">El GMT m\u00e1s elegante con esencia moderna de Rolex.<\/strong><\/p>\n<\/div>\n<\/div>\n<\/div>\n<\/div>\n<div class=\"z-0 flex min-h-[46px] justify-start\"><\/div>\n<div class=\"mt-3 w-full empty:hidden\">\n<div class=\"text-center\"><\/div>\n<\/div>\n<\/div>\n<\/div>\n<\/section>\n<\/div>\n<div class=\"pointer-events-none h-px w-px absolute bottom-0\" aria-hidden=\"true\" data-edge=\"true\"><\/div>\n","protected":false},"excerpt":{"rendered":"<p>Rolex GMT-Master II \u201cRoot Beer Everose\u201d Black Dial \u2013 Ref. 126711CHNRR\u00e9plica Suiza 1:1 en acero 904L con ba\u00f1o en oro Everose 18k y bisel cer\u00e1mico marr\u00f3n\/negro El GMT-Master II \u201cRoot Beer Everose\u201d destaca por su combinaci\u00f3n elegante de acero y tonos c\u00e1lidos en oro. El bisel cer\u00e1mico marr\u00f3n y negro junto con los detalles en [&hellip;]<\/p>\n","protected":false},"featured_media":4314,"template":"","meta":{"_acf_changed":false,"om_disable_all_campaigns":false,"_uag_custom_page_level_css":"","_monsterinsights_skip_tracking":false,"_monsterinsights_sitenote_active":false,"_monsterinsights_sitenote_note":"","_monsterinsights_sitenote_category":0,"site-sidebar-layout":"default","site-content-layout":"","ast-site-content-layout":"default","site-content-style":"default","site-sidebar-style":"default","ast-global-header-display":"","ast-banner-title-visibility":"","ast-main-header-display":"","ast-hfb-above-header-display":"","ast-hfb-below-header-display":"","ast-hfb-mobile-header-display":"","site-post-title":"","ast-breadcrumbs-content":"","ast-featured-img":"","footer-sml-layout":"","ast-disable-related-posts":"","theme-transparent-header-meta":"default","adv-header-id-meta":"","stick-header-meta":"","header-above-stick-meta":"","header-main-stick-meta":"","header-below-stick-meta":"","astra-migrate-meta-layouts":"set","ast-page-background-enabled":"default","ast-page-background-meta":{"desktop":{"background-color":"var(--ast-global-color-4)","background-image":"","background-repeat":"repeat","background-position":"center center","background-size":"auto","background-attachment":"scroll","background-type":"","background-media":"","overlay-type":"","overlay-color":"","overlay-opacity":"","overlay-gradient":""},"tablet":{"background-color":"","background-image":"","background-repeat":"repeat","background-position":"center center","background-size":"auto","background-attachment":"scroll","background-type":"","background-media":"","overlay-type":"","overlay-color":"","overlay-opacity":"","overlay-gradient":""},"mobile":{"background-color":"","background-image":"","background-repeat":"repeat","background-position":"center center","background-size":"auto","background-attachment":"scroll","background-type":"","background-media":"","overlay-type":"","overlay-color":"","overlay-opacity":"","overlay-gradient":""}},"ast-content-background-meta":{"desktop":{"background-color":"var(--ast-global-color-5)","background-image":"","background-repeat":"repeat","background-position":"center center","background-size":"auto","background-attachment":"scroll","background-type":"","background-media":"","overlay-type":"","overlay-color":"","overlay-opacity":"","overlay-gradient":""},"tablet":{"background-color":"var(--ast-global-color-5)","background-image":"","background-repeat":"repeat","background-position":"center center","background-size":"auto","background-attachment":"scroll","background-type":"","background-media":"","overlay-type":"","overlay-color":"","overlay-opacity":"","overlay-gradient":""},"mobile":{"background-color":"var(--ast-global-color-5)","background-image":"","background-repeat":"repeat","background-position":"center center","background-size":"auto","background-attachment":"scroll","background-type":"","background-media":"","overlay-type":"","overlay-color":"","overlay-opacity":"","overlay-gradient":""}}},"product_brand":[],"product_cat":[27],"product_tag":[],"class_list":{"0":"post-4260","1":"product","2":"type-product","3":"status-publish","4":"has-post-thumbnail","6":"product_cat-rolex","7":"desktop-align-left","8":"tablet-align-left","9":"mobile-align-left","11":"first","12":"instock","13":"shipping-taxable","14":"purchasable","15":"product-type-variable"},"acf":[],"uagb_featured_image_src":{"full":["https:\/\/clonsuizo.com\/wp-content\/uploads\/2025\/05\/Rolex-GMT-Master-II-gold-jubilee-21.png",1030,1030,false],"thumbnail":["https:\/\/clonsuizo.com\/wp-content\/uploads\/2025\/05\/Rolex-GMT-Master-II-gold-jubilee-21-150x150.png",150,150,true],"medium":["https:\/\/clonsuizo.com\/wp-content\/uploads\/2025\/05\/Rolex-GMT-Master-II-gold-jubilee-21-300x300.png",300,300,true],"medium_large":["https:\/\/clonsuizo.com\/wp-content\/uploads\/2025\/05\/Rolex-GMT-Master-II-gold-jubilee-21-768x768.png",768,768,true],"large":["https:\/\/clonsuizo.com\/wp-content\/uploads\/2025\/05\/Rolex-GMT-Master-II-gold-jubilee-21-1024x1024.png",1024,1024,true],"1536x1536":["https:\/\/clonsuizo.com\/wp-content\/uploads\/2025\/05\/Rolex-GMT-Master-II-gold-jubilee-21.png",1030,1030,false],"2048x2048":["https:\/\/clonsuizo.com\/wp-content\/uploads\/2025\/05\/Rolex-GMT-Master-II-gold-jubilee-21.png",1030,1030,false],"mailpoet_newsletter_max":["https:\/\/clonsuizo.com\/wp-content\/uploads\/2025\/05\/Rolex-GMT-Master-II-gold-jubilee-21.png",1030,1030,false],"woocommerce_thumbnail":["https:\/\/clonsuizo.com\/wp-content\/uploads\/2025\/05\/Rolex-GMT-Master-II-gold-jubilee-21-420x420.png",420,420,true],"woocommerce_single":["https:\/\/clonsuizo.com\/wp-content\/uploads\/2025\/05\/Rolex-GMT-Master-II-gold-jubilee-21-380x380.png",380,380,true],"woocommerce_gallery_thumbnail":["https:\/\/clonsuizo.com\/wp-content\/uploads\/2025\/05\/Rolex-GMT-Master-II-gold-jubilee-21-100x100.png",100,100,true],"variation_swatches_image_size":["https:\/\/clonsuizo.com\/wp-content\/uploads\/2025\/05\/Rolex-GMT-Master-II-gold-jubilee-21-50x50.png",50,50,true],"variation_swatches_tooltip_size":["https:\/\/clonsuizo.com\/wp-content\/uploads\/2025\/05\/Rolex-GMT-Master-II-gold-jubilee-21-100x100.png",100,100,true]},"uagb_author_info":{"display_name":"clonsuizo.com","author_link":"https:\/\/clonsuizo.com\/?author=0"},"uagb_comment_info":0,"uagb_excerpt":"Rolex GMT-Master II \u201cRoot Beer Everose\u201d Black Dial \u2013 Ref. 126711CHNRR\u00e9plica Suiza 1:1 en acero 904L con ba\u00f1o en oro Everose 18k y bisel cer\u00e1mico marr\u00f3n\/negro El GMT-Master II \u201cRoot Beer Everose\u201d destaca por su combinaci\u00f3n elegante de acero y tonos c\u00e1lidos en oro. El bisel cer\u00e1mico marr\u00f3n y negro junto con los detalles en&hellip;","_links":{"self":[{"href":"https:\/\/clonsuizo.com\/index.php?rest_route=\/wp\/v2\/product\/4260","targetHints":{"allow":["GET"]}}],"collection":[{"href":"https:\/\/clonsuizo.com\/index.php?rest_route=\/wp\/v2\/product"}],"about":[{"href":"https:\/\/clonsuizo.com\/index.php?rest_route=\/wp\/v2\/types\/product"}],"version-history":[{"count":3,"href":"https:\/\/clonsuizo.com\/index.php?rest_route=\/wp\/v2\/product\/4260\/revisions"}],"predecessor-version":[{"id":6672,"href":"https:\/\/clonsuizo.com\/index.php?rest_route=\/wp\/v2\/product\/4260\/revisions\/6672"}],"wp:featuredmedia":[{"embeddable":true,"href":"https:\/\/clonsuizo.com\/index.php?rest_route=\/wp\/v2\/media\/4314"}],"wp:attachment":[{"href":"https:\/\/clonsuizo.com\/index.php?rest_route=%2Fwp%2Fv2%2Fmedia&parent=4260"}],"wp:term":[{"taxonomy":"product_brand","embeddable":true,"href":"https:\/\/clonsuizo.com\/index.php?rest_route=%2Fwp%2Fv2%2Fproduct_brand&post=4260"},{"taxonomy":"product_cat","embeddable":true,"href":"https:\/\/clonsuizo.com\/index.php?rest_route=%2Fwp%2Fv2%2Fproduct_cat&post=4260"},{"taxonomy":"product_tag","embeddable":true,"href":"https:\/\/clonsuizo.com\/index.php?rest_route=%2Fwp%2Fv2%2Fproduct_tag&post=4260"}],"curies":[{"name":"wp","href":"https:\/\/api.w.org\/{rel}","templated":true}]}}