{"id":3621,"date":"2024-09-23T02:45:41","date_gmt":"2024-09-23T00:45:41","guid":{"rendered":"https:\/\/clonsuizo.com\/?post_type=product&#038;p=3621"},"modified":"2026-04-20T03:30:25","modified_gmt":"2026-04-20T01:30:25","slug":"yatch-master-acero","status":"publish","type":"product","link":"https:\/\/clonsuizo.com\/?product=yatch-master-acero","title":{"rendered":"ROLEX Yatch Master Acero y Oro Blanco Oyster Flex"},"content":{"rendered":"<div style=\"width: 1920px;\" class=\"wp-video\"><video class=\"wp-video-shortcode\" id=\"video-3621-1\" width=\"1920\" height=\"1080\" preload=\"metadata\" controls=\"controls\"><source type=\"video\/mp4\" src=\"https:\/\/clonsuizo.com\/wp-content\/uploads\/2024\/09\/CFW.105.mp4?_=1\" \/><a href=\"https:\/\/clonsuizo.com\/wp-content\/uploads\/2024\/09\/CFW.105.mp4\">https:\/\/clonsuizo.com\/wp-content\/uploads\/2024\/09\/CFW.105.mp4<\/a><\/video><\/div>\n<p data-start=\"102\" data-end=\"223\"><strong data-start=\"102\" data-end=\"155\">Rolex Yacht-Master Oysterflex Black \u2013 Ref. 226659<\/strong><br data-start=\"155\" data-end=\"158\" \/><em data-start=\"158\" data-end=\"223\">R\u00e9plica Suiza 1:1 en acero 904L con acabado oscuro + Oysterflex<\/em><\/p>\n<p data-start=\"225\" data-end=\"340\">Este modelo destaca por su est\u00e9tica totalmente negra y su look m\u00e1s agresivo. Es de los Yacht-Master m\u00e1s deportivos.<\/p>\n<hr data-start=\"342\" data-end=\"345\" \/>\n<p data-start=\"347\" data-end=\"367\"><strong data-start=\"347\" data-end=\"367\">Caracter\u00edsticas:<\/strong><\/p>\n<ul data-start=\"368\" data-end=\"855\">\n<li data-section-id=\"1tcr479\" data-start=\"368\" data-end=\"425\">Caja: 42 mm, acero 904L (acabado oscuro tipo titanio)<\/li>\n<li data-section-id=\"1ndwqtg\" data-start=\"426\" data-end=\"463\">Cristal: Zafiro con lente Cyclops<\/li>\n<li data-section-id=\"gul3mp\" data-start=\"464\" data-end=\"546\"><strong data-start=\"466\" data-end=\"544\">Grabado l\u00e1ser en el cristal a la altura del \u00edndice de las 6 (corona Rolex)<\/strong><\/li>\n<li data-section-id=\"16xlokt\" data-start=\"547\" data-end=\"581\">Movimiento: Autom\u00e1tico clonado<\/li>\n<li data-section-id=\"133z1tj\" data-start=\"582\" data-end=\"629\">Funciones: Hora, minutos, segundero y fecha<\/li>\n<li data-section-id=\"ygiwar\" data-start=\"630\" data-end=\"645\">Dial: Negro<\/li>\n<li data-section-id=\"1nwlkh4\" data-start=\"646\" data-end=\"702\">Bisel: Cer\u00e1mico negro mate con numeraci\u00f3n en relieve<\/li>\n<li data-section-id=\"1kc44ne\" data-start=\"703\" data-end=\"733\">Agujas: Mercedes con lumen<\/li>\n<li data-section-id=\"1j4kj6r\" data-start=\"734\" data-end=\"789\">Correa: Oysterflex (goma reforzada de alta calidad)<\/li>\n<li data-section-id=\"1ct0zyp\" data-start=\"790\" data-end=\"826\">Cierre: Deployante con seguridad<\/li>\n<li data-section-id=\"1nw1wz4\" data-start=\"827\" data-end=\"855\">Hermeticidad: 100 metros<\/li>\n<\/ul>\n<hr data-start=\"857\" data-end=\"860\" \/>\n<p data-start=\"862\" data-end=\"888\"><strong data-start=\"862\" data-end=\"888\">Calidades Disponibles:<\/strong><\/p>\n<ul data-start=\"890\" data-end=\"1376\">\n<li data-section-id=\"geuksn\" data-start=\"890\" data-end=\"1022\"><strong data-start=\"892\" data-end=\"900\">AAA+<\/strong>: Acero 904L (aleaci\u00f3n baja), cristal de zafiro, 21,600 alternancias, movimiento b\u00e1sico (no recomendable, sin reparaci\u00f3n).<\/li>\n<li data-section-id=\"3best2\" data-start=\"1024\" data-end=\"1174\"><strong data-start=\"1026\" data-end=\"1034\">CLON<\/strong>: Acero 904L (aleaci\u00f3n media), cristal de zafiro, Miyota super (Japon\u00e9s, gama alta), 21,600 alternancias, funcionamiento fiable (reparable).<\/li>\n<li data-section-id=\"vculyq\" data-start=\"1176\" data-end=\"1376\"><strong data-start=\"1178\" data-end=\"1191\">SUPERCLON<\/strong>: Acero 904L (aleaci\u00f3n alta), cristal de zafiro, maquinaria suiza completamente replicada del original (Cal. 3235), 28,800 alternancias, funcionamiento id\u00e9ntico al original (reparable).<\/li>\n<\/ul>\n<hr data-start=\"1378\" data-end=\"1381\" \/>\n<p data-start=\"1383\" data-end=\"1570\"><strong data-start=\"1383\" data-end=\"1415\">\u00bfPor qu\u00e9 elegir este modelo?<\/strong><br data-start=\"1415\" data-end=\"1418\" \/>\ud83d\udda4 Dise\u00f1o full black muy agresivo<br data-start=\"1451\" data-end=\"1454\" \/>\ud83d\udd25 Look m\u00e1s deportivo de la gama Yacht-Master<br data-start=\"1499\" data-end=\"1502\" \/>\ud83d\udcaa Muy c\u00f3modo para uso diario<br data-start=\"1531\" data-end=\"1534\" \/>\ud83d\ude80 Diferente a los cl\u00e1sicos de oro<\/p>\n<hr data-start=\"1572\" data-end=\"1575\" \/>\n<p data-start=\"1577\" data-end=\"1618\">\ud83d\ude80 <strong data-start=\"1580\" data-end=\"1616\">Env\u00edo Seguro + Garant\u00eda Incluida<\/strong><\/p>\n<ul data-start=\"1619\" data-end=\"1770\">\n<li data-section-id=\"1blalr5\" data-start=\"1619\" data-end=\"1658\">Env\u00edo internacional con seguimiento<\/li>\n<li data-section-id=\"10ghcmj\" data-start=\"1659\" data-end=\"1706\">Garant\u00eda de 30 d\u00edas por defectos de f\u00e1brica<\/li>\n<li data-section-id=\"1i2jspg\" data-start=\"1707\" data-end=\"1736\">Soporte 24\/7 v\u00eda WhatsApp<\/li>\n<li data-section-id=\"7x1a4y\" data-start=\"1737\" data-end=\"1770\">Pagos seguros con cifrado SSL<\/li>\n<\/ul>\n<hr data-start=\"1772\" data-end=\"1775\" \/>\n<p data-start=\"1777\" data-end=\"1825\" data-is-last-node=\"\" data-is-only-node=\"\">\ud83d\udc8e <strong data-start=\"1780\" data-end=\"1825\" data-is-last-node=\"\">El Yacht-Master m\u00e1s deportivo y discreto.<\/strong><\/p>\n<h2><\/h2>\n","protected":false},"excerpt":{"rendered":"<p>Rolex Yacht-Master Oysterflex Black \u2013 Ref. 226659R\u00e9plica Suiza 1:1 en acero 904L con acabado oscuro + Oysterflex Este modelo destaca por su est\u00e9tica totalmente negra y su look m\u00e1s agresivo. Es de los Yacht-Master m\u00e1s deportivos. Caracter\u00edsticas: Caja: 42 mm, acero 904L (acabado oscuro tipo titanio) Cristal: Zafiro con lente Cyclops Grabado l\u00e1ser en el [&hellip;]<\/p>\n","protected":false},"featured_media":3626,"template":"","meta":{"_acf_changed":false,"om_disable_all_campaigns":false,"_uag_custom_page_level_css":"","_monsterinsights_skip_tracking":false,"_monsterinsights_sitenote_active":false,"_monsterinsights_sitenote_note":"","_monsterinsights_sitenote_category":0,"site-sidebar-layout":"default","site-content-layout":"","ast-site-content-layout":"default","site-content-style":"default","site-sidebar-style":"default","ast-global-header-display":"","ast-banner-title-visibility":"","ast-main-header-display":"","ast-hfb-above-header-display":"","ast-hfb-below-header-display":"","ast-hfb-mobile-header-display":"","site-post-title":"","ast-breadcrumbs-content":"","ast-featured-img":"","footer-sml-layout":"","ast-disable-related-posts":"","theme-transparent-header-meta":"default","adv-header-id-meta":"","stick-header-meta":"","header-above-stick-meta":"","header-main-stick-meta":"","header-below-stick-meta":"","astra-migrate-meta-layouts":"set","ast-page-background-enabled":"default","ast-page-background-meta":{"desktop":{"background-color":"var(--ast-global-color-4)","background-image":"","background-repeat":"repeat","background-position":"center center","background-size":"auto","background-attachment":"scroll","background-type":"","background-media":"","overlay-type":"","overlay-color":"","overlay-opacity":"","overlay-gradient":""},"tablet":{"background-color":"","background-image":"","background-repeat":"repeat","background-position":"center center","background-size":"auto","background-attachment":"scroll","background-type":"","background-media":"","overlay-type":"","overlay-color":"","overlay-opacity":"","overlay-gradient":""},"mobile":{"background-color":"","background-image":"","background-repeat":"repeat","background-position":"center center","background-size":"auto","background-attachment":"scroll","background-type":"","background-media":"","overlay-type":"","overlay-color":"","overlay-opacity":"","overlay-gradient":""}},"ast-content-background-meta":{"desktop":{"background-color":"var(--ast-global-color-5)","background-image":"","background-repeat":"repeat","background-position":"center center","background-size":"auto","background-attachment":"scroll","background-type":"","background-media":"","overlay-type":"","overlay-color":"","overlay-opacity":"","overlay-gradient":""},"tablet":{"background-color":"var(--ast-global-color-5)","background-image":"","background-repeat":"repeat","background-position":"center center","background-size":"auto","background-attachment":"scroll","background-type":"","background-media":"","overlay-type":"","overlay-color":"","overlay-opacity":"","overlay-gradient":""},"mobile":{"background-color":"var(--ast-global-color-5)","background-image":"","background-repeat":"repeat","background-position":"center center","background-size":"auto","background-attachment":"scroll","background-type":"","background-media":"","overlay-type":"","overlay-color":"","overlay-opacity":"","overlay-gradient":""}}},"product_brand":[],"product_cat":[28,27],"product_tag":[],"class_list":{"0":"post-3621","1":"product","2":"type-product","3":"status-publish","4":"has-post-thumbnail","6":"product_cat-daytona","7":"product_cat-rolex","8":"desktop-align-left","9":"tablet-align-left","10":"mobile-align-left","12":"first","13":"instock","14":"shipping-taxable","15":"purchasable","16":"product-type-variable"},"acf":[],"uagb_featured_image_src":{"full":["https:\/\/clonsuizo.com\/wp-content\/uploads\/2024\/09\/d688f98aaeb22979e876bb4aaf65e023.png",671,605,false],"thumbnail":["https:\/\/clonsuizo.com\/wp-content\/uploads\/2024\/09\/d688f98aaeb22979e876bb4aaf65e023-150x150.png",150,150,true],"medium":["https:\/\/clonsuizo.com\/wp-content\/uploads\/2024\/09\/d688f98aaeb22979e876bb4aaf65e023-300x270.png",300,270,true],"medium_large":["https:\/\/clonsuizo.com\/wp-content\/uploads\/2024\/09\/d688f98aaeb22979e876bb4aaf65e023.png",671,605,false],"large":["https:\/\/clonsuizo.com\/wp-content\/uploads\/2024\/09\/d688f98aaeb22979e876bb4aaf65e023.png",671,605,false],"1536x1536":["https:\/\/clonsuizo.com\/wp-content\/uploads\/2024\/09\/d688f98aaeb22979e876bb4aaf65e023.png",671,605,false],"2048x2048":["https:\/\/clonsuizo.com\/wp-content\/uploads\/2024\/09\/d688f98aaeb22979e876bb4aaf65e023.png",671,605,false],"mailpoet_newsletter_max":["https:\/\/clonsuizo.com\/wp-content\/uploads\/2024\/09\/d688f98aaeb22979e876bb4aaf65e023.png",671,605,false],"woocommerce_thumbnail":["https:\/\/clonsuizo.com\/wp-content\/uploads\/2024\/09\/d688f98aaeb22979e876bb4aaf65e023-420x420.png",420,420,true],"woocommerce_single":["https:\/\/clonsuizo.com\/wp-content\/uploads\/2024\/09\/d688f98aaeb22979e876bb4aaf65e023-380x343.png",380,343,true],"woocommerce_gallery_thumbnail":["https:\/\/clonsuizo.com\/wp-content\/uploads\/2024\/09\/d688f98aaeb22979e876bb4aaf65e023-100x100.png",100,100,true],"variation_swatches_image_size":["https:\/\/clonsuizo.com\/wp-content\/uploads\/2024\/09\/d688f98aaeb22979e876bb4aaf65e023-50x50.png",50,50,true],"variation_swatches_tooltip_size":["https:\/\/clonsuizo.com\/wp-content\/uploads\/2024\/09\/d688f98aaeb22979e876bb4aaf65e023-100x100.png",100,100,true]},"uagb_author_info":{"display_name":"clonsuizo.com","author_link":"https:\/\/clonsuizo.com\/?author=0"},"uagb_comment_info":0,"uagb_excerpt":"Rolex Yacht-Master Oysterflex Black \u2013 Ref. 226659R\u00e9plica Suiza 1:1 en acero 904L con acabado oscuro + Oysterflex Este modelo destaca por su est\u00e9tica totalmente negra y su look m\u00e1s agresivo. Es de los Yacht-Master m\u00e1s deportivos. Caracter\u00edsticas: Caja: 42 mm, acero 904L (acabado oscuro tipo titanio) Cristal: Zafiro con lente Cyclops Grabado l\u00e1ser en el&hellip;","_links":{"self":[{"href":"https:\/\/clonsuizo.com\/index.php?rest_route=\/wp\/v2\/product\/3621","targetHints":{"allow":["GET"]}}],"collection":[{"href":"https:\/\/clonsuizo.com\/index.php?rest_route=\/wp\/v2\/product"}],"about":[{"href":"https:\/\/clonsuizo.com\/index.php?rest_route=\/wp\/v2\/types\/product"}],"version-history":[{"count":6,"href":"https:\/\/clonsuizo.com\/index.php?rest_route=\/wp\/v2\/product\/3621\/revisions"}],"predecessor-version":[{"id":6032,"href":"https:\/\/clonsuizo.com\/index.php?rest_route=\/wp\/v2\/product\/3621\/revisions\/6032"}],"wp:featuredmedia":[{"embeddable":true,"href":"https:\/\/clonsuizo.com\/index.php?rest_route=\/wp\/v2\/media\/3626"}],"wp:attachment":[{"href":"https:\/\/clonsuizo.com\/index.php?rest_route=%2Fwp%2Fv2%2Fmedia&parent=3621"}],"wp:term":[{"taxonomy":"product_brand","embeddable":true,"href":"https:\/\/clonsuizo.com\/index.php?rest_route=%2Fwp%2Fv2%2Fproduct_brand&post=3621"},{"taxonomy":"product_cat","embeddable":true,"href":"https:\/\/clonsuizo.com\/index.php?rest_route=%2Fwp%2Fv2%2Fproduct_cat&post=3621"},{"taxonomy":"product_tag","embeddable":true,"href":"https:\/\/clonsuizo.com\/index.php?rest_route=%2Fwp%2Fv2%2Fproduct_tag&post=3621"}],"curies":[{"name":"wp","href":"https:\/\/api.w.org\/{rel}","templated":true}]}}