{"id":2265,"date":"2024-04-07T02:10:31","date_gmt":"2024-04-07T00:10:31","guid":{"rendered":"https:\/\/clonsuizo.com\/?post_type=product&#038;p=2265"},"modified":"2025-05-05T13:40:43","modified_gmt":"2025-05-05T11:40:43","slug":"royal-oak-oro-rosa-y-azul","status":"publish","type":"product","link":"https:\/\/clonsuizo.com\/?product=royal-oak-oro-rosa-y-azul","title":{"rendered":"ROYAL OAK ORO ROSA Y AZUL"},"content":{"rendered":"<div class=\"elementor-element elementor-element-b730d7a elementor-widget elementor-widget-heading\" data-id=\"b730d7a\" data-element_type=\"widget\" data-widget_type=\"heading.default\">\n<div class=\"elementor-widget-container\">\n<h2 class=\"elementor-heading-title elementor-size-default\">Descripci\u00f3n<\/h2>\n<\/div>\n<\/div>\n<div class=\"elementor-element elementor-element-8410157 elementor-widget elementor-widget-woocommerce-product-content\" data-id=\"8410157\" data-element_type=\"widget\" data-widget_type=\"woocommerce-product-content.default\">\n<div class=\"elementor-widget-container\">\n<div class=\"speechify-ehpshd\"><span class=\"speechify-1pieqac\">Audemars Piguet Royal<\/span><\/div>\n<p><span id=\"speechify-first-word-listening-nudge-root-0\"><\/span><span id=\"speechify-first-word-listening-nudge-0\">Audemars Piguet Royal<\/span>\u00a0Oak<br \/>\n41mm 15500587.00.1220ST.03<\/p>\n<p><span id=\"speechify-first-word-listening-nudge-root-1\"><\/span><span id=\"speechify-first-word-listening-nudge-1\">1: 1 Mejor<\/span> Edici\u00f3n Dial Azul Texturizado Pulsera Oro Rosa Calibre S\u00faper Clon 4302 (Caja incluida )<\/p>\n<p><span id=\"speechify-first-word-listening-nudge-root-2\"><\/span><span id=\"speechify-first-word-listening-nudge-2\">El di\u00e1metro exterior<\/span>\u00a0de la superficie del dial es el mismo que el original. Hemos actualizado la fuente de superficie de movimiento para que sea m\u00e1s s\u00f3lida y completa.<\/p>\n<p><span id=\"speechify-first-word-listening-nudge-root-3\"><\/span><span id=\"speechify-first-word-listening-nudge-3\">El tama\u00f1o del<\/span>\u00a0movimiento igualmente se actualiz\u00f3 y es el mismo que el original de 32 mm.<\/p>\n<p><span id=\"speechify-first-word-listening-nudge-root-4\"><\/span><span id=\"speechify-first-word-listening-nudge-4\">Tama\u00f1o: 41 mm<\/span>\u00a0x 10.5 mm (igual que el original)<\/p>\n<p><span id=\"speechify-first-word-listening-nudge-root-5\"><\/span><span id=\"speechify-first-word-listening-nudge-5\">Movimiento: movimiento base<\/span>\u00a0autom\u00e1tico japon\u00e9s MIYOTA<br \/>\n9015 de 24 rub\u00edes a 28800 alternancias por hora (misma<br \/>\nestabilidad que los movimientos suizos ETA) Decoraci\u00f3n:<br \/>\nplaca de movimiento y rotor chapados en platino que est\u00e1n<br \/>\nhechos de acuerdo con el movimiento genuino, el<br \/>\nmovimiento AP Calibre 4302 m\u00e1s preciso al genuino<\/p>\n<p><span id=\"speechify-first-word-listening-nudge-root-6\"><\/span><span id=\"speechify-first-word-listening-nudge-6\">Funciones: visualizaci\u00f3n de<\/span>\u00a0horas, minutos, segundos y<br \/>\nfecha<\/p>\n<p><span id=\"speechify-first-word-listening-nudge-root-7\"><\/span><span id=\"speechify-first-word-listening-nudge-7\">Caja: caja de<\/span>\u00a0acero inoxidable 316L replicado s\u00f3lido 1: 1,<br \/>\nla misma construcci\u00f3n que la genuina<\/p>\n<p><span id=\"speechify-first-word-listening-nudge-root-8\"><\/span><span id=\"speechify-first-word-listening-nudge-8\">Cristal: cristal de<\/span>\u00a0zafiro a prueba de ara\u00f1azos con<br \/>\nrevestimiento antirreflectante incoloro<\/p>\n<p><span id=\"speechify-first-word-listening-nudge-root-9\"><\/span><span id=\"speechify-first-word-listening-nudge-9\">Esfera: esfera texturizada<\/span>\u00a0negra superluida con acabado<br \/>\npulido igual que el original. Juego de agujas suizo.<\/p>\n<p><span id=\"speechify-first-word-listening-nudge-root-10\"><\/span><span id=\"speechify-first-word-listening-nudge-10\">Bisel: bisel de<\/span>\u00a0acero inoxidable cepillado \/ pulido (misma<br \/>\ntextura cepillada y construcci\u00f3n que la genuina) con<br \/>\ntornillos embellecedores de bisel como genuino<\/p>\n<p><span id=\"speechify-first-word-listening-nudge-root-11\"><\/span><span id=\"speechify-first-word-listening-nudge-11\">Correa: pulsera de<\/span>\u00a0acero inoxidable de s\u00faper alta calidad,<br \/>\nm\u00e1s lisa y suave<\/p>\n<p><span id=\"speechify-first-word-listening-nudge-root-12\"><\/span><span id=\"speechify-first-word-listening-nudge-12\">Cierre: doble hebilla<\/span>\u00a0desplegable (mismo grabado profundo<br \/>\nque el genuino), el mejor cierre AP en este momento<\/p>\n<p><span id=\"speechify-first-word-listening-nudge-root-13\"><\/span><span id=\"speechify-first-word-listening-nudge-13\">Resistencia al agua:<\/span>\u00a0&gt; 50 metros<\/p>\n<\/div>\n<\/div>\n","protected":false},"excerpt":{"rendered":"<p>Descripci\u00f3n Audemars Piguet Royal Audemars Piguet Royal\u00a0Oak 41mm 15500587.00.1220ST.03 1: 1 Mejor Edici\u00f3n Dial Azul Texturizado Pulsera Oro Rosa Calibre S\u00faper Clon 4302 (Caja incluida ) El di\u00e1metro exterior\u00a0de la superficie del dial es el mismo que el original. Hemos actualizado la fuente de superficie de movimiento para que sea m\u00e1s s\u00f3lida y completa. El [&hellip;]<\/p>\n","protected":false},"featured_media":2266,"template":"","meta":{"_acf_changed":false,"om_disable_all_campaigns":false,"_uag_custom_page_level_css":"","_monsterinsights_skip_tracking":false,"_monsterinsights_sitenote_active":false,"_monsterinsights_sitenote_note":"","_monsterinsights_sitenote_category":0,"site-sidebar-layout":"default","site-content-layout":"","ast-site-content-layout":"default","site-content-style":"default","site-sidebar-style":"default","ast-global-header-display":"","ast-banner-title-visibility":"","ast-main-header-display":"","ast-hfb-above-header-display":"","ast-hfb-below-header-display":"","ast-hfb-mobile-header-display":"","site-post-title":"","ast-breadcrumbs-content":"","ast-featured-img":"","footer-sml-layout":"","ast-disable-related-posts":"","theme-transparent-header-meta":"default","adv-header-id-meta":"","stick-header-meta":"","header-above-stick-meta":"","header-main-stick-meta":"","header-below-stick-meta":"","astra-migrate-meta-layouts":"set","ast-page-background-enabled":"default","ast-page-background-meta":{"desktop":{"background-color":"var(--ast-global-color-4)","background-image":"","background-repeat":"repeat","background-position":"center center","background-size":"auto","background-attachment":"scroll","background-type":"","background-media":"","overlay-type":"","overlay-color":"","overlay-opacity":"","overlay-gradient":""},"tablet":{"background-color":"","background-image":"","background-repeat":"repeat","background-position":"center center","background-size":"auto","background-attachment":"scroll","background-type":"","background-media":"","overlay-type":"","overlay-color":"","overlay-opacity":"","overlay-gradient":""},"mobile":{"background-color":"","background-image":"","background-repeat":"repeat","background-position":"center center","background-size":"auto","background-attachment":"scroll","background-type":"","background-media":"","overlay-type":"","overlay-color":"","overlay-opacity":"","overlay-gradient":""}},"ast-content-background-meta":{"desktop":{"background-color":"var(--ast-global-color-5)","background-image":"","background-repeat":"repeat","background-position":"center center","background-size":"auto","background-attachment":"scroll","background-type":"","background-media":"","overlay-type":"","overlay-color":"","overlay-opacity":"","overlay-gradient":""},"tablet":{"background-color":"var(--ast-global-color-5)","background-image":"","background-repeat":"repeat","background-position":"center center","background-size":"auto","background-attachment":"scroll","background-type":"","background-media":"","overlay-type":"","overlay-color":"","overlay-opacity":"","overlay-gradient":""},"mobile":{"background-color":"var(--ast-global-color-5)","background-image":"","background-repeat":"repeat","background-position":"center center","background-size":"auto","background-attachment":"scroll","background-type":"","background-media":"","overlay-type":"","overlay-color":"","overlay-opacity":"","overlay-gradient":""}}},"product_brand":[],"product_cat":[35],"product_tag":[],"class_list":{"0":"post-2265","1":"product","2":"type-product","3":"status-publish","4":"has-post-thumbnail","6":"product_cat-audemars-piguet","7":"desktop-align-left","8":"tablet-align-left","9":"mobile-align-left","11":"first","12":"instock","13":"shipping-taxable","14":"purchasable","15":"product-type-variable"},"acf":[],"uagb_featured_image_src":{"full":["https:\/\/clonsuizo.com\/wp-content\/uploads\/2024\/04\/m52yybwc.bmp",417,353,false],"thumbnail":["https:\/\/clonsuizo.com\/wp-content\/uploads\/2024\/04\/m52yybwc-150x150.jpg",150,150,true],"medium":["https:\/\/clonsuizo.com\/wp-content\/uploads\/2024\/04\/m52yybwc-300x254.jpg",300,254,true],"medium_large":["https:\/\/clonsuizo.com\/wp-content\/uploads\/2024\/04\/m52yybwc.bmp",417,353,false],"large":["https:\/\/clonsuizo.com\/wp-content\/uploads\/2024\/04\/m52yybwc.bmp",417,353,false],"1536x1536":["https:\/\/clonsuizo.com\/wp-content\/uploads\/2024\/04\/m52yybwc.bmp",417,353,false],"2048x2048":["https:\/\/clonsuizo.com\/wp-content\/uploads\/2024\/04\/m52yybwc.bmp",417,353,false],"mailpoet_newsletter_max":["https:\/\/clonsuizo.com\/wp-content\/uploads\/2024\/04\/m52yybwc.bmp",417,353,false],"woocommerce_thumbnail":["https:\/\/clonsuizo.com\/wp-content\/uploads\/2024\/04\/m52yybwc.bmp",417,353,false],"woocommerce_single":["https:\/\/clonsuizo.com\/wp-content\/uploads\/2024\/04\/m52yybwc-380x322.jpg",380,322,true],"woocommerce_gallery_thumbnail":["https:\/\/clonsuizo.com\/wp-content\/uploads\/2024\/04\/m52yybwc-100x100.jpg",100,100,true],"variation_swatches_image_size":["https:\/\/clonsuizo.com\/wp-content\/uploads\/2024\/04\/m52yybwc.bmp",50,42,false],"variation_swatches_tooltip_size":["https:\/\/clonsuizo.com\/wp-content\/uploads\/2024\/04\/m52yybwc.bmp",100,85,false]},"uagb_author_info":{"display_name":"clonsuizo.com","author_link":"https:\/\/clonsuizo.com\/?author=0"},"uagb_comment_info":0,"uagb_excerpt":"Descripci\u00f3n Audemars Piguet Royal Audemars Piguet Royal\u00a0Oak 41mm 15500587.00.1220ST.03 1: 1 Mejor Edici\u00f3n Dial Azul Texturizado Pulsera Oro Rosa Calibre S\u00faper Clon 4302 (Caja incluida ) El di\u00e1metro exterior\u00a0de la superficie del dial es el mismo que el original. Hemos actualizado la fuente de superficie de movimiento para que sea m\u00e1s s\u00f3lida y completa. El&hellip;","_links":{"self":[{"href":"https:\/\/clonsuizo.com\/index.php?rest_route=\/wp\/v2\/product\/2265","targetHints":{"allow":["GET"]}}],"collection":[{"href":"https:\/\/clonsuizo.com\/index.php?rest_route=\/wp\/v2\/product"}],"about":[{"href":"https:\/\/clonsuizo.com\/index.php?rest_route=\/wp\/v2\/types\/product"}],"version-history":[{"count":1,"href":"https:\/\/clonsuizo.com\/index.php?rest_route=\/wp\/v2\/product\/2265\/revisions"}],"predecessor-version":[{"id":3502,"href":"https:\/\/clonsuizo.com\/index.php?rest_route=\/wp\/v2\/product\/2265\/revisions\/3502"}],"wp:featuredmedia":[{"embeddable":true,"href":"https:\/\/clonsuizo.com\/index.php?rest_route=\/wp\/v2\/media\/2266"}],"wp:attachment":[{"href":"https:\/\/clonsuizo.com\/index.php?rest_route=%2Fwp%2Fv2%2Fmedia&parent=2265"}],"wp:term":[{"taxonomy":"product_brand","embeddable":true,"href":"https:\/\/clonsuizo.com\/index.php?rest_route=%2Fwp%2Fv2%2Fproduct_brand&post=2265"},{"taxonomy":"product_cat","embeddable":true,"href":"https:\/\/clonsuizo.com\/index.php?rest_route=%2Fwp%2Fv2%2Fproduct_cat&post=2265"},{"taxonomy":"product_tag","embeddable":true,"href":"https:\/\/clonsuizo.com\/index.php?rest_route=%2Fwp%2Fv2%2Fproduct_tag&post=2265"}],"curies":[{"name":"wp","href":"https:\/\/api.w.org\/{rel}","templated":true}]}}