{"id":1893,"date":"2023-09-10T13:19:14","date_gmt":"2023-09-10T11:19:14","guid":{"rendered":"https:\/\/clonsuizo.com\/?post_type=product&#038;p=1893"},"modified":"2026-03-22T18:08:55","modified_gmt":"2026-03-22T17:08:55","slug":"submariner-starbucks","status":"publish","type":"product","link":"https:\/\/clonsuizo.com\/?product=submariner-starbucks","title":{"rendered":"SUBMARINER STARBUCKS"},"content":{"rendered":"<div style=\"width: 1920px;\" class=\"wp-video\"><video class=\"wp-video-shortcode\" id=\"video-1893-1\" width=\"1920\" height=\"1080\" preload=\"metadata\" controls=\"controls\"><source type=\"video\/mp4\" src=\"http:\/\/clonsuizo.com\/wp-content\/uploads\/2023\/09\/24061443.mp4?_=1\" \/><a href=\"http:\/\/clonsuizo.com\/wp-content\/uploads\/2023\/09\/24061443.mp4\">http:\/\/clonsuizo.com\/wp-content\/uploads\/2023\/09\/24061443.mp4<\/a><\/video><\/div>\n<p data-start=\"86\" data-end=\"184\"><strong data-start=\"86\" data-end=\"148\">Rolex Submariner Date Green Bezel \u201cKermit\u201d \u2013 Ref. 126610LV<\/strong><br data-start=\"148\" data-end=\"151\" \/><em data-start=\"151\" data-end=\"184\">R\u00e9plica Suiza 1:1 en acero 904L<\/em><\/p>\n<p data-start=\"186\" data-end=\"287\">El Kermit combina la elegancia del Submariner negro con un toque distintivo gracias a su bisel verde.<\/p>\n<hr data-start=\"289\" data-end=\"292\" \/>\n<p data-start=\"294\" data-end=\"314\"><strong data-start=\"294\" data-end=\"314\">Caracter\u00edsticas:<\/strong><\/p>\n<ul data-start=\"315\" data-end=\"745\">\n<li data-section-id=\"1s0vutq\" data-start=\"315\" data-end=\"353\">Caja: 41 mm, acero inoxidable 904L<\/li>\n<li data-section-id=\"1ndwqtg\" data-start=\"354\" data-end=\"391\">Cristal: Zafiro con lente Cyclops<\/li>\n<li data-section-id=\"gul3mp\" data-start=\"392\" data-end=\"474\"><strong data-start=\"394\" data-end=\"472\">Grabado l\u00e1ser en el cristal a la altura del \u00edndice de las 6 (corona Rolex)<\/strong><\/li>\n<li data-section-id=\"16xlokt\" data-start=\"475\" data-end=\"509\">Movimiento: Autom\u00e1tico clonado<\/li>\n<li data-section-id=\"133z1tj\" data-start=\"510\" data-end=\"557\">Funciones: Hora, minutos, segundero y fecha<\/li>\n<li data-section-id=\"ygiwar\" data-start=\"558\" data-end=\"573\">Dial: Negro<\/li>\n<li data-section-id=\"6hoamr\" data-start=\"574\" data-end=\"614\">Bisel: Cer\u00e1mico verde unidireccional<\/li>\n<li data-section-id=\"1kc44ne\" data-start=\"615\" data-end=\"645\">Agujas: Mercedes con lumen<\/li>\n<li data-section-id=\"1481fpe\" data-start=\"646\" data-end=\"671\">Pulsera: Oyster acero<\/li>\n<li data-section-id=\"bgsu2z\" data-start=\"672\" data-end=\"716\">Cierre: Oysterlock con sistema Glidelock<\/li>\n<li data-section-id=\"1y14cj6\" data-start=\"717\" data-end=\"745\">Hermeticidad: 300 metros<\/li>\n<\/ul>\n<hr data-start=\"747\" data-end=\"750\" \/>\n<p data-start=\"752\" data-end=\"778\"><strong data-start=\"752\" data-end=\"778\">Calidades Disponibles:<\/strong><\/p>\n<ul data-start=\"780\" data-end=\"1266\">\n<li data-section-id=\"geuksn\" data-start=\"780\" data-end=\"912\"><strong data-start=\"782\" data-end=\"790\">AAA+<\/strong>: Acero 904L (aleaci\u00f3n baja), cristal de zafiro, 21,600 alternancias, movimiento b\u00e1sico (no recomendable, sin reparaci\u00f3n).<\/li>\n<li data-section-id=\"3best2\" data-start=\"914\" data-end=\"1064\"><strong data-start=\"916\" data-end=\"924\">CLON<\/strong>: Acero 904L (aleaci\u00f3n media), cristal de zafiro, Miyota super (Japon\u00e9s, gama alta), 21,600 alternancias, funcionamiento fiable (reparable).<\/li>\n<li data-section-id=\"vculyq\" data-start=\"1066\" data-end=\"1266\"><strong data-start=\"1068\" data-end=\"1081\">SUPERCLON<\/strong>: Acero 904L (aleaci\u00f3n alta), cristal de zafiro, maquinaria suiza completamente replicada del original (Cal. 3235), 28,800 alternancias, funcionamiento id\u00e9ntico al original (reparable).<\/li>\n<\/ul>\n<hr data-start=\"1268\" data-end=\"1271\" \/>\n<p data-start=\"1273\" data-end=\"1475\"><strong data-start=\"1273\" data-end=\"1305\">\u00bfPor qu\u00e9 elegir este modelo?<\/strong><br data-start=\"1305\" data-end=\"1308\" \/>\ud83d\udc9a Toque verde exclusivo (no tan com\u00fan como el negro)<br data-start=\"1361\" data-end=\"1364\" \/>\ud83d\udd25 Muy demandado en el mercado<br data-start=\"1394\" data-end=\"1397\" \/>\ud83d\udc8e Mismo dise\u00f1o ic\u00f3nico con m\u00e1s personalidad<br data-start=\"1441\" data-end=\"1444\" \/>\ud83d\udcc8 Alta reventa y popularidad<\/p>\n<hr data-start=\"1477\" data-end=\"1480\" \/>\n<p data-start=\"1482\" data-end=\"1523\">\ud83d\ude80 <strong data-start=\"1485\" data-end=\"1521\">Env\u00edo Seguro + Garant\u00eda Incluida<\/strong><\/p>\n<ul data-start=\"1524\" data-end=\"1675\">\n<li data-section-id=\"1blalr5\" data-start=\"1524\" data-end=\"1563\">Env\u00edo internacional con seguimiento<\/li>\n<li data-section-id=\"10ghcmj\" data-start=\"1564\" data-end=\"1611\">Garant\u00eda de 30 d\u00edas por defectos de f\u00e1brica<\/li>\n<li data-section-id=\"1i2jspg\" data-start=\"1612\" data-end=\"1641\">Soporte 24\/7 v\u00eda WhatsApp<\/li>\n<li data-section-id=\"7x1a4y\" data-start=\"1642\" data-end=\"1675\">Pagos seguros con cifrado SSL<\/li>\n<\/ul>\n<hr data-start=\"1677\" data-end=\"1680\" \/>\n<p data-start=\"1682\" data-end=\"1734\" data-is-last-node=\"\" data-is-only-node=\"\">\ud83d\udc8e <strong data-start=\"1685\" data-end=\"1734\" data-is-last-node=\"\">El Submariner cl\u00e1sico con un toque diferente.<\/strong><\/p>\n","protected":false},"excerpt":{"rendered":"<p>Rolex Submariner Date Green Bezel \u201cKermit\u201d \u2013 Ref. 126610LVR\u00e9plica Suiza 1:1 en acero 904L El Kermit combina la elegancia del Submariner negro con un toque distintivo gracias a su bisel verde. Caracter\u00edsticas: Caja: 41 mm, acero inoxidable 904L Cristal: Zafiro con lente Cyclops Grabado l\u00e1ser en el cristal a la altura del \u00edndice de las [&hellip;]<\/p>\n","protected":false},"featured_media":3268,"template":"","meta":{"_acf_changed":false,"om_disable_all_campaigns":false,"_uag_custom_page_level_css":"","_monsterinsights_skip_tracking":false,"_monsterinsights_sitenote_active":false,"_monsterinsights_sitenote_note":"","_monsterinsights_sitenote_category":0,"site-sidebar-layout":"default","site-content-layout":"","ast-site-content-layout":"default","site-content-style":"default","site-sidebar-style":"default","ast-global-header-display":"","ast-banner-title-visibility":"","ast-main-header-display":"","ast-hfb-above-header-display":"","ast-hfb-below-header-display":"","ast-hfb-mobile-header-display":"","site-post-title":"","ast-breadcrumbs-content":"","ast-featured-img":"","footer-sml-layout":"","ast-disable-related-posts":"","theme-transparent-header-meta":"default","adv-header-id-meta":"","stick-header-meta":"","header-above-stick-meta":"","header-main-stick-meta":"","header-below-stick-meta":"","astra-migrate-meta-layouts":"set","ast-page-background-enabled":"default","ast-page-background-meta":{"desktop":{"background-color":"var(--ast-global-color-4)","background-image":"","background-repeat":"repeat","background-position":"center center","background-size":"auto","background-attachment":"scroll","background-type":"","background-media":"","overlay-type":"","overlay-color":"","overlay-opacity":"","overlay-gradient":""},"tablet":{"background-color":"","background-image":"","background-repeat":"repeat","background-position":"center center","background-size":"auto","background-attachment":"scroll","background-type":"","background-media":"","overlay-type":"","overlay-color":"","overlay-opacity":"","overlay-gradient":""},"mobile":{"background-color":"","background-image":"","background-repeat":"repeat","background-position":"center center","background-size":"auto","background-attachment":"scroll","background-type":"","background-media":"","overlay-type":"","overlay-color":"","overlay-opacity":"","overlay-gradient":""}},"ast-content-background-meta":{"desktop":{"background-color":"var(--ast-global-color-5)","background-image":"","background-repeat":"repeat","background-position":"center center","background-size":"auto","background-attachment":"scroll","background-type":"","background-media":"","overlay-type":"","overlay-color":"","overlay-opacity":"","overlay-gradient":""},"tablet":{"background-color":"var(--ast-global-color-5)","background-image":"","background-repeat":"repeat","background-position":"center center","background-size":"auto","background-attachment":"scroll","background-type":"","background-media":"","overlay-type":"","overlay-color":"","overlay-opacity":"","overlay-gradient":""},"mobile":{"background-color":"var(--ast-global-color-5)","background-image":"","background-repeat":"repeat","background-position":"center center","background-size":"auto","background-attachment":"scroll","background-type":"","background-media":"","overlay-type":"","overlay-color":"","overlay-opacity":"","overlay-gradient":""}}},"product_brand":[],"product_cat":[27,29,38],"product_tag":[],"class_list":{"0":"post-1893","1":"product","2":"type-product","3":"status-publish","4":"has-post-thumbnail","6":"product_cat-rolex","7":"product_cat-submariner","8":"product_cat-top-ventas","9":"desktop-align-left","10":"tablet-align-left","11":"mobile-align-left","13":"first","14":"instock","15":"shipping-taxable","16":"purchasable","17":"product-type-variable"},"acf":[],"uagb_featured_image_src":{"full":["https:\/\/clonsuizo.com\/wp-content\/uploads\/2023\/09\/6d9cf3fc2bfeee8bfbb5fd4bfff9918f.png",591,578,false],"thumbnail":["https:\/\/clonsuizo.com\/wp-content\/uploads\/2023\/09\/6d9cf3fc2bfeee8bfbb5fd4bfff9918f-150x150.png",150,150,true],"medium":["https:\/\/clonsuizo.com\/wp-content\/uploads\/2023\/09\/6d9cf3fc2bfeee8bfbb5fd4bfff9918f-300x293.png",300,293,true],"medium_large":["https:\/\/clonsuizo.com\/wp-content\/uploads\/2023\/09\/6d9cf3fc2bfeee8bfbb5fd4bfff9918f.png",591,578,false],"large":["https:\/\/clonsuizo.com\/wp-content\/uploads\/2023\/09\/6d9cf3fc2bfeee8bfbb5fd4bfff9918f.png",591,578,false],"1536x1536":["https:\/\/clonsuizo.com\/wp-content\/uploads\/2023\/09\/6d9cf3fc2bfeee8bfbb5fd4bfff9918f.png",591,578,false],"2048x2048":["https:\/\/clonsuizo.com\/wp-content\/uploads\/2023\/09\/6d9cf3fc2bfeee8bfbb5fd4bfff9918f.png",591,578,false],"mailpoet_newsletter_max":["https:\/\/clonsuizo.com\/wp-content\/uploads\/2023\/09\/6d9cf3fc2bfeee8bfbb5fd4bfff9918f.png",591,578,false],"woocommerce_thumbnail":["https:\/\/clonsuizo.com\/wp-content\/uploads\/2023\/09\/6d9cf3fc2bfeee8bfbb5fd4bfff9918f-420x420.png",420,420,true],"woocommerce_single":["https:\/\/clonsuizo.com\/wp-content\/uploads\/2023\/09\/6d9cf3fc2bfeee8bfbb5fd4bfff9918f-380x372.png",380,372,true],"woocommerce_gallery_thumbnail":["https:\/\/clonsuizo.com\/wp-content\/uploads\/2023\/09\/6d9cf3fc2bfeee8bfbb5fd4bfff9918f-100x100.png",100,100,true],"variation_swatches_image_size":["https:\/\/clonsuizo.com\/wp-content\/uploads\/2023\/09\/6d9cf3fc2bfeee8bfbb5fd4bfff9918f-50x50.png",50,50,true],"variation_swatches_tooltip_size":["https:\/\/clonsuizo.com\/wp-content\/uploads\/2023\/09\/6d9cf3fc2bfeee8bfbb5fd4bfff9918f-100x100.png",100,100,true]},"uagb_author_info":{"display_name":"clonsuizo.com","author_link":"https:\/\/clonsuizo.com\/?author=0"},"uagb_comment_info":0,"uagb_excerpt":"Rolex Submariner Date Green Bezel \u201cKermit\u201d \u2013 Ref. 126610LVR\u00e9plica Suiza 1:1 en acero 904L El Kermit combina la elegancia del Submariner negro con un toque distintivo gracias a su bisel verde. Caracter\u00edsticas: Caja: 41 mm, acero inoxidable 904L Cristal: Zafiro con lente Cyclops Grabado l\u00e1ser en el cristal a la altura del \u00edndice de las&hellip;","_links":{"self":[{"href":"https:\/\/clonsuizo.com\/index.php?rest_route=\/wp\/v2\/product\/1893","targetHints":{"allow":["GET"]}}],"collection":[{"href":"https:\/\/clonsuizo.com\/index.php?rest_route=\/wp\/v2\/product"}],"about":[{"href":"https:\/\/clonsuizo.com\/index.php?rest_route=\/wp\/v2\/types\/product"}],"version-history":[{"count":5,"href":"https:\/\/clonsuizo.com\/index.php?rest_route=\/wp\/v2\/product\/1893\/revisions"}],"predecessor-version":[{"id":6034,"href":"https:\/\/clonsuizo.com\/index.php?rest_route=\/wp\/v2\/product\/1893\/revisions\/6034"}],"wp:featuredmedia":[{"embeddable":true,"href":"https:\/\/clonsuizo.com\/index.php?rest_route=\/wp\/v2\/media\/3268"}],"wp:attachment":[{"href":"https:\/\/clonsuizo.com\/index.php?rest_route=%2Fwp%2Fv2%2Fmedia&parent=1893"}],"wp:term":[{"taxonomy":"product_brand","embeddable":true,"href":"https:\/\/clonsuizo.com\/index.php?rest_route=%2Fwp%2Fv2%2Fproduct_brand&post=1893"},{"taxonomy":"product_cat","embeddable":true,"href":"https:\/\/clonsuizo.com\/index.php?rest_route=%2Fwp%2Fv2%2Fproduct_cat&post=1893"},{"taxonomy":"product_tag","embeddable":true,"href":"https:\/\/clonsuizo.com\/index.php?rest_route=%2Fwp%2Fv2%2Fproduct_tag&post=1893"}],"curies":[{"name":"wp","href":"https:\/\/api.w.org\/{rel}","templated":true}]}}