{"id":1795,"date":"2023-09-08T09:21:28","date_gmt":"2023-09-08T07:21:28","guid":{"rendered":"https:\/\/clonsuizo.com\/?post_type=product&#038;p=1795"},"modified":"2026-03-22T18:07:38","modified_gmt":"2026-03-22T17:07:38","slug":"submariner-clasico-plateado-negro-40mm","status":"publish","type":"product","link":"https:\/\/clonsuizo.com\/?product=submariner-clasico-plateado-negro-40mm","title":{"rendered":"Submariner Cl\u00e1sico \/ Negro 41mm"},"content":{"rendered":"<p data-start=\"78\" data-end=\"161\"><strong data-start=\"78\" data-end=\"125\">Rolex Submariner Date Black \u2013 Ref. 126610LN<\/strong><br data-start=\"125\" data-end=\"128\" \/><em data-start=\"128\" data-end=\"161\">R\u00e9plica Suiza 1:1 en acero 904L<\/em><\/p>\n<p data-start=\"163\" data-end=\"262\">El Submariner negro es el Rolex m\u00e1s ic\u00f3nico. Elegante, deportivo y v\u00e1lido para cualquier situaci\u00f3n.<\/p>\n<hr data-start=\"264\" data-end=\"267\" \/>\n<p data-start=\"269\" data-end=\"289\"><strong data-start=\"269\" data-end=\"289\">Caracter\u00edsticas:<\/strong><\/p>\n<ul data-start=\"290\" data-end=\"720\">\n<li data-section-id=\"1s0vutq\" data-start=\"290\" data-end=\"328\">Caja: 41 mm, acero inoxidable 904L<\/li>\n<li data-section-id=\"1ndwqtg\" data-start=\"329\" data-end=\"366\">Cristal: Zafiro con lente Cyclops<\/li>\n<li data-section-id=\"gul3mp\" data-start=\"367\" data-end=\"449\"><strong data-start=\"369\" data-end=\"447\">Grabado l\u00e1ser en el cristal a la altura del \u00edndice de las 6 (corona Rolex)<\/strong><\/li>\n<li data-section-id=\"16xlokt\" data-start=\"450\" data-end=\"484\">Movimiento: Autom\u00e1tico clonado<\/li>\n<li data-section-id=\"133z1tj\" data-start=\"485\" data-end=\"532\">Funciones: Hora, minutos, segundero y fecha<\/li>\n<li data-section-id=\"ygiwar\" data-start=\"533\" data-end=\"548\">Dial: Negro<\/li>\n<li data-section-id=\"tc4ysi\" data-start=\"549\" data-end=\"589\">Bisel: Cer\u00e1mico negro unidireccional<\/li>\n<li data-section-id=\"1kc44ne\" data-start=\"590\" data-end=\"620\">Agujas: Mercedes con lumen<\/li>\n<li data-section-id=\"1481fpe\" data-start=\"621\" data-end=\"646\">Pulsera: Oyster acero<\/li>\n<li data-section-id=\"bgsu2z\" data-start=\"647\" data-end=\"691\">Cierre: Oysterlock con sistema Glidelock<\/li>\n<li data-section-id=\"1y14cj6\" data-start=\"692\" data-end=\"720\">Hermeticidad: 300 metros<\/li>\n<\/ul>\n<hr data-start=\"722\" data-end=\"725\" \/>\n<p data-start=\"727\" data-end=\"753\"><strong data-start=\"727\" data-end=\"753\">Calidades Disponibles:<\/strong><\/p>\n<ul data-start=\"755\" data-end=\"1241\">\n<li data-section-id=\"geuksn\" data-start=\"755\" data-end=\"887\"><strong data-start=\"757\" data-end=\"765\">AAA+<\/strong>: Acero 904L (aleaci\u00f3n baja), cristal de zafiro, 21,600 alternancias, movimiento b\u00e1sico (no recomendable, sin reparaci\u00f3n).<\/li>\n<li data-section-id=\"3best2\" data-start=\"889\" data-end=\"1039\"><strong data-start=\"891\" data-end=\"899\">CLON<\/strong>: Acero 904L (aleaci\u00f3n media), cristal de zafiro, Miyota super (Japon\u00e9s, gama alta), 21,600 alternancias, funcionamiento fiable (reparable).<\/li>\n<li data-section-id=\"vculyq\" data-start=\"1041\" data-end=\"1241\"><strong data-start=\"1043\" data-end=\"1056\">SUPERCLON<\/strong>: Acero 904L (aleaci\u00f3n alta), cristal de zafiro, maquinaria suiza completamente replicada del original (Cal. 3235), 28,800 alternancias, funcionamiento id\u00e9ntico al original (reparable).<\/li>\n<\/ul>\n<hr data-start=\"1243\" data-end=\"1246\" \/>\n<p data-start=\"1248\" data-end=\"1383\"><strong data-start=\"1248\" data-end=\"1280\">\u00bfPor qu\u00e9 elegir este modelo?<\/strong><br data-start=\"1280\" data-end=\"1283\" \/>\ud83d\udda4 El Rolex m\u00e1s ic\u00f3nico<br data-start=\"1306\" data-end=\"1309\" \/>\ud83d\udd25 Combina con todo<br data-start=\"1328\" data-end=\"1331\" \/>\ud83d\udc8e Perfecto para diario<br data-start=\"1354\" data-end=\"1357\" \/>\ud83d\udcc8 Siempre tiene demanda<\/p>\n<hr data-start=\"1385\" data-end=\"1388\" \/>\n<p data-start=\"1390\" data-end=\"1431\">\ud83d\ude80 <strong data-start=\"1393\" data-end=\"1429\">Env\u00edo Seguro + Garant\u00eda Incluida<\/strong><\/p>\n<ul data-start=\"1432\" data-end=\"1583\">\n<li data-section-id=\"1blalr5\" data-start=\"1432\" data-end=\"1471\">Env\u00edo internacional con seguimiento<\/li>\n<li data-section-id=\"10ghcmj\" data-start=\"1472\" data-end=\"1519\">Garant\u00eda de 30 d\u00edas por defectos de f\u00e1brica<\/li>\n<li data-section-id=\"1i2jspg\" data-start=\"1520\" data-end=\"1549\">Soporte 24\/7 v\u00eda WhatsApp<\/li>\n<li data-section-id=\"7x1a4y\" data-start=\"1550\" data-end=\"1583\">Pagos seguros con cifrado SSL<\/li>\n<\/ul>\n<hr data-start=\"1585\" data-end=\"1588\" \/>\n<p data-start=\"1590\" data-end=\"1622\" data-is-last-node=\"\" data-is-only-node=\"\">\ud83d\udc8e <strong data-start=\"1593\" data-end=\"1622\" data-is-last-node=\"\">El reloj que nunca falla.<\/strong><\/p>\n","protected":false},"excerpt":{"rendered":"<p>Rolex Submariner Date Black \u2013 Ref. 126610LNR\u00e9plica Suiza 1:1 en acero 904L El Submariner negro es el Rolex m\u00e1s ic\u00f3nico. Elegante, deportivo y v\u00e1lido para cualquier situaci\u00f3n. Caracter\u00edsticas: Caja: 41 mm, acero inoxidable 904L Cristal: Zafiro con lente Cyclops Grabado l\u00e1ser en el cristal a la altura del \u00edndice de las 6 (corona Rolex) Movimiento: [&hellip;]<\/p>\n","protected":false},"featured_media":3320,"template":"","meta":{"_acf_changed":false,"om_disable_all_campaigns":false,"_uag_custom_page_level_css":"","_monsterinsights_skip_tracking":false,"_monsterinsights_sitenote_active":false,"_monsterinsights_sitenote_note":"","_monsterinsights_sitenote_category":0,"site-sidebar-layout":"default","site-content-layout":"","ast-site-content-layout":"default","site-content-style":"default","site-sidebar-style":"default","ast-global-header-display":"","ast-banner-title-visibility":"","ast-main-header-display":"","ast-hfb-above-header-display":"","ast-hfb-below-header-display":"","ast-hfb-mobile-header-display":"","site-post-title":"","ast-breadcrumbs-content":"","ast-featured-img":"","footer-sml-layout":"","ast-disable-related-posts":"","theme-transparent-header-meta":"default","adv-header-id-meta":"","stick-header-meta":"","header-above-stick-meta":"","header-main-stick-meta":"","header-below-stick-meta":"","astra-migrate-meta-layouts":"set","ast-page-background-enabled":"default","ast-page-background-meta":{"desktop":{"background-color":"var(--ast-global-color-4)","background-image":"","background-repeat":"repeat","background-position":"center center","background-size":"auto","background-attachment":"scroll","background-type":"","background-media":"","overlay-type":"","overlay-color":"","overlay-opacity":"","overlay-gradient":""},"tablet":{"background-color":"","background-image":"","background-repeat":"repeat","background-position":"center center","background-size":"auto","background-attachment":"scroll","background-type":"","background-media":"","overlay-type":"","overlay-color":"","overlay-opacity":"","overlay-gradient":""},"mobile":{"background-color":"","background-image":"","background-repeat":"repeat","background-position":"center center","background-size":"auto","background-attachment":"scroll","background-type":"","background-media":"","overlay-type":"","overlay-color":"","overlay-opacity":"","overlay-gradient":""}},"ast-content-background-meta":{"desktop":{"background-color":"var(--ast-global-color-5)","background-image":"","background-repeat":"repeat","background-position":"center center","background-size":"auto","background-attachment":"scroll","background-type":"","background-media":"","overlay-type":"","overlay-color":"","overlay-opacity":"","overlay-gradient":""},"tablet":{"background-color":"var(--ast-global-color-5)","background-image":"","background-repeat":"repeat","background-position":"center center","background-size":"auto","background-attachment":"scroll","background-type":"","background-media":"","overlay-type":"","overlay-color":"","overlay-opacity":"","overlay-gradient":""},"mobile":{"background-color":"var(--ast-global-color-5)","background-image":"","background-repeat":"repeat","background-position":"center center","background-size":"auto","background-attachment":"scroll","background-type":"","background-media":"","overlay-type":"","overlay-color":"","overlay-opacity":"","overlay-gradient":""}}},"product_brand":[],"product_cat":[27,29,38],"product_tag":[],"class_list":{"0":"post-1795","1":"product","2":"type-product","3":"status-publish","4":"has-post-thumbnail","6":"product_cat-rolex","7":"product_cat-submariner","8":"product_cat-top-ventas","9":"desktop-align-left","10":"tablet-align-left","11":"mobile-align-left","13":"first","14":"instock","15":"shipping-taxable","16":"purchasable","17":"product-type-variable"},"acf":[],"uagb_featured_image_src":{"full":["https:\/\/clonsuizo.com\/wp-content\/uploads\/2023\/09\/5f19b1b0358b87b6aeaaeac0f5dc16e2.png",688,599,false],"thumbnail":["https:\/\/clonsuizo.com\/wp-content\/uploads\/2023\/09\/5f19b1b0358b87b6aeaaeac0f5dc16e2-150x150.png",150,150,true],"medium":["https:\/\/clonsuizo.com\/wp-content\/uploads\/2023\/09\/5f19b1b0358b87b6aeaaeac0f5dc16e2-300x261.png",300,261,true],"medium_large":["https:\/\/clonsuizo.com\/wp-content\/uploads\/2023\/09\/5f19b1b0358b87b6aeaaeac0f5dc16e2.png",688,599,false],"large":["https:\/\/clonsuizo.com\/wp-content\/uploads\/2023\/09\/5f19b1b0358b87b6aeaaeac0f5dc16e2.png",688,599,false],"1536x1536":["https:\/\/clonsuizo.com\/wp-content\/uploads\/2023\/09\/5f19b1b0358b87b6aeaaeac0f5dc16e2.png",688,599,false],"2048x2048":["https:\/\/clonsuizo.com\/wp-content\/uploads\/2023\/09\/5f19b1b0358b87b6aeaaeac0f5dc16e2.png",688,599,false],"mailpoet_newsletter_max":["https:\/\/clonsuizo.com\/wp-content\/uploads\/2023\/09\/5f19b1b0358b87b6aeaaeac0f5dc16e2.png",688,599,false],"woocommerce_thumbnail":["https:\/\/clonsuizo.com\/wp-content\/uploads\/2023\/09\/5f19b1b0358b87b6aeaaeac0f5dc16e2-420x420.png",420,420,true],"woocommerce_single":["https:\/\/clonsuizo.com\/wp-content\/uploads\/2023\/09\/5f19b1b0358b87b6aeaaeac0f5dc16e2-380x331.png",380,331,true],"woocommerce_gallery_thumbnail":["https:\/\/clonsuizo.com\/wp-content\/uploads\/2023\/09\/5f19b1b0358b87b6aeaaeac0f5dc16e2-100x100.png",100,100,true],"variation_swatches_image_size":["https:\/\/clonsuizo.com\/wp-content\/uploads\/2023\/09\/5f19b1b0358b87b6aeaaeac0f5dc16e2-50x50.png",50,50,true],"variation_swatches_tooltip_size":["https:\/\/clonsuizo.com\/wp-content\/uploads\/2023\/09\/5f19b1b0358b87b6aeaaeac0f5dc16e2-100x100.png",100,100,true]},"uagb_author_info":{"display_name":"clonsuizo.com","author_link":"https:\/\/clonsuizo.com\/?author=0"},"uagb_comment_info":0,"uagb_excerpt":"Rolex Submariner Date Black \u2013 Ref. 126610LNR\u00e9plica Suiza 1:1 en acero 904L El Submariner negro es el Rolex m\u00e1s ic\u00f3nico. Elegante, deportivo y v\u00e1lido para cualquier situaci\u00f3n. Caracter\u00edsticas: Caja: 41 mm, acero inoxidable 904L Cristal: Zafiro con lente Cyclops Grabado l\u00e1ser en el cristal a la altura del \u00edndice de las 6 (corona Rolex) Movimiento:&hellip;","_links":{"self":[{"href":"https:\/\/clonsuizo.com\/index.php?rest_route=\/wp\/v2\/product\/1795","targetHints":{"allow":["GET"]}}],"collection":[{"href":"https:\/\/clonsuizo.com\/index.php?rest_route=\/wp\/v2\/product"}],"about":[{"href":"https:\/\/clonsuizo.com\/index.php?rest_route=\/wp\/v2\/types\/product"}],"version-history":[{"count":5,"href":"https:\/\/clonsuizo.com\/index.php?rest_route=\/wp\/v2\/product\/1795\/revisions"}],"predecessor-version":[{"id":6033,"href":"https:\/\/clonsuizo.com\/index.php?rest_route=\/wp\/v2\/product\/1795\/revisions\/6033"}],"wp:featuredmedia":[{"embeddable":true,"href":"https:\/\/clonsuizo.com\/index.php?rest_route=\/wp\/v2\/media\/3320"}],"wp:attachment":[{"href":"https:\/\/clonsuizo.com\/index.php?rest_route=%2Fwp%2Fv2%2Fmedia&parent=1795"}],"wp:term":[{"taxonomy":"product_brand","embeddable":true,"href":"https:\/\/clonsuizo.com\/index.php?rest_route=%2Fwp%2Fv2%2Fproduct_brand&post=1795"},{"taxonomy":"product_cat","embeddable":true,"href":"https:\/\/clonsuizo.com\/index.php?rest_route=%2Fwp%2Fv2%2Fproduct_cat&post=1795"},{"taxonomy":"product_tag","embeddable":true,"href":"https:\/\/clonsuizo.com\/index.php?rest_route=%2Fwp%2Fv2%2Fproduct_tag&post=1795"}],"curies":[{"name":"wp","href":"https:\/\/api.w.org\/{rel}","templated":true}]}}