{"id":3,"date":"2023-09-07T18:19:12","date_gmt":"2023-09-07T16:19:12","guid":{"rendered":"http:\/\/clonsuizo.com\/?page_id=3"},"modified":"2026-03-21T19:22:16","modified_gmt":"2026-03-21T18:22:16","slug":"politica-privacidad","status":"publish","type":"page","link":"https:\/\/clonsuizo.com\/?page_id=3","title":{"rendered":"Pol\u00edtica de privacidad"},"content":{"rendered":"<p>T\u00e9rminos y Condiciones de ClonSuizo.com<\/p>\n<p>\u00daltima actualizaci\u00f3n: [19\/01\/2024].<\/p>\n<ul>\n<li data-section-id=\"98e3o7\" data-start=\"137\" data-end=\"397\"><strong data-start=\"140\" data-end=\"168\">Descripci\u00f3n de Servicios<\/strong>: ClonSuizo.com act\u00faa como intermediario en la venta de r\u00e9plicas de relojes de lujo. Los productos son r\u00e9plicas, no originales. Sin embargo, garantizamos que lo que se entrega coincide con la descripci\u00f3n y las im\u00e1genes de la web.<\/li>\n<li data-section-id=\"bwzvpm\" data-start=\"399\" data-end=\"582\"><strong data-start=\"402\" data-end=\"421\">Uso Responsable<\/strong>: El cliente entiende que adquiere r\u00e9plicas y se compromete a un uso legal. Nosotros garantizamos que las r\u00e9plicas entregadas reflejan lo prometido en la tienda.<\/li>\n<li data-section-id=\"1oawmrq\" data-start=\"584\" data-end=\"750\"><strong data-start=\"587\" data-end=\"608\">Compras y Pedidos<\/strong>: Al realizar una compra, usted paga el precio total. Nos comprometemos a que el producto llegue tal y como se describe en nuestra plataforma.<\/li>\n<li data-section-id=\"meexj7\" data-start=\"752\" data-end=\"970\"><strong data-start=\"755\" data-end=\"774\">Responsabilidad<\/strong>: Si bien no somos fabricantes, s\u00ed nos responsabilizamos de que el reloj que reciba est\u00e9 en perfectas condiciones, tal como lo mostramos. Si no coincidiera, trabajaremos contigo para solucionarlo.<\/li>\n<li data-section-id=\"1u1dm4a\" data-start=\"972\" data-end=\"1109\"><strong data-start=\"975\" data-end=\"989\">Privacidad<\/strong>: Su privacidad es importante para nosotros. Consulte nuestra Pol\u00edtica de Privacidad para saber c\u00f3mo tratamos sus datos.<\/li>\n<li data-section-id=\"g5a2yx\" data-start=\"1111\" data-end=\"1288\"><strong data-start=\"1114\" data-end=\"1155\">Cambios en los T\u00e9rminos y Condiciones<\/strong>: Nos reservamos el derecho de actualizar estos T\u00e9rminos y Condiciones en cualquier momento. Le recomendamos revisarlos regularmente.<\/li>\n<li data-section-id=\"ppdbbx\" data-start=\"1290\" data-end=\"1412\"><strong data-start=\"1293\" data-end=\"1310\">Ley Aplicable<\/strong>: Estos T\u00e9rminos y Condiciones est\u00e1n sujetos a las leyes y regulaciones aplicables en su jurisdicci\u00f3n.<\/li>\n<li data-section-id=\"1m7ij12\" data-start=\"1414\" data-end=\"1581\"><strong data-start=\"67\" data-end=\"79\">Contacto<\/strong>: Si tiene alguna pregunta o inquietud con respecto a estos T\u00e9rminos y Condiciones, puede contactarnos mediante el formulario de contacto, el correo electr\u00f3nico indicado, o a trav\u00e9s del bot\u00f3n de WhatsApp que encontrar\u00e1 en la esquina inferior derecha de nuestra web.<\/li>\n<\/ul>\n","protected":false},"excerpt":{"rendered":"<p>T\u00e9rminos y Condiciones de ClonSuizo.com \u00daltima actualizaci\u00f3n: [19\/01\/2024]. Descripci\u00f3n de Servicios: ClonSuizo.com act\u00faa como intermediario en la venta de r\u00e9plicas de relojes de lujo. Los productos son r\u00e9plicas, no originales. Sin embargo, garantizamos que lo que se entrega coincide con la descripci\u00f3n y las im\u00e1genes de la web. Uso Responsable: El cliente entiende que adquiere [&hellip;]<\/p>\n","protected":false},"author":1,"featured_media":0,"parent":0,"menu_order":0,"comment_status":"closed","ping_status":"open","template":"","meta":{"_acf_changed":false,"om_disable_all_campaigns":false,"_uag_custom_page_level_css":"","_monsterinsights_skip_tracking":false,"_monsterinsights_sitenote_active":false,"_monsterinsights_sitenote_note":"","_monsterinsights_sitenote_category":0,"site-sidebar-layout":"default","site-content-layout":"","ast-site-content-layout":"default","site-content-style":"default","site-sidebar-style":"default","ast-global-header-display":"","ast-banner-title-visibility":"","ast-main-header-display":"","ast-hfb-above-header-display":"","ast-hfb-below-header-display":"","ast-hfb-mobile-header-display":"","site-post-title":"","ast-breadcrumbs-content":"","ast-featured-img":"","footer-sml-layout":"","ast-disable-related-posts":"","theme-transparent-header-meta":"","adv-header-id-meta":"","stick-header-meta":"","header-above-stick-meta":"","header-main-stick-meta":"","header-below-stick-meta":"","astra-migrate-meta-layouts":"set","ast-page-background-enabled":"default","ast-page-background-meta":{"desktop":{"background-color":"var(--ast-global-color-4)","background-image":"","background-repeat":"repeat","background-position":"center center","background-size":"auto","background-attachment":"scroll","background-type":"","background-media":"","overlay-type":"","overlay-color":"","overlay-opacity":"","overlay-gradient":""},"tablet":{"background-color":"","background-image":"","background-repeat":"repeat","background-position":"center center","background-size":"auto","background-attachment":"scroll","background-type":"","background-media":"","overlay-type":"","overlay-color":"","overlay-opacity":"","overlay-gradient":""},"mobile":{"background-color":"","background-image":"","background-repeat":"repeat","background-position":"center center","background-size":"auto","background-attachment":"scroll","background-type":"","background-media":"","overlay-type":"","overlay-color":"","overlay-opacity":"","overlay-gradient":""}},"ast-content-background-meta":{"desktop":{"background-color":"var(--ast-global-color-5)","background-image":"","background-repeat":"repeat","background-position":"center center","background-size":"auto","background-attachment":"scroll","background-type":"","background-media":"","overlay-type":"","overlay-color":"","overlay-opacity":"","overlay-gradient":""},"tablet":{"background-color":"var(--ast-global-color-5)","background-image":"","background-repeat":"repeat","background-position":"center center","background-size":"auto","background-attachment":"scroll","background-type":"","background-media":"","overlay-type":"","overlay-color":"","overlay-opacity":"","overlay-gradient":""},"mobile":{"background-color":"var(--ast-global-color-5)","background-image":"","background-repeat":"repeat","background-position":"center center","background-size":"auto","background-attachment":"scroll","background-type":"","background-media":"","overlay-type":"","overlay-color":"","overlay-opacity":"","overlay-gradient":""}},"footnotes":""},"class_list":["post-3","page","type-page","status-publish","hentry"],"acf":[],"uagb_featured_image_src":{"full":false,"thumbnail":false,"medium":false,"medium_large":false,"large":false,"1536x1536":false,"2048x2048":false,"mailpoet_newsletter_max":false,"woocommerce_thumbnail":false,"woocommerce_single":false,"woocommerce_gallery_thumbnail":false,"variation_swatches_image_size":false,"variation_swatches_tooltip_size":false},"uagb_author_info":{"display_name":"clonsuizo.com","author_link":"https:\/\/clonsuizo.com\/?author=1"},"uagb_comment_info":0,"uagb_excerpt":"T\u00e9rminos y Condiciones de ClonSuizo.com \u00daltima actualizaci\u00f3n: [19\/01\/2024]. Descripci\u00f3n de Servicios: ClonSuizo.com act\u00faa como intermediario en la venta de r\u00e9plicas de relojes de lujo. Los productos son r\u00e9plicas, no originales. Sin embargo, garantizamos que lo que se entrega coincide con la descripci\u00f3n y las im\u00e1genes de la web. Uso Responsable: El cliente entiende que adquiere&hellip;","_links":{"self":[{"href":"https:\/\/clonsuizo.com\/index.php?rest_route=\/wp\/v2\/pages\/3","targetHints":{"allow":["GET"]}}],"collection":[{"href":"https:\/\/clonsuizo.com\/index.php?rest_route=\/wp\/v2\/pages"}],"about":[{"href":"https:\/\/clonsuizo.com\/index.php?rest_route=\/wp\/v2\/types\/page"}],"author":[{"embeddable":true,"href":"https:\/\/clonsuizo.com\/index.php?rest_route=\/wp\/v2\/users\/1"}],"replies":[{"embeddable":true,"href":"https:\/\/clonsuizo.com\/index.php?rest_route=%2Fwp%2Fv2%2Fcomments&post=3"}],"version-history":[{"count":4,"href":"https:\/\/clonsuizo.com\/index.php?rest_route=\/wp\/v2\/pages\/3\/revisions"}],"predecessor-version":[{"id":5958,"href":"https:\/\/clonsuizo.com\/index.php?rest_route=\/wp\/v2\/pages\/3\/revisions\/5958"}],"wp:attachment":[{"href":"https:\/\/clonsuizo.com\/index.php?rest_route=%2Fwp%2Fv2%2Fmedia&parent=3"}],"curies":[{"name":"wp","href":"https:\/\/api.w.org\/{rel}","templated":true}]}}